
{"id":615,"date":"2022-02-06T06:01:00","date_gmt":"2022-02-06T06:01:00","guid":{"rendered":"https:\/\/overline-poetry.de\/?page_id=615"},"modified":"2025-08-27T06:08:43","modified_gmt":"2025-08-27T06:08:43","slug":"jeder-arsch-hat-etwas-zu-sagen","status":"publish","type":"page","link":"https:\/\/overline-poetry.de\/index.php\/jeder-arsch-hat-etwas-zu-sagen\/","title":{"rendered":"Jeder Arsch hat etwas zu sagen"},"content":{"rendered":"\n<p>Wenn H\u00fclsenfr\u00fcchte dehnen sich im Magen,<br>dann hat der Arsch auch bald was zu sagen.<br>Denn der Arsch unaufgefordert laut kritisiert,<br>wenn bl\u00e4hende Kost sich im Ged\u00e4rm verliert.<br><br>Auch Genuss von Erbsen, Linsen und Bohne,<br>erkennt man dann am lauten Verdauungstone.<br>Auch jede Art von Kohl, die werden verdaut,<br>kommentiert er mit Darmger\u00e4uschen laut.<br><br>War das Essen bl\u00e4hend, aber richtig lecker<br>kommentiert er dieses laut mit \u201eGemecker\u201c.<br>Zus\u00e4tzlich noch der \u201ehinterw\u00e4rtige\u201c Versuch,<br>dies zu unterst\u00fctzen mit stinkendem Geruch.<br><br>Zwiebeln f\u00f6rdern sehr den bl\u00e4henden Gestank.<br>Das Gef\u00fchl, als w\u00fcrde man verfaulen oder krank.<br>Wie es sich dann f\u00fcr einen richtigen Arsch geh\u00f6rt,<br>will er auch, dass Nase und Geh\u00f6r sich daran st\u00f6rt<br><br>Der Boss mit den &#8222;dicken Backen&#8220; sehr gerne zeigt,<br>welchem Speisen er unter Protest ist abgeneigt.<br>Wenn Bl\u00e4hungen sich qu\u00e4len durch deinen Darm,<br>dann schl\u00e4gt der Arsch sehr gern und laut Alarm.<br><br>Und wie es sich f\u00fcr einen richtigen Arsch geh\u00f6rt,<br>er auch gerne laut die Stille der Umgebung st\u00f6rt.<br>Am liebsten mag er seine Anwesenheit bekunden<br>in dem er uns verh\u00f6hnt in den sch\u00f6nsten Stunden.<br><br>F\u00e4ngt der Arsch in der Stille laut an zu \u201esprechen\u201c,<br>dann wird sich das schon bald f\u00fcr dich doch r\u00e4chen.<br>Denn sitzt du im Kino, im Theater oder im Lokal,<br>ist der verstr\u00f6mende Geruch nicht die beste Wahl.<br><br>So musst du dich schnell nach drau\u00dfen schleichen,<br>damit die L\u00fcfte k\u00f6nnen unbehindert entweichen.<br>Den dort Anwesenden man erleichtert dann erkl\u00e4rt,<br>dass der Landwirt heute bestimmt die G\u00fclle ausf\u00e4hrt.<br><br>Auch Stress schl\u00e4gt sich auf den Darm und Magen<br>und ist deshalb auch nur schwer f\u00fcr dich zu ertragen.<br>Und dein Arsch, auf dem du mit deinem Stress sitzt,<br>bei Stress auch schon mal \u201eBlut und Wasser&#8220; schwitzt.<br><br>Als Arsch wird ein unbeliebter Mensch auch tituliert,<br>weil in seinem Umfeld solch ein Mensch nur verliert.<br>Hat ein solcher Arsch in deiner Welt nichts verloren,<br>dann bekommt er die Auszeichnung \u201eArsch mit Ohren\u201c.<br><br><strong>\u00a9<\/strong> Rainer Dambroth &#8211; 06.02.2022 &#8211; <strong><a href=\"http:\/\/www.overline-poetry.de\/\">www.overline-poetry.de<\/a><\/strong><\/p>\n\n\n\n<p><\/p>\n","protected":false},"excerpt":{"rendered":"<p>Wenn H\u00fclsenfr\u00fcchte dehnen sich im Magen,dann hat der Arsch auch bald was zu sagen.Denn der Arsch unaufgefordert laut kritisiert,wenn bl\u00e4hende Kost sich im Ged\u00e4rm verliert. Auch Genuss von Erbsen, Linsen und Bohne,erkennt man dann am lauten Verdauungstone.Auch jede Art von Kohl, die werden verdaut,kommentiert er mit Darmger\u00e4uschen laut. War das Essen bl\u00e4hend, aber richtig leckerkommentiert [&hellip;]<\/p>\n","protected":false},"author":1,"featured_media":0,"parent":0,"menu_order":0,"comment_status":"closed","ping_status":"closed","template":"","meta":{"footnotes":""},"class_list":["post-615","page","type-page","status-publish","hentry"],"jetpack_sharing_enabled":true,"_links":{"self":[{"href":"https:\/\/overline-poetry.de\/index.php\/wp-json\/wp\/v2\/pages\/615","targetHints":{"allow":["GET"]}}],"collection":[{"href":"https:\/\/overline-poetry.de\/index.php\/wp-json\/wp\/v2\/pages"}],"about":[{"href":"https:\/\/overline-poetry.de\/index.php\/wp-json\/wp\/v2\/types\/page"}],"author":[{"embeddable":true,"href":"https:\/\/overline-poetry.de\/index.php\/wp-json\/wp\/v2\/users\/1"}],"replies":[{"embeddable":true,"href":"https:\/\/overline-poetry.de\/index.php\/wp-json\/wp\/v2\/comments?post=615"}],"version-history":[{"count":2,"href":"https:\/\/overline-poetry.de\/index.php\/wp-json\/wp\/v2\/pages\/615\/revisions"}],"predecessor-version":[{"id":620,"href":"https:\/\/overline-poetry.de\/index.php\/wp-json\/wp\/v2\/pages\/615\/revisions\/620"}],"wp:attachment":[{"href":"https:\/\/overline-poetry.de\/index.php\/wp-json\/wp\/v2\/media?parent=615"}],"curies":[{"name":"wp","href":"https:\/\/api.w.org\/{rel}","templated":true}]}}