
{"id":623,"date":"2021-05-22T08:47:00","date_gmt":"2021-05-22T08:47:00","guid":{"rendered":"https:\/\/overline-poetry.de\/?page_id=623"},"modified":"2025-08-27T08:50:10","modified_gmt":"2025-08-27T08:50:10","slug":"wir-grillen-und-der-mann-als-grillmaster","status":"publish","type":"page","link":"https:\/\/overline-poetry.de\/index.php\/wir-grillen-und-der-mann-als-grillmaster\/","title":{"rendered":"Wir grillen und der Mann als Grillmaster"},"content":{"rendered":"\n<p>Der Mann sagt zu der Frau: Heute abend wollen wir grillen,<br>du brauchst dann nicht zu kochen und darfst nur &#8222;chillen&#8220;.<br>Liebling, ich feuere f\u00fcr uns unseren Holzkohlegrill dann an<br>und zeige dir, was ich als ein &#8222;Grillmaster&#8220; alles leisten kann.<br><br>Liebling, wir laden f\u00fcr heute abend noch unsere Freunde ein.<br>Du hast doch keine Arbeit und sitzt nicht am Tisch so allein.<br>Als erstes brauchen wir alles, was man zum Grillen braucht.<br>Kannst du es besorgen, ich sorge, dass der Grill dann raucht.<br><br>Ich stelle schon den Grill f\u00fcr das gemeinsame Grillen bereit,<br>deswegen habe ich f\u00fcr das Einkaufen jetzt selbst keine Zeit.<br>Denke an die Getr\u00e4nke und vergiss auch die Grillkohle nicht,<br>denn rohes Fleisch auf dem Grill, schmeckt nun mal nicht.<br><br>W\u00e4hrend ich so warte auf Kohle und das Fleisch f\u00fcr den Grill,<br>entspanne ich mich mit einem Bier, was ich mir jetzt holen will.<br>Ich freue mich, dass ich meine geliebte Frau verw\u00f6hnen kann,<br>denn sie verw\u00f6hnt doch das ganze Jahr, ihren geliebten Mann.<br><br>Die Frau f\u00e4hrt zum Markt und zum Fleischer ihres Vertrauens,<br>denn wenn schon Fleisch, dann nicht &#8222;das Fleisch des Grauens&#8220;.<br>Sie bringt auch die Zutaten mit f\u00fcr den Salat und das Dessert,<br>der Mann verbringt seine Vorbereitungen ganz unbeschwert.<br><br>Das Fleisch und die W\u00fcrstchen kommen vom gl\u00fccklichen Tier.<br>Der Mann bringt sich in Stimmung mit einem weiteren Bier.<br>Die Frau deckt den Tisch ein und stellt schon die Getr\u00e4ne kalt.<br>denn eingeladenen die Freunde kommen an, auch schon bald.<br><br>&#8222;Ich habe mich schon mit einem Bierchen in Stimmung versetzt,<br>dann wirke ich v\u00f6llig entspannt und nicht wie du, so abgehetzt!&#8220;<br>Die geladenen Freunde treffen mit guter Laune bei uns dann ein<br>und meine Frau bietet die Getr\u00e4nke an: Wasser, Bier oder Wein.<br><br>Es geht los und ich lege die W\u00fcrstchen und Fleisch auf das Rost.<br>Ich hebe meine Flasche und rufe zu meinen Freunden ein &#8222;Prost&#8220;.<br>Die Freunde nehmen sich schon mal Brot, So\u00dfen und den Salat,<br>was meine Frau lecker zubereitet und appetitlich angerichtet hat.<br><br>Beim siebten Bierchen verlor ich doch am Grill den \u00dcberblick,<br>das Fleisch brennt etwas an, aber ich habe noch gro\u00dfes Gl\u00fcck.<br>Ich reiche meiner Frau die W\u00fcrstchen und das Fleisch vom Grill<br>Sie reicht den Teller herum und jeder kann nehmen, was er will.<br><br>Nachdem die Freunde gut ges\u00e4ttigt und zufrieden gegangen,<br>habe mittlerweile ich doch mein zehntes Bierchen angefangen.<br>Die Freunde bedankten sich nur bei mir f\u00fcr das leckere Essen.<br>Das meine Frau wesentlich beteiligt war, das wurde vergessen.<br><br>Die Frau r\u00e4umt still den Tisch ab und stellt den Abwasch bereit.<br>Ich r\u00e4ume noch den Grillplatz auf, denn es wird auch jetzt Zeit.<br>Still arbeiten wir nebenander, sie w\u00e4scht noch ab das Geschirr.<br>Die Stimmung wirkt sehr angespannt, was ist jetzt blo\u00df mit ihr.<br><br>Ich sage meiner Frau, dass man dieses bald wiederholen sollte.<br>Sie braucht dann nicht zu kochen, worauf sie mit mir schmollte.<br>Erkenntnis: Nicht jede Idee kommt bei unseren Frauen gut an<br>und beweist, dass man Frauen nicht alles recht machen kann.<br><br><strong>\u00a9<\/strong> Rainer Dambroth &#8211; 22.05.2021 &#8211; <strong><a href=\"https:\/\/www.overline-poetry.de\/\">www.overline-poetry.de<\/a><\/strong><\/p>\n","protected":false},"excerpt":{"rendered":"<p>Der Mann sagt zu der Frau: Heute abend wollen wir grillen,du brauchst dann nicht zu kochen und darfst nur &#8222;chillen&#8220;.Liebling, ich feuere f\u00fcr uns unseren Holzkohlegrill dann anund zeige dir, was ich als ein &#8222;Grillmaster&#8220; alles leisten kann. Liebling, wir laden f\u00fcr heute abend noch unsere Freunde ein.Du hast doch keine Arbeit und sitzt nicht [&hellip;]<\/p>\n","protected":false},"author":1,"featured_media":0,"parent":0,"menu_order":0,"comment_status":"closed","ping_status":"closed","template":"","meta":{"footnotes":""},"class_list":["post-623","page","type-page","status-publish","hentry"],"jetpack_sharing_enabled":true,"_links":{"self":[{"href":"https:\/\/overline-poetry.de\/index.php\/wp-json\/wp\/v2\/pages\/623","targetHints":{"allow":["GET"]}}],"collection":[{"href":"https:\/\/overline-poetry.de\/index.php\/wp-json\/wp\/v2\/pages"}],"about":[{"href":"https:\/\/overline-poetry.de\/index.php\/wp-json\/wp\/v2\/types\/page"}],"author":[{"embeddable":true,"href":"https:\/\/overline-poetry.de\/index.php\/wp-json\/wp\/v2\/users\/1"}],"replies":[{"embeddable":true,"href":"https:\/\/overline-poetry.de\/index.php\/wp-json\/wp\/v2\/comments?post=623"}],"version-history":[{"count":1,"href":"https:\/\/overline-poetry.de\/index.php\/wp-json\/wp\/v2\/pages\/623\/revisions"}],"predecessor-version":[{"id":627,"href":"https:\/\/overline-poetry.de\/index.php\/wp-json\/wp\/v2\/pages\/623\/revisions\/627"}],"wp:attachment":[{"href":"https:\/\/overline-poetry.de\/index.php\/wp-json\/wp\/v2\/media?parent=623"}],"curies":[{"name":"wp","href":"https:\/\/api.w.org\/{rel}","templated":true}]}}