
{"id":630,"date":"2023-09-17T09:11:00","date_gmt":"2023-09-17T09:11:00","guid":{"rendered":"https:\/\/overline-poetry.de\/?page_id=630"},"modified":"2025-08-27T09:13:45","modified_gmt":"2025-08-27T09:13:45","slug":"der-zug-des-lebens","status":"publish","type":"page","link":"https:\/\/overline-poetry.de\/index.php\/der-zug-des-lebens\/","title":{"rendered":"Der Zug des Lebens"},"content":{"rendered":"\n<p>Unser ganzes Leben ist wie mit dem Zug eine lange Fahrt, <br>denn mit Versp\u00e4tungen und Umstiegen wird nicht gespart.<br>Wir steigen in den Zug, treffen unsere Eltern und denken,<br>dass sie f\u00fcr immer mit uns reisen und die Geschicke lenken.<br>Doch an irgendeiner Haltestelle sie dann den Zug verlassen,<br>die Reise beenden und die gemeinsame Zeit wird verblassen.<br><br>Wir m\u00fcssen unsere weitere Reise leider ohne sie fortsetzen,<br>aber wissen die gemeinsame Vergangenheit wertzusch\u00e4tzen.<br>Doch es werden weitere Passagiere in unseren Zug einsteigen<br>und auch die Liebe unseres Lebens wird sich uns dann zeigen.<br>Wir lernen unsere Geschwister, Cousins und Freunde kennen,<br>die wir als nahe stehende Personen f\u00fcr unser Leben benennen.<br><br>Viele werden aussteigen und sie hinterlassen eine gro\u00dfe Leere<br>und zuvor stets die Vorstellung, wie ein Leben ohne sie w\u00e4re.<br>Bei anderen wir nicht merken, dass sie mit in dem Zug waren,<br>denn es fehlte eine enge Verbindung in all den Lebensjahren.<br>Das Leben ist voll mit Freude, Leid, Begr\u00fc\u00dfung und Abschied<br>So bekommt man die gesamte Palette des Lebens dann mit.<br><br>Zu jedem Reisenden sollten wir einen guten Bezug aufbauen,<br>obwohl man nicht jedem Mitfahrer auf der Reise kann trauen.<br>Wir wissen nie, an welcher Haltestelle wir m\u00fcssen aussteigen<br>und deshalb sollten wir uns doch gl\u00fccklich im Leben zeigen.<br>Wir sollten wir lieben, verzeihen, aber doch vor allem leben<br>und bei allen Dingen im Leben sollten wir unser Bestes geben.<br><br>Ist der Moment gekommen, wo unsere Lebensreise beendet,<br>unser Platz leer, sollten sch\u00f6ne Gedanken an uns verwendet.<br>F\u00fcr alle die, die mit dem Zug des Lebens dann weiter reisen,<br>w\u00fcnsche ich, das sich ihre Zugreise als sch\u00f6n wird erweisen.<br>Das Du immer Liebe, Gesundheit und Erfolg im Gep\u00e4ck hast<br>und in dem Zug deines Leben dann nicht all zu viel verpasst.<br><br><strong>\u00a9<\/strong> Rainer Dambroth &#8211; 17.09.2023 &#8211; <strong><a href=\"http:\/\/www.overline-poetry.de\/\">www.overline-poetry.de<\/a><\/strong><\/p>\n\n\n\n<p><\/p>\n","protected":false},"excerpt":{"rendered":"<p>Unser ganzes Leben ist wie mit dem Zug eine lange Fahrt, denn mit Versp\u00e4tungen und Umstiegen wird nicht gespart.Wir steigen in den Zug, treffen unsere Eltern und denken,dass sie f\u00fcr immer mit uns reisen und die Geschicke lenken.Doch an irgendeiner Haltestelle sie dann den Zug verlassen,die Reise beenden und die gemeinsame Zeit wird verblassen. Wir [&hellip;]<\/p>\n","protected":false},"author":1,"featured_media":0,"parent":0,"menu_order":0,"comment_status":"closed","ping_status":"closed","template":"","meta":{"footnotes":""},"class_list":["post-630","page","type-page","status-publish","hentry"],"jetpack_sharing_enabled":true,"_links":{"self":[{"href":"https:\/\/overline-poetry.de\/index.php\/wp-json\/wp\/v2\/pages\/630","targetHints":{"allow":["GET"]}}],"collection":[{"href":"https:\/\/overline-poetry.de\/index.php\/wp-json\/wp\/v2\/pages"}],"about":[{"href":"https:\/\/overline-poetry.de\/index.php\/wp-json\/wp\/v2\/types\/page"}],"author":[{"embeddable":true,"href":"https:\/\/overline-poetry.de\/index.php\/wp-json\/wp\/v2\/users\/1"}],"replies":[{"embeddable":true,"href":"https:\/\/overline-poetry.de\/index.php\/wp-json\/wp\/v2\/comments?post=630"}],"version-history":[{"count":1,"href":"https:\/\/overline-poetry.de\/index.php\/wp-json\/wp\/v2\/pages\/630\/revisions"}],"predecessor-version":[{"id":634,"href":"https:\/\/overline-poetry.de\/index.php\/wp-json\/wp\/v2\/pages\/630\/revisions\/634"}],"wp:attachment":[{"href":"https:\/\/overline-poetry.de\/index.php\/wp-json\/wp\/v2\/media?parent=630"}],"curies":[{"name":"wp","href":"https:\/\/api.w.org\/{rel}","templated":true}]}}