
{"id":637,"date":"2018-11-19T14:19:00","date_gmt":"2018-11-19T14:19:00","guid":{"rendered":"https:\/\/overline-poetry.de\/?page_id=637"},"modified":"2025-08-27T14:22:20","modified_gmt":"2025-08-27T14:22:20","slug":"die-frau-im-haus","status":"publish","type":"page","link":"https:\/\/overline-poetry.de\/index.php\/die-frau-im-haus\/","title":{"rendered":"Die Frau im Haus"},"content":{"rendered":"\n<p>Man kennt den Spruch und ich kenne mich da aus:<br>&#8222;Solange ich H\u00e4nde habe, kommt keine Frau ins Haus&#8220;.<br>Aus eigener Erfahrung und als Kenner wei\u00df ich genau,<br>die eigenen H\u00e4nde ersetzen nicht die H\u00e4nde einer Frau.<br>Nicht was ihr so denkt, will ich hier gleich korrigieren,<br>denn Worte der Abf\u00e4lligkeit werde ich nicht verlieren.<\/p>\n\n\n\n<p>Ist das Haus oder die Wohnung am Verschmutzen,<br>sind fleissige Frauenh\u00e4nde sehr gut beim Putzen.<br>Auch wenn der K\u00f6rper schwach und der Magen leer,<br>mu\u00df eine Frau mit fleissigen H\u00e4nden als K\u00f6chin her.<br>Muss ich mit vollen Magen auf den Abend warten,<br>fleissige Frauenh\u00e4nde arbeiten in Hof und Garten.<\/p>\n\n\n\n<p>Unsere Kinder, die h\u00e4tte ich doch fast vergessen.<br>Kommen sie aus der Schule, dann wollen sie essen.<br>Ich habe keine Zeit, denn ich halte Mittagschlaf<br>und ich will, dass die Kinder jetzt ruhig und brav.<br>Dann kommt auch die Frau zu der rechten Zeit <br>und ist f\u00fcr die Kinder und deren Aufgaben bereit.<br><br>Gehe ich ins Bett nach einem &#8222;anstrengenden&#8220; Tag,<br>ein warmes Bett und eine Entspannung ich mag.<br>Ist die w\u00e4rmende Frau zu m\u00fcde und nicht bereit,<br>mein m\u00e4nnliches Begehren kommt zur falschen Zeit.<br>Ich bleibe allein mit meinem Begehren und der Lust<br>und so unverstanden steigert sich auch mein Frust.<\/p>\n\n\n\n<p>Was sollte der Mann lernen aus dieser Geschichte,<br>will ich jetzt weiter berichten in diesem Gedichte.<br>Gemeinsam arbeiten gibt uns die Zeit zur\u00fcck,<br>die wir brauchen f\u00fcr die Stunden von Gl\u00fcck.<br>Ohne unsere Frauen w\u00e4re das Leben leer und \u00f6de<br>und du als ein weiser Mann sei du nicht so bl\u00f6de.<\/p>\n\n\n\n<p>Willst du aber doch lieber f\u00fcr dich alleine sein,<br>werden deine eigenen H\u00e4nde von Nutzen sein.<br>Die Arbeiten in Haus und Garten verlangen Zeit<br>und belastend ist auch die Stille und Einsamkeit.<br>Geh du nach einem anstengenden Tag zur Ruh,<br>machst ganz kaputt lieber schnell die Augen zu.<\/p>\n\n\n\n<p>\u00a9 Rainer Dambroth &#8211; 19.11.2018 &#8211; <strong><a href=\"https:\/\/www.overline-poetry.de\">www.overline-poetry.de<\/a><\/strong><\/p>\n","protected":false},"excerpt":{"rendered":"<p>Man kennt den Spruch und ich kenne mich da aus:&#8222;Solange ich H\u00e4nde habe, kommt keine Frau ins Haus&#8220;.Aus eigener Erfahrung und als Kenner wei\u00df ich genau,die eigenen H\u00e4nde ersetzen nicht die H\u00e4nde einer Frau.Nicht was ihr so denkt, will ich hier gleich korrigieren,denn Worte der Abf\u00e4lligkeit werde ich nicht verlieren. Ist das Haus oder die [&hellip;]<\/p>\n","protected":false},"author":1,"featured_media":0,"parent":0,"menu_order":0,"comment_status":"closed","ping_status":"closed","template":"","meta":{"footnotes":""},"class_list":["post-637","page","type-page","status-publish","hentry"],"jetpack_sharing_enabled":true,"_links":{"self":[{"href":"https:\/\/overline-poetry.de\/index.php\/wp-json\/wp\/v2\/pages\/637","targetHints":{"allow":["GET"]}}],"collection":[{"href":"https:\/\/overline-poetry.de\/index.php\/wp-json\/wp\/v2\/pages"}],"about":[{"href":"https:\/\/overline-poetry.de\/index.php\/wp-json\/wp\/v2\/types\/page"}],"author":[{"embeddable":true,"href":"https:\/\/overline-poetry.de\/index.php\/wp-json\/wp\/v2\/users\/1"}],"replies":[{"embeddable":true,"href":"https:\/\/overline-poetry.de\/index.php\/wp-json\/wp\/v2\/comments?post=637"}],"version-history":[{"count":1,"href":"https:\/\/overline-poetry.de\/index.php\/wp-json\/wp\/v2\/pages\/637\/revisions"}],"predecessor-version":[{"id":641,"href":"https:\/\/overline-poetry.de\/index.php\/wp-json\/wp\/v2\/pages\/637\/revisions\/641"}],"wp:attachment":[{"href":"https:\/\/overline-poetry.de\/index.php\/wp-json\/wp\/v2\/media?parent=637"}],"curies":[{"name":"wp","href":"https:\/\/api.w.org\/{rel}","templated":true}]}}