
{"id":644,"date":"2023-11-26T15:00:00","date_gmt":"2023-11-26T15:00:00","guid":{"rendered":"https:\/\/overline-poetry.de\/?page_id=644"},"modified":"2025-08-27T15:02:39","modified_gmt":"2025-08-27T15:02:39","slug":"weibliche-genitalverstuemmelung-verbieten","status":"publish","type":"page","link":"https:\/\/overline-poetry.de\/index.php\/weibliche-genitalverstuemmelung-verbieten\/","title":{"rendered":"Weibliche Genitalverst\u00fcmmelung verbieten!"},"content":{"rendered":"\n<p>Die M\u00e4dchen werden brutal verst\u00fcmmelt und somit ausgeschlossen,<br>das \u201evorehelicher Geschlechtsverkehr\u201c macht die Eltern verdrossen.<br>M\u00e4dchen werden \u201ezugen\u00e4ht\u201c wie eine verk\u00e4ufliche Ware behandelt,<br>wenn die Eheschlie\u00dfung mit einem meist \u00e4lteren Mann angebandelt.<br>F\u00fcr den Ehevollzug wird die Frau vom Mann wieder \u201eaufgeschnitten\u201c,<br>dadurch und auch zuvor haben M\u00e4dchen gro\u00dfe Schmerzen erlitten.<br><br>Genitalverst\u00fcmmelungen gesetzlich verbieten und auch kontrolliert,<br>denn ohne Kontrolle und Bestrafung, dieses zu lange noch passiert.<br>Aufkl\u00e4rung \u00fcber ein unsinniges die Gesundheit gef\u00e4hrdendes Ritual,<br>wobei die \u201eJungfrauen\u201c erleiden eine k\u00f6rperliche und seelische Qual.<br>Smartphone und Solar bei den Volksst\u00e4mmen im Alltag dominieren,<br>sollten sich die V\u00f6lker f\u00fcr Abschaffung solcher Rituale interessieren.<br><br>Genitalverst\u00fcmmelung ist nicht nur als ein ritueller Brauch zu sehen,<br>sondern als traditionelles Machoverhalten der St\u00e4mme zu verstehen.<br>Wo nur M\u00e4nner haben das Sagen und die rituellen Abl\u00e4ufe gestalten,<br>da kann man doch nur erwarten ein dominantes Herrscherverhalten.<br>M\u00e4nnern wird ihre dominierende Rolle ab ihrer Geburt \u201eantrainiert\u201c<br>und bei jedem Stammesauftritt und in der Partnerschaft inszeniert.<br><br>Von ihren M\u00fcttern wird dieses Stammesritual klaglos dann toleriert,<br>weil es bei ihnen und auch ihren M\u00fcttern ist doch genauso passiert.<br>Aber die M\u00e4dchen unter einer zweifelhaften Tradition m\u00fcssen leiden,<br>dass sollte man als verantwortungsbewusster Mensch doch meiden.<br>Das Frauen f\u00fcr einen Fortbestand der Menschheit sehr wichtig sind,<br>ist klar, denn ohne die Frau geht es nicht, das wei\u00df doch jedes Kind.<br><br>Aber es gibt bereits Ansiedlungen, die nur Frauen ist vorbehalten,<br>um f\u00fcr unterdr\u00fcckte Frauen einen gesch\u00fctzten Bereich zu gestalten.<br>Die Welt ver\u00e4ndert sich und \u201eMachos\u201c m\u00fcssen sich neu orientieren,<br>wenn sie sich nicht \u00e4ndern, werden sie ihre Frauen dann verlieren.<br>An die M\u00fctter: \u201eErspart euren T\u00f6chtern doch diese unsinnige Qual,<br>f\u00fcr eine bessere frauenfreundlichere Welt, denn ihr habt die Wahl\u201c.<br><br><strong>\u00a9 Rainer Dambroth &#8211; 26.11.2023 &#8211; <a href=\"http:\/\/www.overline-poetry.de\/\"><strong>www.overline-poetry.de<\/strong><\/a><\/strong><\/p>\n","protected":false},"excerpt":{"rendered":"<p>Die M\u00e4dchen werden brutal verst\u00fcmmelt und somit ausgeschlossen,das \u201evorehelicher Geschlechtsverkehr\u201c macht die Eltern verdrossen.M\u00e4dchen werden \u201ezugen\u00e4ht\u201c wie eine verk\u00e4ufliche Ware behandelt,wenn die Eheschlie\u00dfung mit einem meist \u00e4lteren Mann angebandelt.F\u00fcr den Ehevollzug wird die Frau vom Mann wieder \u201eaufgeschnitten\u201c,dadurch und auch zuvor haben M\u00e4dchen gro\u00dfe Schmerzen erlitten. Genitalverst\u00fcmmelungen gesetzlich verbieten und auch kontrolliert,denn ohne Kontrolle und [&hellip;]<\/p>\n","protected":false},"author":1,"featured_media":0,"parent":0,"menu_order":0,"comment_status":"closed","ping_status":"closed","template":"","meta":{"footnotes":""},"class_list":["post-644","page","type-page","status-publish","hentry"],"jetpack_sharing_enabled":true,"_links":{"self":[{"href":"https:\/\/overline-poetry.de\/index.php\/wp-json\/wp\/v2\/pages\/644","targetHints":{"allow":["GET"]}}],"collection":[{"href":"https:\/\/overline-poetry.de\/index.php\/wp-json\/wp\/v2\/pages"}],"about":[{"href":"https:\/\/overline-poetry.de\/index.php\/wp-json\/wp\/v2\/types\/page"}],"author":[{"embeddable":true,"href":"https:\/\/overline-poetry.de\/index.php\/wp-json\/wp\/v2\/users\/1"}],"replies":[{"embeddable":true,"href":"https:\/\/overline-poetry.de\/index.php\/wp-json\/wp\/v2\/comments?post=644"}],"version-history":[{"count":1,"href":"https:\/\/overline-poetry.de\/index.php\/wp-json\/wp\/v2\/pages\/644\/revisions"}],"predecessor-version":[{"id":648,"href":"https:\/\/overline-poetry.de\/index.php\/wp-json\/wp\/v2\/pages\/644\/revisions\/648"}],"wp:attachment":[{"href":"https:\/\/overline-poetry.de\/index.php\/wp-json\/wp\/v2\/media?parent=644"}],"curies":[{"name":"wp","href":"https:\/\/api.w.org\/{rel}","templated":true}]}}