
{"id":656,"date":"2025-05-06T16:53:00","date_gmt":"2025-05-06T16:53:00","guid":{"rendered":"https:\/\/overline-poetry.de\/?page_id=656"},"modified":"2025-08-27T17:04:39","modified_gmt":"2025-08-27T17:04:39","slug":"friedrich-merz-bei-der-wahl-zum-kanzler-durchgefallen","status":"publish","type":"page","link":"https:\/\/overline-poetry.de\/index.php\/friedrich-merz-bei-der-wahl-zum-kanzler-durchgefallen\/","title":{"rendered":"Friedrich Merz bei der Wahl zum Kanzler durchgefallen"},"content":{"rendered":"\n<p><strong>Friedrich Merz<\/strong> hat beim 1.Wahlgang die Wahl zum <strong>Kanzler<\/strong> verfehlt,<br>denn es wurden im Bundestag zu wenige Stimmen f\u00fcr <strong>Merz<\/strong> gez\u00e4hlt.<br>Waren hier Animosit\u00e4ten oder auch eine pers\u00f6nliche Rache im Spiel,<br>so dass er kommt nicht mit den gew\u00fcnschten Stimmen an sein Ziel?<br><br>Wurden \u201eLangj\u00e4hrige\u201c nicht bedacht und ein Warnschuss abgefeuert?<br>Da eine anonyme Wahl, jeder Abgeordnete seine Unschuld beteuert.<br>Wer war der \u201eBrutus\u201c, der dem <strong>Friedrich Merz<\/strong> seine Stimme versagt<br>und damit erreichen wollte, dass die Wahl zum <strong>Kanzler<\/strong> muss vertagt?<br><br>So wurde die Wahl zum <strong>Kanzler<\/strong> im Bundestag zum gro\u00dfen Debakel<br>und der designierte <strong>Kanzler Merz<\/strong> bekommt einen weiteren \u201eMakel\u201c.<br>Nun machte sich der Frust und Wut bei den Koalitionsparteien breit,<br>denn es dr\u00e4ngelt, mit vielen politischen Herausforderungen, die Zeit.<br><br><strong>AFD<\/strong>-Abgeordnete diese &#8222;Wahl&#8220; mit Hohn und Spott kommentieren<br>und fordern Neuwahlen, denn wollen die Demokratie demontieren.<br>Der Koalition bewusst, denn sie muss endlich Erfolge pr\u00e4sentieren<br>und das die letzte Chance, sonst wird unsere Demokratie verlieren.<br><br>Ein zweiter Wahlgang zum <strong>Kanzler<\/strong> wurde f\u00fcr Nachmittags geplant<br>und das Ergebnis war endlich erleichternd, ihr es wohl schon ahnt.<br><strong>Friedrich Merz<\/strong> wurde endlich als <strong>Kanzler<\/strong> f\u00fcr Deutschland vereidigt<br>und die k\u00fcnftigen Minister und -innen wurden auch daran beteiligt.<br><br><strong>Nancy Faeser<\/strong> den Verfassungsschutzbericht der AFD offen gelegt,<br>die <strong>AFD<\/strong> sich rechtsextrem, somit Verfassungsfeindlich, sich bewegt.<br>Die <strong>AFD<\/strong> beim Verwaltungsgericht gegen die Feststellung geklagt,<br>so vom Verfassungsschutz ein \u00f6ffentliches Urteil vorerst abgesagt.<br><br>Die parlamentarische Zusammenarbeit mit der <strong>AFD<\/strong> wird abgelehnt,<br>denn die politischen Ansichten sind zu verschieden, hier erw\u00e4hnt.<br>Von der <strong>AFD<\/strong> ein nationales Deutschland, ohne Europa, favorisiert,<br>aber in der weltoffenen Politik, der Nationalismus nicht interessiert.<br><br>\u00a9 Rainer Dambroth \u2013 06.05.2025 \u2013 www.overline-poetry.de<\/p>\n\n\n\n<p><\/p>\n","protected":false},"excerpt":{"rendered":"<p>Friedrich Merz hat beim 1.Wahlgang die Wahl zum Kanzler verfehlt,denn es wurden im Bundestag zu wenige Stimmen f\u00fcr Merz gez\u00e4hlt.Waren hier Animosit\u00e4ten oder auch eine pers\u00f6nliche Rache im Spiel,so dass er kommt nicht mit den gew\u00fcnschten Stimmen an sein Ziel? Wurden \u201eLangj\u00e4hrige\u201c nicht bedacht und ein Warnschuss abgefeuert?Da eine anonyme Wahl, jeder Abgeordnete seine Unschuld [&hellip;]<\/p>\n","protected":false},"author":1,"featured_media":0,"parent":0,"menu_order":0,"comment_status":"closed","ping_status":"closed","template":"","meta":{"footnotes":""},"class_list":["post-656","page","type-page","status-publish","hentry"],"jetpack_sharing_enabled":true,"_links":{"self":[{"href":"https:\/\/overline-poetry.de\/index.php\/wp-json\/wp\/v2\/pages\/656","targetHints":{"allow":["GET"]}}],"collection":[{"href":"https:\/\/overline-poetry.de\/index.php\/wp-json\/wp\/v2\/pages"}],"about":[{"href":"https:\/\/overline-poetry.de\/index.php\/wp-json\/wp\/v2\/types\/page"}],"author":[{"embeddable":true,"href":"https:\/\/overline-poetry.de\/index.php\/wp-json\/wp\/v2\/users\/1"}],"replies":[{"embeddable":true,"href":"https:\/\/overline-poetry.de\/index.php\/wp-json\/wp\/v2\/comments?post=656"}],"version-history":[{"count":1,"href":"https:\/\/overline-poetry.de\/index.php\/wp-json\/wp\/v2\/pages\/656\/revisions"}],"predecessor-version":[{"id":660,"href":"https:\/\/overline-poetry.de\/index.php\/wp-json\/wp\/v2\/pages\/656\/revisions\/660"}],"wp:attachment":[{"href":"https:\/\/overline-poetry.de\/index.php\/wp-json\/wp\/v2\/media?parent=656"}],"curies":[{"name":"wp","href":"https:\/\/api.w.org\/{rel}","templated":true}]}}