
{"id":671,"date":"2023-10-19T14:32:00","date_gmt":"2023-10-19T14:32:00","guid":{"rendered":"https:\/\/overline-poetry.de\/?page_id=671"},"modified":"2025-08-28T14:37:10","modified_gmt":"2025-08-28T14:37:10","slug":"die-frau-sei-dem-manne-untertan","status":"publish","type":"page","link":"https:\/\/overline-poetry.de\/index.php\/die-frau-sei-dem-manne-untertan\/","title":{"rendered":"Die Frau sei dem Manne untertan"},"content":{"rendered":"\n<p>So mancher Mann wird noch getrieben vom Wahn,<br>dass doch \u201eDie (Ehe)Frau sei dem Manne untertan\u201c.<br>Das wir im Zeitalter einer Gleichberechtigung leben,<br>diese Erkenntnis, leider nicht jedem Mann gegeben.<br><br>Die Frau entscheidet \u00fcber ihren K\u00f6rper ganz allein,<br>dieses m\u00f6ge M\u00e4nnern eine wertvolle Erkenntnis sein.<br>Ob sie schon bereit, eine Verantwortung &#8222;zu tragen&#8220;,<br>dazu sollte man \u201eallein entscheidend\u201c sie befragen. <br><br>Kinder bleiben meistens an der Frau \u201elange h\u00e4ngen\u201c,<br>man sollte sie nicht zum \u201eKinderkriegen\u201c bedr\u00e4ngen.<br>Wenn man gemeinsam bereit, diese Last zu verteilen,<br>dann kann man sich mit dem Kinderwunsch \u201ebeeilen\u201c.<br><br>Frauen, die auch im Job mit kleinen Kindern zu Haus,<br>da sieht der t\u00e4gliche Ablauf schon recht trostlos aus.<br>Die Kinder wollen Essen, auch sonst rundum betreut<br>und meiden, dass &#8222;Mann&#8220; seine Entspannung bereut.<br><br>Wer kennt nicht des Mannes Spruch: Mach die T\u00fcr zu,<br>denn ich bin vom Job kaputt und brauche meine Ruh&#8216;<br>Wann gibt es Abendessen, denn ich bin ausgehungert<br>und will jetzt nicht, dass ein Kind hier &#8222;herumlungert&#8220;.<br><br><strong>\u00a9<\/strong> Rainer Dambroth &#8211; 19.10.2023 &#8211; <strong><a href=\"http:\/\/www.overline-poetry.de\/\">www.overline-poetry.de<\/a><br><br><em><a href=\"https:\/\/www.bibleserver.com\/LUT\/Epheser5\" target=\"_blank\" rel=\"noreferrer noopener\">Epheser 5<\/a>: In der Luther\u00fcbersetzung von 1964 hei\u00dft es da: <\/em><\/strong><em>\u201eDie Frauen seien untertan ihren M\u00e4nnern als dem Herrn. Denn der Mann ist des Weibes Haupt, gleichwie auch Christus das Haupt ist der Gemeinde.\u201c<\/em><\/p>\n\n\n\n<p><\/p>\n","protected":false},"excerpt":{"rendered":"<p>So mancher Mann wird noch getrieben vom Wahn,dass doch \u201eDie (Ehe)Frau sei dem Manne untertan\u201c.Das wir im Zeitalter einer Gleichberechtigung leben,diese Erkenntnis, leider nicht jedem Mann gegeben. Die Frau entscheidet \u00fcber ihren K\u00f6rper ganz allein,dieses m\u00f6ge M\u00e4nnern eine wertvolle Erkenntnis sein.Ob sie schon bereit, eine Verantwortung &#8222;zu tragen&#8220;,dazu sollte man \u201eallein entscheidend\u201c sie befragen. Kinder [&hellip;]<\/p>\n","protected":false},"author":1,"featured_media":0,"parent":0,"menu_order":0,"comment_status":"closed","ping_status":"closed","template":"","meta":{"footnotes":""},"class_list":["post-671","page","type-page","status-publish","hentry"],"jetpack_sharing_enabled":true,"_links":{"self":[{"href":"https:\/\/overline-poetry.de\/index.php\/wp-json\/wp\/v2\/pages\/671","targetHints":{"allow":["GET"]}}],"collection":[{"href":"https:\/\/overline-poetry.de\/index.php\/wp-json\/wp\/v2\/pages"}],"about":[{"href":"https:\/\/overline-poetry.de\/index.php\/wp-json\/wp\/v2\/types\/page"}],"author":[{"embeddable":true,"href":"https:\/\/overline-poetry.de\/index.php\/wp-json\/wp\/v2\/users\/1"}],"replies":[{"embeddable":true,"href":"https:\/\/overline-poetry.de\/index.php\/wp-json\/wp\/v2\/comments?post=671"}],"version-history":[{"count":1,"href":"https:\/\/overline-poetry.de\/index.php\/wp-json\/wp\/v2\/pages\/671\/revisions"}],"predecessor-version":[{"id":675,"href":"https:\/\/overline-poetry.de\/index.php\/wp-json\/wp\/v2\/pages\/671\/revisions\/675"}],"wp:attachment":[{"href":"https:\/\/overline-poetry.de\/index.php\/wp-json\/wp\/v2\/media?parent=671"}],"curies":[{"name":"wp","href":"https:\/\/api.w.org\/{rel}","templated":true}]}}