
{"id":689,"date":"2022-12-18T15:17:00","date_gmt":"2022-12-18T15:17:00","guid":{"rendered":"https:\/\/overline-poetry.de\/?page_id=689"},"modified":"2025-08-29T15:22:46","modified_gmt":"2025-08-29T15:22:46","slug":"putin-der-hinterlistige-russische-feigling","status":"publish","type":"page","link":"https:\/\/overline-poetry.de\/index.php\/putin-der-hinterlistige-russische-feigling\/","title":{"rendered":"Putin \u2013 der hinterlistige russische Feigling"},"content":{"rendered":"\n<p>Putin will die russische Kultur in allen L\u00e4ndern dieser Erde sch\u00fctzen<br>Die Frage: Wie wird der Putin diesen \u201eSchutz\u201c f\u00fcr sich dann n\u00fctzen?<br>Will er die freien demokratischen Staaten dadurch unterminieren,<br>damit diese Staaten die \u201eKontrolle\u201c gegen\u00fcber Russland verlieren?<br><br>Dem Despoten Putin nimmt man den Schutz seiner Kultur nicht ab,<br>denn mit seinen brutalen Kriegen, h\u00e4lt er doch die L\u00e4nder auf Trab.<br>Oder will nach einer Annexion dann einf\u00fchren die russische Kultur,<br>denn Putin will die Vasallenstaaten mit russischer Regentschaft nur.<br><br>Putin ist hinterlistig und sehr feige, denn das ist seine wahre Natur,<br>kann Putin ein Land nicht erk\u00e4mpfen, zerst\u00f6rt er die Infrastruktur.<br>L\u00e4sst sich die Ukraine von dem Despoten Putin nicht annektieren,<br>so schmei\u00dft er Bomben, dass St\u00e4dte ihre Bewohnbarkeit verlieren.<br><br>Wenn aber von der Ukraine die Angreifenden dann gezielt zerst\u00f6rt,<br>wird das als Angriff gegen Russland gesehen und man ist emp\u00f6rt.<br>Daran erkennt man vom Despoten Putin seine hinterlistige Feigheit<br>und das er nur \u00fcber eine Annexion ist dann zu einem Frieden bereit.<br><br>Auch die B\u00fcrger in Russland sp\u00fcren die Folgen vom Ukraine-Krieg,<br>denn versprochen hatte er eine Friedensmission und schnellen Sieg.<br>Eine Friedensmission, bei dem auch dann russische B\u00fcrger sterben?<br>Kein Ende abzusehen und das missionierte Land liegt in \u201eScherben\u201c.<br><br>Ich bewundere die St\u00e4rke der Ukraine und innere Geschlossenheit,<br>aber ich sehe Russland und seine Vasallenstaaten in Zerrissenheit.<br>Mein Wunsch, dass Despot Putin im Kreml seinen R\u00fcckhalt verliert,<br>Russland sich dem \u201eFrieden\u201c stellt und sich demokratisch orientiert.<br><br>Die Weltgemeinschaft sollte sich den wahren Problemen zuwenden<br>und kriegerische Auseinandersetzungen um Landgewinn beenden.<br>Gemeinsam sollten wir das Klima unserer Welt bestimmend lenken,<br>denn sonst brauchen wir alle nicht mehr an das \u201eMorgen\u201c denken.<br><br>\u00a9 Rainer Dambroth &#8211; 18.12.2022 &#8211; <strong><a href=\"https:\/\/www.overline-poetry.de\/\">www.overline-poetry.de<\/a><\/strong><br><br><\/p>\n\n\n\n<p><\/p>\n","protected":false},"excerpt":{"rendered":"<p>Putin will die russische Kultur in allen L\u00e4ndern dieser Erde sch\u00fctzenDie Frage: Wie wird der Putin diesen \u201eSchutz\u201c f\u00fcr sich dann n\u00fctzen?Will er die freien demokratischen Staaten dadurch unterminieren,damit diese Staaten die \u201eKontrolle\u201c gegen\u00fcber Russland verlieren? Dem Despoten Putin nimmt man den Schutz seiner Kultur nicht ab,denn mit seinen brutalen Kriegen, h\u00e4lt er doch die [&hellip;]<\/p>\n","protected":false},"author":1,"featured_media":0,"parent":0,"menu_order":0,"comment_status":"closed","ping_status":"closed","template":"","meta":{"footnotes":""},"class_list":["post-689","page","type-page","status-publish","hentry"],"jetpack_sharing_enabled":true,"_links":{"self":[{"href":"https:\/\/overline-poetry.de\/index.php\/wp-json\/wp\/v2\/pages\/689","targetHints":{"allow":["GET"]}}],"collection":[{"href":"https:\/\/overline-poetry.de\/index.php\/wp-json\/wp\/v2\/pages"}],"about":[{"href":"https:\/\/overline-poetry.de\/index.php\/wp-json\/wp\/v2\/types\/page"}],"author":[{"embeddable":true,"href":"https:\/\/overline-poetry.de\/index.php\/wp-json\/wp\/v2\/users\/1"}],"replies":[{"embeddable":true,"href":"https:\/\/overline-poetry.de\/index.php\/wp-json\/wp\/v2\/comments?post=689"}],"version-history":[{"count":1,"href":"https:\/\/overline-poetry.de\/index.php\/wp-json\/wp\/v2\/pages\/689\/revisions"}],"predecessor-version":[{"id":693,"href":"https:\/\/overline-poetry.de\/index.php\/wp-json\/wp\/v2\/pages\/689\/revisions\/693"}],"wp:attachment":[{"href":"https:\/\/overline-poetry.de\/index.php\/wp-json\/wp\/v2\/media?parent=689"}],"curies":[{"name":"wp","href":"https:\/\/api.w.org\/{rel}","templated":true}]}}