
{"id":697,"date":"2022-08-16T05:27:00","date_gmt":"2022-08-16T05:27:00","guid":{"rendered":"https:\/\/overline-poetry.de\/?page_id=697"},"modified":"2025-08-30T05:31:30","modified_gmt":"2025-08-30T05:31:30","slug":"gerhard-schroeder-alles-eine-frage-der-ehre","status":"publish","type":"page","link":"https:\/\/overline-poetry.de\/index.php\/gerhard-schroeder-alles-eine-frage-der-ehre\/","title":{"rendered":"Gerhard Schr\u00f6der \u2013 alles eine Frage der Ehre?!"},"content":{"rendered":"\n<p>Der Altkanzler Gerhard Schr\u00f6der sieht sich zu Unrecht \u201edegradiert\u201c,<br>weil er seine fragw\u00fcrdigen Privilegien, als Altkanzler, dann verliert.<br>Er ist im \u201erussischen Gasvertrieb\u201c in leitender Funktion engagiert<br>und deshalb ihm Moral und Anstand auch nicht mehr interessiert.<br><br>Der Schr\u00f6der hat an Putins Seite die Korruption in Reinform erlebt<br>und nun er diesen Anspruch an die deutschen Steuerzahler erhebt.<br>Die gew\u00e4hlte Regierung lebt nicht in einem Selbstbedienungsladen,<br>wo Gew\u00e4hlte wie Onkel Dagobert in dem Steuergeld dann \u201ebaden\u201c!<br><br>Wir sollten diese bezahlten Leistungen an \u201eAltgediente\u201c \u00fcberdenken<br>und diese nicht gerechtfertigte \u201e\u00dcberbezahlung\u201c dann einschr\u00e4nken.<br>Wenn die Altgedienten in den gut bezahlten Ruhestand dann gehen,<br>will man sie nicht in einem noch besser bezahlten Job dann sehen.<br><br>Warum soll der Steuerzahler den \u201eAltgedienten\u201c Personal finanzieren?<br>Was sollten uns die Kosten f\u00fcr B\u00fcro und Dienstwagen interessieren?<br>Das ist doch eine politisch geschaffene \u201eSelbstbedienungsmentalit\u00e4t\u201c<br>und der normal arbeitende B\u00fcrger wei\u00df gar nicht, wie so etwas geht.<br><br>Sie sollten ohne weitere Zuwendungen ihre \u00fcppige \u201eRente\u201c genie\u00dfen<br>und im heimischen Garten Gem\u00fcse anpflanzen oder Blumen gie\u00dfen.<br>Meistens ist es aber so, dass sie noch gut dotierte Posten besetzen<br>und d\u00fcrfen Personal plus Dienstwagen als ihr &#8222;Eigentum&#8220; sch\u00e4tzen.<br><br>Sie genie\u00dfen weiter alle Vorteile und Zuwendungen der Prominenz.<br>Auch dieser \u201eZopf\u201c geh\u00f6rt endlich abgeschafft, mit aller Konsequenz!<br>Fr\u00fcher sind sie in die Politik gegangen, um Deutschland zu gestalten<br>und heute wollen sie den krisensicheren Job und viel Geld erhalten.<br><br>Diese \u201eGratismentalit\u00e4t\u201c, wie der Finanzminister Lindner beschreibt?<br>Es ist der \u201eschale Nachgeschmack\u201c, der von diesen Politikern bleibt!<br>Sie haben geschworen: \u201eSchaden vom deutschen Volk abzuwenden\u201c<br>und nicht das Geld des deutschen Volkes f\u00fcr sich zu verschwenden!<br><br><strong>\u00a9<\/strong> Rainer Dambroth &#8211; 16.08.2022 &#8211; <strong><a href=\"https:\/\/www.overline-poetry.de\/\">www.overline-poetry.de<\/a><\/strong><br><\/p>\n\n\n\n<p><\/p>\n","protected":false},"excerpt":{"rendered":"<p>Der Altkanzler Gerhard Schr\u00f6der sieht sich zu Unrecht \u201edegradiert\u201c,weil er seine fragw\u00fcrdigen Privilegien, als Altkanzler, dann verliert.Er ist im \u201erussischen Gasvertrieb\u201c in leitender Funktion engagiertund deshalb ihm Moral und Anstand auch nicht mehr interessiert. Der Schr\u00f6der hat an Putins Seite die Korruption in Reinform erlebtund nun er diesen Anspruch an die deutschen Steuerzahler erhebt.Die gew\u00e4hlte [&hellip;]<\/p>\n","protected":false},"author":1,"featured_media":0,"parent":0,"menu_order":0,"comment_status":"closed","ping_status":"closed","template":"","meta":{"footnotes":""},"class_list":["post-697","page","type-page","status-publish","hentry"],"jetpack_sharing_enabled":true,"_links":{"self":[{"href":"https:\/\/overline-poetry.de\/index.php\/wp-json\/wp\/v2\/pages\/697","targetHints":{"allow":["GET"]}}],"collection":[{"href":"https:\/\/overline-poetry.de\/index.php\/wp-json\/wp\/v2\/pages"}],"about":[{"href":"https:\/\/overline-poetry.de\/index.php\/wp-json\/wp\/v2\/types\/page"}],"author":[{"embeddable":true,"href":"https:\/\/overline-poetry.de\/index.php\/wp-json\/wp\/v2\/users\/1"}],"replies":[{"embeddable":true,"href":"https:\/\/overline-poetry.de\/index.php\/wp-json\/wp\/v2\/comments?post=697"}],"version-history":[{"count":2,"href":"https:\/\/overline-poetry.de\/index.php\/wp-json\/wp\/v2\/pages\/697\/revisions"}],"predecessor-version":[{"id":702,"href":"https:\/\/overline-poetry.de\/index.php\/wp-json\/wp\/v2\/pages\/697\/revisions\/702"}],"wp:attachment":[{"href":"https:\/\/overline-poetry.de\/index.php\/wp-json\/wp\/v2\/media?parent=697"}],"curies":[{"name":"wp","href":"https:\/\/api.w.org\/{rel}","templated":true}]}}