
{"id":713,"date":"2023-01-24T07:05:00","date_gmt":"2023-01-24T07:05:00","guid":{"rendered":"https:\/\/overline-poetry.de\/?page_id=713"},"modified":"2025-08-30T07:09:12","modified_gmt":"2025-08-30T07:09:12","slug":"ein-fluechtlings-containerdorf-in-meck-pomm","status":"publish","type":"page","link":"https:\/\/overline-poetry.de\/index.php\/ein-fluechtlings-containerdorf-in-meck-pomm\/","title":{"rendered":"Ein Fl\u00fcchtlings-Containerdorf in \u201eMeck-Pomm\u201c?"},"content":{"rendered":"\n<p>Eine Kl\u00e4ranlage statt Container w\u00e4re hier doch eher angebracht<br>und bei der \u201ebraunen Schei\u00dfe\u201c auch gebraucht, die hier gemacht.<br>Die gefl\u00fcchteten Menschen mussten vorerst ihre Heimat aufgeben<br>und wollen in einem \u201esicheren Umfeld\u201c und auch in Frieden leben.<br><br>Die Container sollten in friedlicher Umgebung aufgebaut werden<br>und nicht bei diesen hasserf\u00fcllten Menschen auf \u201ebraunen Erden\u201c.<br>Zur Bewachung wird man hier sehr viele Objektsch\u00fctzer brauchen,<br>sonst die Wahrscheinlichkeit, dass die Container bald \u201everrauchen\u201c.<br><br>Wenn die gefl\u00fcchteten Menschen wollen ihre Umgebung erkunden,<br>werden sie mit der Angst von \u00dcbergriffen leben, in all den Stunden.<br>Den \u201ebraunen Angreifern\u201c tat man wohl die Menschlichkeit rauben,<br>weil sie doch noch immer an ein \u201ebraunes\u201c Deutschland glauben.<br><br>Lasst uns hier deutlich eine klare Linie \u201egegen Rechts\u201c aufzeigen<br>und das wir uns nicht vor deren Hass gegen Fl\u00fcchtende verneigen.<br>Wir wollen alle friedlich leben und gemeinsam diese Welt gestalten<br>und lehnen es ab, das \u201ebraune Nationalisten\u201c wollen uns verwalten.<br><br>Das es in Europa einen Angriffskrieg wird es jemals wieder geben,<br>daran habe ich nicht geglaubt, aber zur Zeit muss man es erleben.<br>Ein Gr\u00f6\u00dfenwahnsinniger, der wieder von einem Gro\u00dfreich tr\u00e4umt<br>und in den Nachbarstaaten Russlands nach seinem Plan aufr\u00e4umt.<br><br>Das die \u201ebraunen Nationalisten\u201c sich mit Putin so gut verstehen,<br>dass kann man mit dem Verst\u00e4ndnis f\u00fcr diesen \u201e\u00dcberfall\u201c sehen.<br>Putin will die Ukraine mit einer Friedensmission \u201eentnazifizieren\u201c<br>und dann dieses Verst\u00e4ndnis, weil doch die Nazis dabei verlieren?<br><br><strong>\u00a9<\/strong> Rainer Dambroth &#8211; 24.01.2023 &#8211; <strong><a href=\"http:\/\/www.overline-poetry.de\/\">www.overline-poetry.de<\/a><\/strong><br><br><strong>Rechtsextremismus<\/strong>:<br><strong>\u201cMan darf nicht warten, bis aus dem Schneeball eine Lawine geworden ist. Man muss den rollenden Schneeball zertreten. Die Lawine h\u00e4lt keiner mehr auf. Sie ruht erst, wenn sie alles unter sich begraben hat.<\/strong>\u201e<strong><br>Erich K\u00e4stner<\/strong><\/p>\n","protected":false},"excerpt":{"rendered":"<p>Eine Kl\u00e4ranlage statt Container w\u00e4re hier doch eher angebrachtund bei der \u201ebraunen Schei\u00dfe\u201c auch gebraucht, die hier gemacht.Die gefl\u00fcchteten Menschen mussten vorerst ihre Heimat aufgebenund wollen in einem \u201esicheren Umfeld\u201c und auch in Frieden leben. Die Container sollten in friedlicher Umgebung aufgebaut werdenund nicht bei diesen hasserf\u00fcllten Menschen auf \u201ebraunen Erden\u201c.Zur Bewachung wird man hier [&hellip;]<\/p>\n","protected":false},"author":1,"featured_media":0,"parent":0,"menu_order":0,"comment_status":"closed","ping_status":"closed","template":"","meta":{"footnotes":""},"class_list":["post-713","page","type-page","status-publish","hentry"],"jetpack_sharing_enabled":true,"_links":{"self":[{"href":"https:\/\/overline-poetry.de\/index.php\/wp-json\/wp\/v2\/pages\/713","targetHints":{"allow":["GET"]}}],"collection":[{"href":"https:\/\/overline-poetry.de\/index.php\/wp-json\/wp\/v2\/pages"}],"about":[{"href":"https:\/\/overline-poetry.de\/index.php\/wp-json\/wp\/v2\/types\/page"}],"author":[{"embeddable":true,"href":"https:\/\/overline-poetry.de\/index.php\/wp-json\/wp\/v2\/users\/1"}],"replies":[{"embeddable":true,"href":"https:\/\/overline-poetry.de\/index.php\/wp-json\/wp\/v2\/comments?post=713"}],"version-history":[{"count":1,"href":"https:\/\/overline-poetry.de\/index.php\/wp-json\/wp\/v2\/pages\/713\/revisions"}],"predecessor-version":[{"id":717,"href":"https:\/\/overline-poetry.de\/index.php\/wp-json\/wp\/v2\/pages\/713\/revisions\/717"}],"wp:attachment":[{"href":"https:\/\/overline-poetry.de\/index.php\/wp-json\/wp\/v2\/media?parent=713"}],"curies":[{"name":"wp","href":"https:\/\/api.w.org\/{rel}","templated":true}]}}