
{"id":721,"date":"2022-02-28T07:48:00","date_gmt":"2022-02-28T07:48:00","guid":{"rendered":"https:\/\/overline-poetry.de\/?page_id=721"},"modified":"2025-08-30T07:57:42","modified_gmt":"2025-08-30T07:57:42","slug":"personenkult-prominent","status":"publish","type":"page","link":"https:\/\/overline-poetry.de\/index.php\/personenkult-prominent\/","title":{"rendered":"Personenkult \/ Prominent"},"content":{"rendered":"\n<p>Jede Frau, die einmal mit einem ber\u00fchmten Fu\u00dfballer \u201epennt\u201c,<br>wird dann ganz automatisch durch dieses \u201eeinmal\u201c prominent.<br>Sobald dieser Fu\u00dfballer auch mit einer anderen Frau &#8222;pennt&#8220;,<br>wird er zu einem Helden und auch diese Frau wird prominent.<br><br>Die Frauen werden in den Medien dann \u201eSpielerfrauen\u201c genannt,<br>mit allem was sie ab jetzt machen, werden sie dann interessant.<br>Sie werden von den Medien \u00fcberall begleitet und auch hofiert,<br>weil sich der Leser oder Fernseher der Medien daf\u00fcr interessiert.<br><br>Man gibt ihnen das Gef\u00fchl, sie seien das Wichtigste auf der Welt,<br>dabei wollen sie deine Ehrerbietung und nat\u00fcrlich auch dein Geld.<br>Kein Wunder, dass sie dann abgehoben und die Erdung verlieren<br>und sie genie\u00dfen, dass sich die Menschen f\u00fcr sie interessieren.<br><br>Zur \u201eWiesn\u201c im Bierzelt werden f\u00fcr Prominente Pl\u00e4tze reserviert<br>und dann das Fernsehen die Frauen begleitet und sich interessiert.<br>Sind sie interessant genug, werden sie f\u00fcr \u201eBig Brother\u201c gebucht,<br>dann man sie mit dem Fernseher im \u201eBig Brother Haus\u201c besucht.<br><br>In das \u201eSommerhaus der Stars\u201c werden sie dann auch eingeladen<br>und gemeinsam gehen sie nackt mit anderen Prominenten baden.<br>Die Hauptsache, man wird in den Medien als Prominent benannt<br>und bleibt weiterhin in allen Medien als \u201edie Spielerfrau\u201c bekannt.<br><br>Als Influencer bekommen sie zus\u00e4tzlich dann Geld in die \u201eKasse\u201c<br>und dadurch interessiert sich f\u00fcr sie dann auch die \u201ebreite Masse\u201c.<br>Diese ahmen sie dann in allem nach und hoffen auf den Moment,<br>wo dieser ber\u00fchmte Fu\u00dfballer kommt und auch mit ihnen \u201epennt\u201c.<br><br>Selbst erlebt, ein bekannter Showmaster aus einem Nachbarort<br>der holte seinen Sohn nach dem Unterricht von der Schule fort.<br>Der \u00c4rmste wurde dann von den wartenden M\u00fcttern \u00fcberrannt,<br>das ist der gro\u00dfe Nachteil, wenn man zu sehr dann ist bekannt.<br><br>Dabei haben auch Prominente ein Recht auf ein privates Leben<br>und sie d\u00fcrfen ungeschminkt und in Freizeitkleidung sich geben.<br>Warum ist es so spannend und sich die Leute daf\u00fcr interessieren,<br>wenn man sie beim Einkauf in Freizeitkleidung wird fotografieren<br><br><strong>\u00a9<\/strong> Rainer Dambroth &#8211; 28.02.2022 &#8211; <strong><a href=\"https:\/\/www.overline-poetry.de\/\">www.overline-poetry.de<\/a><\/strong><\/p>\n","protected":false},"excerpt":{"rendered":"<p>Jede Frau, die einmal mit einem ber\u00fchmten Fu\u00dfballer \u201epennt\u201c,wird dann ganz automatisch durch dieses \u201eeinmal\u201c prominent.Sobald dieser Fu\u00dfballer auch mit einer anderen Frau &#8222;pennt&#8220;,wird er zu einem Helden und auch diese Frau wird prominent. Die Frauen werden in den Medien dann \u201eSpielerfrauen\u201c genannt,mit allem was sie ab jetzt machen, werden sie dann interessant.Sie werden von [&hellip;]<\/p>\n","protected":false},"author":1,"featured_media":0,"parent":0,"menu_order":0,"comment_status":"closed","ping_status":"closed","template":"","meta":{"footnotes":""},"class_list":["post-721","page","type-page","status-publish","hentry"],"jetpack_sharing_enabled":true,"_links":{"self":[{"href":"https:\/\/overline-poetry.de\/index.php\/wp-json\/wp\/v2\/pages\/721","targetHints":{"allow":["GET"]}}],"collection":[{"href":"https:\/\/overline-poetry.de\/index.php\/wp-json\/wp\/v2\/pages"}],"about":[{"href":"https:\/\/overline-poetry.de\/index.php\/wp-json\/wp\/v2\/types\/page"}],"author":[{"embeddable":true,"href":"https:\/\/overline-poetry.de\/index.php\/wp-json\/wp\/v2\/users\/1"}],"replies":[{"embeddable":true,"href":"https:\/\/overline-poetry.de\/index.php\/wp-json\/wp\/v2\/comments?post=721"}],"version-history":[{"count":2,"href":"https:\/\/overline-poetry.de\/index.php\/wp-json\/wp\/v2\/pages\/721\/revisions"}],"predecessor-version":[{"id":727,"href":"https:\/\/overline-poetry.de\/index.php\/wp-json\/wp\/v2\/pages\/721\/revisions\/727"}],"wp:attachment":[{"href":"https:\/\/overline-poetry.de\/index.php\/wp-json\/wp\/v2\/media?parent=721"}],"curies":[{"name":"wp","href":"https:\/\/api.w.org\/{rel}","templated":true}]}}