
{"id":744,"date":"2022-03-15T07:05:00","date_gmt":"2022-03-15T07:05:00","guid":{"rendered":"https:\/\/overline-poetry.de\/?page_id=744"},"modified":"2025-08-31T07:13:11","modified_gmt":"2025-08-31T07:13:11","slug":"ukraine-putins-vasallenstaat","status":"publish","type":"page","link":"https:\/\/overline-poetry.de\/index.php\/ukraine-putins-vasallenstaat\/","title":{"rendered":"Ukraine, Putins Vasallenstaat?"},"content":{"rendered":"\n<p>Die Ukrainer lassen sich ihren Stolz durch Putins Krieg nicht brechen<br>und dieser ungerechtfertigte Angriffskrieg, wird sich f\u00fcr Putin r\u00e4chen.<br>Die Ukraine will Frieden und Freiheit in einem demokratischen System<br>und das ist f\u00fcr Putins korruptes und autokratisches Reich zu unbequem.<br><br>Die Ukraine kann mit dem russischen Nachbarn nicht in Frieden leben,<br>solange es den \u201eb\u00f6sen Nachbarn\u201c, den Despoten Putin, wird es geben.<br>Er will die ukrainische Regierung mit \u201eprorussischen Figuren\u201c besetzen,<br>aber auch mit Sicherheit den Freiheitswillen der Ukrainer untersch\u00e4tzen.<br><br>Die Ukrainer wollen sich entwickeln, forschen und Kontakt zum Westen.<br>Das mit Putins autokratisches System, damit steht es nicht zum Besten.<br>Er will \u00fcber die Ukraine die Regierungsmacht und die totale Kontrolle.<br>Das funktioniert, wenn die Ukrainer spielen die ihnen zugedachte Rolle.<br><br>Die Ukrainer werden den Despoten Putin den Rest ihres Lebens hassen,<br>denn sie m\u00fcssen f\u00fcr ihr Leben und ihre Freiheit sogar ihr Land verlassen.<br>Sie werden f\u00fcr ihr Land Putins autokratisches System nicht akzeptieren<br>und er wird mit diesem \u201eKrieg der Befreiung\u201c bei den Ukrainern verlieren.<br><br>Die Ukrainer B\u00fcrger w\u00fcnschen dem Despoten Putin \u201edie H\u00f6lle auf Erden\u201c<br>und es soll f\u00fcr den brutalen Aggressor kein ruhiges Leben mehr werden.<br>Diesen W\u00fcnschen schlie\u00dfen sich alle freien B\u00fcrger dieser Welt gerne an<br>und keine ruhige Minute mehr, w\u00fcnschen wir alle dem Despoten dann.<br><br>Putin hat Russland mit seinem Angriffskrieg in die Isolation getrieben<br>und er wird sich w\u00fcnschen, er w\u00e4re mit dem Krieg zu Hause geblieben.<br>Die Hoffnung, dass die Ukrainer Putin begr\u00fc\u00dfen mit wehenden Fahnen,<br>das ging voll nach hinten los und das sollte er als Stratege doch ahnen.<br><br><strong>\u00a9<\/strong> Rainer Dambroth &#8211; 15.03.2022 &#8211; <strong><a href=\"http:\/\/www.overline-poetry.de\/\">www.overline-poetry.de<\/a><\/strong><br><br><em>Ein Vasallenstaat ist ein formal souver\u00e4ner Staat, der jedoch unter dem starken politischen, wirtschaftlichen oder milit\u00e4rischen Einfluss eines anderen, m\u00e4chtigeren Staates steht.<br>Internetfund<\/em><br><\/p>\n\n\n\n<figure class=\"wp-block-image size-full\"><img decoding=\"async\" width=\"128\" height=\"128\" src=\"https:\/\/overline-poetry.de\/wp-content\/uploads\/2025\/08\/grafik-1.png\" alt=\"\" class=\"wp-image-745\"\/><\/figure>\n\n\n\n<p><\/p>\n","protected":false},"excerpt":{"rendered":"<p>Die Ukrainer lassen sich ihren Stolz durch Putins Krieg nicht brechenund dieser ungerechtfertigte Angriffskrieg, wird sich f\u00fcr Putin r\u00e4chen.Die Ukraine will Frieden und Freiheit in einem demokratischen Systemund das ist f\u00fcr Putins korruptes und autokratisches Reich zu unbequem. Die Ukraine kann mit dem russischen Nachbarn nicht in Frieden leben,solange es den \u201eb\u00f6sen Nachbarn\u201c, den Despoten [&hellip;]<\/p>\n","protected":false},"author":1,"featured_media":0,"parent":0,"menu_order":0,"comment_status":"closed","ping_status":"closed","template":"","meta":{"footnotes":""},"class_list":["post-744","page","type-page","status-publish","hentry"],"jetpack_sharing_enabled":true,"_links":{"self":[{"href":"https:\/\/overline-poetry.de\/index.php\/wp-json\/wp\/v2\/pages\/744","targetHints":{"allow":["GET"]}}],"collection":[{"href":"https:\/\/overline-poetry.de\/index.php\/wp-json\/wp\/v2\/pages"}],"about":[{"href":"https:\/\/overline-poetry.de\/index.php\/wp-json\/wp\/v2\/types\/page"}],"author":[{"embeddable":true,"href":"https:\/\/overline-poetry.de\/index.php\/wp-json\/wp\/v2\/users\/1"}],"replies":[{"embeddable":true,"href":"https:\/\/overline-poetry.de\/index.php\/wp-json\/wp\/v2\/comments?post=744"}],"version-history":[{"count":1,"href":"https:\/\/overline-poetry.de\/index.php\/wp-json\/wp\/v2\/pages\/744\/revisions"}],"predecessor-version":[{"id":749,"href":"https:\/\/overline-poetry.de\/index.php\/wp-json\/wp\/v2\/pages\/744\/revisions\/749"}],"wp:attachment":[{"href":"https:\/\/overline-poetry.de\/index.php\/wp-json\/wp\/v2\/media?parent=744"}],"curies":[{"name":"wp","href":"https:\/\/api.w.org\/{rel}","templated":true}]}}