
{"id":763,"date":"2023-05-14T08:21:00","date_gmt":"2023-05-14T08:21:00","guid":{"rendered":"https:\/\/overline-poetry.de\/?page_id=763"},"modified":"2025-08-31T08:24:25","modified_gmt":"2025-08-31T08:24:25","slug":"putin-das-russische-rumpelstilzchen","status":"publish","type":"page","link":"https:\/\/overline-poetry.de\/index.php\/putin-das-russische-rumpelstilzchen\/","title":{"rendered":"Putin, das russische Rumpelstilzchen"},"content":{"rendered":"\n<p>Bei \u00c4rger bl\u00e4ht mein Gesicht, wie beim erregten Kugelfisch<br>und dann schlage mit F\u00e4usten w\u00fctend auf den Tagungstisch.<br>Werde ich w\u00fctend, dann stampfe ich auf, mit beiden F\u00fcssen,<br>wenn ich Befehlsempf\u00e4nger im Kreml dann werde begr\u00fc\u00dfen.<br>Ich verhalte mich, wie ein Kind vor den Supermarktkassen,<br>dem die Eltern ein begehrtes Spielzeug nicht kaufen lassen.<br><br><strong>Ach, wie gut, dass die russischen B\u00fcrger mir alles glauben.<br>Ich, das russisches Rumpelstilzchen, kann mir viel erlauben.<\/strong><br><br>Ich will nicht, dass die Nato neue Mitglieder hinzu gewinnt<br>und meine Hoffnung auf ein russisches Gro\u00dfreich zerrinnt.<br>So der geniale Gedanke: Ich komme als Friedensmissionar,<br>um die Ukraine fest mit Russland zu verbinden, das ist klar.<br>Beim Einmarsch gehofft, dass nur russische Fahnen wehen,<br>aber diese Wehrhaftigkeit, dass konnte ich nicht verstehen.<br><br><strong>Ach, wie gut, dass die russischen B\u00fcrger es nicht vermissen.<br>Ich, das russische Rumpelstilzchen, habe gar kein Gewissen.<\/strong><br><br>Giftig werde ich mich meiner politischen Gegner entledigen<br>und selbst in der Kirche sie nur meine \u201eWahrheit\u201c predigen,<br>Auch der russische Geistliche Kyrill war mal ein KGB-Agent<br>und auch darauf gedrillt, dass er nur meine Meinung nennt.<br>Unbequeme Konkurrenten lasse ich in ein Gulag wegsperren<br>und lange Zeit eingesperrt, da k\u00f6nnen sie sich nicht wehren.<br><br><strong>Ach, wie gut, dass russische B\u00fcrger mich immer noch ehren.<br>Ich, das russische Rumpelstilzchen, den Aufstand abwehren.<\/strong><br><br>Ich will ohne jeden Widerspruch das russische Reich f\u00fchren<br>und mich f\u00fcr alle Ewigkeiten dann zum Pr\u00e4sidenten k\u00fcren.<br>Aber zuvor musste die russische Verfassung noch novelliert<br>und in der Zwischenzeit vom KGB-Mann Medwedew regiert.<br>Die Marionette Medwedew wurde von mir dann so gelenkt<br>und weiter gef\u00fchrt, wie ich, der Pr\u00e4sident in Spe, es denkt.<br><br><strong>Ach, wie gut, dass russische B\u00fcrger noch auf mich setzen.<br>Ich, das russische Rumpelstilzchen, wei\u00df das zu sch\u00e4tzen.<\/strong><br><br>Ach wie gut, dass kein russischer B\u00fcrger die Wahrheit wei\u00df,<br>dass ich, Putin, auf Meinungsfreiheit und freie Presse schei\u00df.<br>So kann ich den B\u00fcrgern nur meine \u201eWahrheit\u201c suggerieren,<br>denn beim KGB gelernt, das KGB-Agenten niemals verlieren.<br>Ich, das russische Rumpelstilzchen, werde sehr viel riskieren,<br>aber wenn die russischen B\u00fcrger in Not, werde ich verlieren.<br><br><strong>Ach, wie gut, dass die russischen B\u00fcrger mir alles vergeben.<br>Ich, das russisches Rumpelstilzchen, fordere auch ihr Leben.<\/strong><br><br><strong>\u00a9<\/strong> Rainer Dambroth &#8211; 14.05.2023 &#8211; <strong><a href=\"http:\/\/www.overline-poetry.de\/\">www.overline-poetry.de<\/a><\/strong><\/p>\n\n\n\n<p><\/p>\n","protected":false},"excerpt":{"rendered":"<p>Bei \u00c4rger bl\u00e4ht mein Gesicht, wie beim erregten Kugelfischund dann schlage mit F\u00e4usten w\u00fctend auf den Tagungstisch.Werde ich w\u00fctend, dann stampfe ich auf, mit beiden F\u00fcssen,wenn ich Befehlsempf\u00e4nger im Kreml dann werde begr\u00fc\u00dfen.Ich verhalte mich, wie ein Kind vor den Supermarktkassen,dem die Eltern ein begehrtes Spielzeug nicht kaufen lassen. Ach, wie gut, dass die russischen [&hellip;]<\/p>\n","protected":false},"author":1,"featured_media":0,"parent":0,"menu_order":0,"comment_status":"closed","ping_status":"closed","template":"","meta":{"footnotes":""},"class_list":["post-763","page","type-page","status-publish","hentry"],"jetpack_sharing_enabled":true,"_links":{"self":[{"href":"https:\/\/overline-poetry.de\/index.php\/wp-json\/wp\/v2\/pages\/763","targetHints":{"allow":["GET"]}}],"collection":[{"href":"https:\/\/overline-poetry.de\/index.php\/wp-json\/wp\/v2\/pages"}],"about":[{"href":"https:\/\/overline-poetry.de\/index.php\/wp-json\/wp\/v2\/types\/page"}],"author":[{"embeddable":true,"href":"https:\/\/overline-poetry.de\/index.php\/wp-json\/wp\/v2\/users\/1"}],"replies":[{"embeddable":true,"href":"https:\/\/overline-poetry.de\/index.php\/wp-json\/wp\/v2\/comments?post=763"}],"version-history":[{"count":1,"href":"https:\/\/overline-poetry.de\/index.php\/wp-json\/wp\/v2\/pages\/763\/revisions"}],"predecessor-version":[{"id":767,"href":"https:\/\/overline-poetry.de\/index.php\/wp-json\/wp\/v2\/pages\/763\/revisions\/767"}],"wp:attachment":[{"href":"https:\/\/overline-poetry.de\/index.php\/wp-json\/wp\/v2\/media?parent=763"}],"curies":[{"name":"wp","href":"https:\/\/api.w.org\/{rel}","templated":true}]}}