
{"id":770,"date":"2022-04-15T09:16:00","date_gmt":"2022-04-15T09:16:00","guid":{"rendered":"https:\/\/overline-poetry.de\/?page_id=770"},"modified":"2025-08-31T09:18:27","modified_gmt":"2025-08-31T09:18:27","slug":"putin-im-blutrausch","status":"publish","type":"page","link":"https:\/\/overline-poetry.de\/index.php\/putin-im-blutrausch\/","title":{"rendered":"Putin im &#8222;Blutrausch&#8220;"},"content":{"rendered":"\n<p>Der russische Despot ist ein brutaler \u201eNimmersatt\u201c<br>und h\u00f6rt erst auf, wenn er Europa vereinnahmt hat.<br>Denn ein Gro\u00dfreich Russland, das ist was Putin will,<br>um das zu erreichen, ist er noch lange nicht am Ziel.<br><br>Er will die Nato und das demokratische Europa spalten<br>und will doch die gesamte Weltordnung neu gestalten.<br>Am liebsten w\u00e4re ihm ganz Europa in russischer Hand<br>und nicht ein \u201ewinziges\u201c Russland am \u201e\u00f6stlichen Rand\u201c.<br><br>Er wird vom Gr\u00f6\u00dfenwahn f\u00fcr ein Gro\u00dfreich getrieben<br>und will die EU-Gemeinschaft und die Nato zerrieben.<br>Nur dann kann er sich Land f\u00fcr Land dann sich holen.<br>Heute die Ukraine und morgen Finnland oder Polen!<br><br>Die Welt wird unter den Autokraten dann neu verteilt<br>und bei Aufruhr dem befreundeten Staat zur Hilfe eilt.<br>Wir leben dann in der Welt als ein \u201eAutokraten-Staat\u201c.<br>Keine freie Presse und der B\u00fcrger nichts zu sagen hat.<br><br>Der Demonstrant gegen unsere Staatsmacht \u201eschreit\u201c,<br>aber er ist nur die Stimme einer militanten Minderheit.<br>Sie stemmen sich mit Gewalt gegen eine Demokratie,<br>denn sie gr\u00fcnden mit ihren \u201eF\u00fchrern\u201c eine Autokratie.<br><br>In Afrika konnte Putin mit den Despoten kooperieren,<br>um unterst\u00fctzen, so dass sie nicht ihre Macht verlieren.<br>Aus Dankbarkeit die Despoten sich dann revanchieren,<br>und er konnte eine Milit\u00e4rbasis in dem Land etablieren.<br><br>In Syrien konnte Putin den Assad im Krieg unterst\u00fctzen<br>und so mit Bomben die Macht des Despoten besch\u00fctzen.<br>Der Despot Assad konnte dann seine Macht stabilisieren.<br>Als Dank f\u00fcr die Russen gegen die Ukraine marschieren.<br><br>Putin wird mit seinen \u201eBluthunden\u201c auch alles riskieren,<br>als Held Geschichte schreiben und darf nicht verlieren.<br>Dieses macht den Despoten brutal und unberechenbar.<br>Das er dabei auch &#8222;Illegales&#8220; einsetzt, ist dann wohl klar.<br><br><strong>\u00a9<\/strong> Rainer Dambroth &#8211; 15.04.2022 &#8211; <strong><a href=\"http:\/\/www.overline-poetry.de\/\">www.overline-poetry.de<\/a><\/strong><\/p>\n\n\n\n<p><\/p>\n","protected":false},"excerpt":{"rendered":"<p>Der russische Despot ist ein brutaler \u201eNimmersatt\u201cund h\u00f6rt erst auf, wenn er Europa vereinnahmt hat.Denn ein Gro\u00dfreich Russland, das ist was Putin will,um das zu erreichen, ist er noch lange nicht am Ziel. Er will die Nato und das demokratische Europa spaltenund will doch die gesamte Weltordnung neu gestalten.Am liebsten w\u00e4re ihm ganz Europa in [&hellip;]<\/p>\n","protected":false},"author":1,"featured_media":0,"parent":0,"menu_order":0,"comment_status":"closed","ping_status":"closed","template":"","meta":{"footnotes":""},"class_list":["post-770","page","type-page","status-publish","hentry"],"jetpack_sharing_enabled":true,"_links":{"self":[{"href":"https:\/\/overline-poetry.de\/index.php\/wp-json\/wp\/v2\/pages\/770","targetHints":{"allow":["GET"]}}],"collection":[{"href":"https:\/\/overline-poetry.de\/index.php\/wp-json\/wp\/v2\/pages"}],"about":[{"href":"https:\/\/overline-poetry.de\/index.php\/wp-json\/wp\/v2\/types\/page"}],"author":[{"embeddable":true,"href":"https:\/\/overline-poetry.de\/index.php\/wp-json\/wp\/v2\/users\/1"}],"replies":[{"embeddable":true,"href":"https:\/\/overline-poetry.de\/index.php\/wp-json\/wp\/v2\/comments?post=770"}],"version-history":[{"count":1,"href":"https:\/\/overline-poetry.de\/index.php\/wp-json\/wp\/v2\/pages\/770\/revisions"}],"predecessor-version":[{"id":774,"href":"https:\/\/overline-poetry.de\/index.php\/wp-json\/wp\/v2\/pages\/770\/revisions\/774"}],"wp:attachment":[{"href":"https:\/\/overline-poetry.de\/index.php\/wp-json\/wp\/v2\/media?parent=770"}],"curies":[{"name":"wp","href":"https:\/\/api.w.org\/{rel}","templated":true}]}}