
{"id":786,"date":"2024-08-25T14:29:00","date_gmt":"2024-08-25T14:29:00","guid":{"rendered":"https:\/\/overline-poetry.de\/?page_id=786"},"modified":"2025-08-31T14:31:41","modified_gmt":"2025-08-31T14:31:41","slug":"putins-sieg-ueber-die-ukraine-waere-fuer-ihn-ein-ein-pyrrhussieg-und-somit-eine-niederlage","status":"publish","type":"page","link":"https:\/\/overline-poetry.de\/index.php\/putins-sieg-ueber-die-ukraine-waere-fuer-ihn-ein-ein-pyrrhussieg-und-somit-eine-niederlage\/","title":{"rendered":"Putins Sieg \u00fcber die Ukraine w\u00e4re f\u00fcr ihn ein ein Pyrrhussieg und somit eine Niederlage"},"content":{"rendered":"\n<p>Eine Zukunftsprognose f\u00fcr den alternden Despoten Putin ich wage,<br>denn diese Friedensoperation Putins dauert schon fast tausend Tage.<br>Selbst dem einf\u00e4ltigsten russischen B\u00fcrger wird doch jetzt wohl klar,<br>das die Friedensmission Ukraine keine \u201eOperation des Friedens\u201c war.<br><br>Wenn russische M\u00e4nner werden bei dem Ukraine-Krieg &#8222;verbrannt&#8220;,<br>wird festgestellt, in welche teuflische Idee hat sich Putin verrannt.<br>Nur um ein Gro\u00dfreich Russland, wie die Sowjetunion, zu besitzen,<br>wird er \u201eohne R\u00fccksicht auf Verluste\u201c, das Leben der B\u00fcrger n\u00fctzen.<br><br>Wenn B\u00fcrger die vielen russischen Kriegstoten auf Friedh\u00f6fen sehen,<br>ob sie diese immer noch als die stolzen Helden Russlands verstehen.<br>Hier soll ohne Zwang dann ein sogenanntes \u201eBruderland\u201c annektiert,<br>weil dem Despot Putin wieder ein Gro\u00dfreich Russlands interessiert.<br><br>Die ganze Welt sich zur Zusammenarbeit und dem Frieden wendet,<br>aber Despot Putin das Leben der russischen B\u00fcrger \u201everschwendet\u201c.<br>Despot Putin diesen Angriffskrieg f\u00fcr Russland als wichtig inszeniert,<br>weil er bef\u00fcrchtet, das er weiter den R\u00fcckhalt in Russland verliert.<br><br>So von Despot Putin Gefahren von der Ukraine ausgehend publiziert,<br>so dass es sehr wichtig war, dass Russland sofort dagegen reagiert.<br>Der Despot Putin wurde angerufen, damit die Ukraine entnazifiziert,<br>der gesuchte Nazi nicht in der Ukraine, sondern im Kreml residiert.<br><br><strong>\u00a9 Rainer Dambroth &#8211; 25.08.2024 &#8211; <a href=\"https:\/\/www.overline-poetry.de\/\"><strong>www.overline-poetry.de<\/strong><\/a><\/strong><br><br><em>Ein \u201ePyrrhussieg\u201c ist ein <strong>mit zu hohen Verlusten und Nachteilen erkaufter Sieg, der dem Sieger mehr schadet als nutzt<\/strong>. Pyrrhus, der im Verlauf seiner siegreichen K\u00e4mpfe gegen die R\u00f6mer so viele M\u00e4nner verloren hat, soll gesagt haben: \u201eNoch einen solchen Sieg \u00fcber die R\u00f6mer \u2013 dann sind wir vollst\u00e4ndig verloren!<\/em><\/p>\n","protected":false},"excerpt":{"rendered":"<p>Eine Zukunftsprognose f\u00fcr den alternden Despoten Putin ich wage,denn diese Friedensoperation Putins dauert schon fast tausend Tage.Selbst dem einf\u00e4ltigsten russischen B\u00fcrger wird doch jetzt wohl klar,das die Friedensmission Ukraine keine \u201eOperation des Friedens\u201c war. Wenn russische M\u00e4nner werden bei dem Ukraine-Krieg &#8222;verbrannt&#8220;,wird festgestellt, in welche teuflische Idee hat sich Putin verrannt.Nur um ein Gro\u00dfreich Russland, [&hellip;]<\/p>\n","protected":false},"author":1,"featured_media":0,"parent":0,"menu_order":0,"comment_status":"closed","ping_status":"closed","template":"","meta":{"footnotes":""},"class_list":["post-786","page","type-page","status-publish","hentry"],"jetpack_sharing_enabled":true,"_links":{"self":[{"href":"https:\/\/overline-poetry.de\/index.php\/wp-json\/wp\/v2\/pages\/786","targetHints":{"allow":["GET"]}}],"collection":[{"href":"https:\/\/overline-poetry.de\/index.php\/wp-json\/wp\/v2\/pages"}],"about":[{"href":"https:\/\/overline-poetry.de\/index.php\/wp-json\/wp\/v2\/types\/page"}],"author":[{"embeddable":true,"href":"https:\/\/overline-poetry.de\/index.php\/wp-json\/wp\/v2\/users\/1"}],"replies":[{"embeddable":true,"href":"https:\/\/overline-poetry.de\/index.php\/wp-json\/wp\/v2\/comments?post=786"}],"version-history":[{"count":1,"href":"https:\/\/overline-poetry.de\/index.php\/wp-json\/wp\/v2\/pages\/786\/revisions"}],"predecessor-version":[{"id":790,"href":"https:\/\/overline-poetry.de\/index.php\/wp-json\/wp\/v2\/pages\/786\/revisions\/790"}],"wp:attachment":[{"href":"https:\/\/overline-poetry.de\/index.php\/wp-json\/wp\/v2\/media?parent=786"}],"curies":[{"name":"wp","href":"https:\/\/api.w.org\/{rel}","templated":true}]}}