
{"id":793,"date":"2024-04-14T14:40:00","date_gmt":"2024-04-14T14:40:00","guid":{"rendered":"https:\/\/overline-poetry.de\/?page_id=793"},"modified":"2025-08-31T14:43:08","modified_gmt":"2025-08-31T14:43:08","slug":"despot-putin-der-russische-moechte-gern-zar","status":"publish","type":"page","link":"https:\/\/overline-poetry.de\/index.php\/despot-putin-der-russische-moechte-gern-zar\/","title":{"rendered":"Despot Putin, der russische M\u00f6chte-gern-Zar"},"content":{"rendered":"\n<p>Seit 2012 ist Putin russischer Pr\u00e4sident und <strong>M\u00f6chte-gern-Zar<\/strong>,<br>er will ein zaristischen Gro\u00dfreich Russland, wie es fr\u00fcher mal war.<br>Das russische Volk wird desinformiert, mit der Unwahrheit belogen<br>und um die Kriegskasse zu f\u00fcllen, werden freie Staaten betrogen.<br><br>Wenn Putin k\u00e4mpft f\u00fcr seinen Ego im Sport, darf er nicht besiegt!<br>Wer dieses nicht respektiert, als \u201eSiegerpreis\u201c nach Sibirien fliegt<br>Der Putin wird ein Unterlegen im \u201eSchaukampf\u201c nicht akzeptieren,<br>denn als <strong>M\u00f6chte-gern-Zar<\/strong> will er seine Autorit\u00e4t nicht verlieren.<br><br>Der <strong>M\u00f6chte-gern-Zar<\/strong> will nur als Gewinner die Matte verlassen,<br>sonst besteht die Gefahr, dass der Gegner wird vergiftet \u201eerblassen\u201c<br>So l\u00e4sst man sich besser, als von Putin besiegt, auf die Matte legen<br>um zu verhindern, dass Angeh\u00f6rige m\u00fcssen das Grab dann pflegen<br><br>Der <strong>M\u00f6chte-gern-Zar,<\/strong> ob mit nacktem Oberk\u00f6rper auf dem Pferd<br>oder bei der Jagd, wo ein bereits erlegter B\u00e4r als Troph\u00e4e begehrt.<br>Er dann stolz mit auf dem B\u00e4ren mit dem aufgesetzten Fu\u00df posiert<br>und zeigt, dass der <strong>M\u00f6chte-gern-Zar<\/strong> Putin keinen Kampf verliert.<br><br>Despot Putin sieht die Nato zu dicht an Russlands Grenzen reichen,<br>aber wohin sollen die Frieden wollenden Staaten denn entweichen?<br>Denn wenn sie nicht zeitig die Zugeh\u00f6rigkeit zur Nato bekommen,<br>wird vom <strong>M\u00f6chte-gern-Zar<\/strong> ihre Existenz ihnen weg genommen.<br><br>Despot Putin wird von dem ideologischen Gedanken umgetrieben,<br>dass alle Staaten der ehemaligen Sowjetunion m\u00fcssten ihn lieben.<br>Belarus im Umbruch zu einer westlich gerichteten Demokratie war<br>und geholfen hat dem Lukaschenko Putin, der <strong>M\u00f6chte-gern-Zar<\/strong><br><br>Geplante Unterdr\u00fcckung durch eine ergebene Leibgarde im Umfeld<br>die dann gut versorgt, denen und deren Familien es an nichts fehlt.<br>Sie den <strong>M\u00f6chte-gern-Zar<\/strong> vor aufst\u00e4ndischen B\u00fcrgern besch\u00fctzen,<br>denn ein Volksaufstand wird der russischen Autokratie nicht n\u00fctzen.<br><br><strong>\u00a9 Rainer Dambroth &#8211; 14.04.2024 &#8211; <a href=\"https:\/\/www.overline-poetry.de\/\">www.overline-poetry.de<\/a><\/strong><\/p>\n","protected":false},"excerpt":{"rendered":"<p>Seit 2012 ist Putin russischer Pr\u00e4sident und M\u00f6chte-gern-Zar,er will ein zaristischen Gro\u00dfreich Russland, wie es fr\u00fcher mal war.Das russische Volk wird desinformiert, mit der Unwahrheit belogenund um die Kriegskasse zu f\u00fcllen, werden freie Staaten betrogen. Wenn Putin k\u00e4mpft f\u00fcr seinen Ego im Sport, darf er nicht besiegt!Wer dieses nicht respektiert, als \u201eSiegerpreis\u201c nach Sibirien fliegtDer [&hellip;]<\/p>\n","protected":false},"author":1,"featured_media":0,"parent":0,"menu_order":0,"comment_status":"closed","ping_status":"closed","template":"","meta":{"footnotes":""},"class_list":["post-793","page","type-page","status-publish","hentry"],"jetpack_sharing_enabled":true,"_links":{"self":[{"href":"https:\/\/overline-poetry.de\/index.php\/wp-json\/wp\/v2\/pages\/793","targetHints":{"allow":["GET"]}}],"collection":[{"href":"https:\/\/overline-poetry.de\/index.php\/wp-json\/wp\/v2\/pages"}],"about":[{"href":"https:\/\/overline-poetry.de\/index.php\/wp-json\/wp\/v2\/types\/page"}],"author":[{"embeddable":true,"href":"https:\/\/overline-poetry.de\/index.php\/wp-json\/wp\/v2\/users\/1"}],"replies":[{"embeddable":true,"href":"https:\/\/overline-poetry.de\/index.php\/wp-json\/wp\/v2\/comments?post=793"}],"version-history":[{"count":1,"href":"https:\/\/overline-poetry.de\/index.php\/wp-json\/wp\/v2\/pages\/793\/revisions"}],"predecessor-version":[{"id":797,"href":"https:\/\/overline-poetry.de\/index.php\/wp-json\/wp\/v2\/pages\/793\/revisions\/797"}],"wp:attachment":[{"href":"https:\/\/overline-poetry.de\/index.php\/wp-json\/wp\/v2\/media?parent=793"}],"curies":[{"name":"wp","href":"https:\/\/api.w.org\/{rel}","templated":true}]}}