
{"id":801,"date":"2022-02-24T15:00:00","date_gmt":"2022-02-24T15:00:00","guid":{"rendered":"https:\/\/overline-poetry.de\/?page_id=801"},"modified":"2025-08-31T15:02:12","modified_gmt":"2025-08-31T15:02:12","slug":"putin-der-russische-baerenaufbinder","status":"publish","type":"page","link":"https:\/\/overline-poetry.de\/index.php\/putin-der-russische-baerenaufbinder\/","title":{"rendered":"Putin, der russische B\u00e4r(enaufbinder)"},"content":{"rendered":"\n<p>Aufgebunden wurden der Nato und der EU vom Despoten Putin einen B\u00e4ren,<br>denn er schafft Tatsachen und dagegen m\u00fcssen sich die Nato und EU wehren.<br>Teile der Ukraine wurden 2014 gewaltsam mit prorussischen Milizen besetzt<br>und jetzt durch Russland f\u00fcr unabh\u00e4ngig erkl\u00e4rt und als Staat wertgesch\u00e4tzt.<br><br>Die jetzt \u201eunabh\u00e4ngigen\u201c Staaten bitten dann Russland nat\u00fcrlich um Schutz<br>und dem kommt Putin sehr gerne nach, wenn auch nicht ohne Eigennutz.<br>In diese Staaten wird er so dann sogenannte \u201eFriedenstruppen\u201c entsenden,<br>um damit die verzweifelten K\u00e4mpfe der Ukraine um ihre Gebiete zu beenden.<br><br>So ist es gekommen, wie es kommen musste, denn die Ukraine wird besetzt<br>und dann die demokratische F\u00fchrung durch prorussische Autokraten ersetzt.<br>Mit prorussischer F\u00fchrung wird man auch die Ukraine unabh\u00e4ngig sch\u00fctzen<br>und das wird dann nur der russischen geopolitischen Kriegsstrategie n\u00fctzen.<br><br>Haben die Nato oder EU den Despoten und Kriegstreiber Putin untersch\u00e4tzt,<br>denn er hat die Ukraine erst einmal \u201ezu ihrem Schutze\u201c milit\u00e4risch besetzt.<br>Die angedrohten Sanktionen scheinen Putin nicht besonders zu interessieren,<br>und was sollen die Nato und die EU machen, ohne einen Krieg zu riskieren?<br><br>Die Verhandlungsangebote scheinen dem Despoten Putin nicht zu erreichen,<br>denn Putin hat jetzt, was er haben wollte und er l\u00e4sst sich nicht erweichen.<br>Die Medien in Russland werden nur mit russischer Propaganda informieren<br>und damit damit den \u201esch\u00fctzenden\u201c Eingriff von Russland zu legitimieren.<br><br>Bei seiner Ansprache gerichtet an die Nato und der EU hat Putin, der Despot,<br>im Falle eines milit\u00e4rischen Eingriffs mit folgenschwerer Vergeltung gedroht.<br>Er hat das Ende des friedlichen Umgangs zwischen Ost und West signalisiert,<br>denn er will wieder ein russisches Gro\u00dfreich, weswegen er den Krieg riskiert.<br><br><strong>\u00a9<\/strong> Rainer Dambroth &#8211; 24.02.2022 &#8211; <strong><a href=\"http:\/\/www.overline-poetry.de\/\">www.overline-poetry.de<\/a><\/strong><\/p>\n","protected":false},"excerpt":{"rendered":"<p>Aufgebunden wurden der Nato und der EU vom Despoten Putin einen B\u00e4ren,denn er schafft Tatsachen und dagegen m\u00fcssen sich die Nato und EU wehren.Teile der Ukraine wurden 2014 gewaltsam mit prorussischen Milizen besetztund jetzt durch Russland f\u00fcr unabh\u00e4ngig erkl\u00e4rt und als Staat wertgesch\u00e4tzt. Die jetzt \u201eunabh\u00e4ngigen\u201c Staaten bitten dann Russland nat\u00fcrlich um Schutzund dem kommt [&hellip;]<\/p>\n","protected":false},"author":1,"featured_media":0,"parent":0,"menu_order":0,"comment_status":"closed","ping_status":"closed","template":"","meta":{"footnotes":""},"class_list":["post-801","page","type-page","status-publish","hentry"],"jetpack_sharing_enabled":true,"_links":{"self":[{"href":"https:\/\/overline-poetry.de\/index.php\/wp-json\/wp\/v2\/pages\/801","targetHints":{"allow":["GET"]}}],"collection":[{"href":"https:\/\/overline-poetry.de\/index.php\/wp-json\/wp\/v2\/pages"}],"about":[{"href":"https:\/\/overline-poetry.de\/index.php\/wp-json\/wp\/v2\/types\/page"}],"author":[{"embeddable":true,"href":"https:\/\/overline-poetry.de\/index.php\/wp-json\/wp\/v2\/users\/1"}],"replies":[{"embeddable":true,"href":"https:\/\/overline-poetry.de\/index.php\/wp-json\/wp\/v2\/comments?post=801"}],"version-history":[{"count":1,"href":"https:\/\/overline-poetry.de\/index.php\/wp-json\/wp\/v2\/pages\/801\/revisions"}],"predecessor-version":[{"id":805,"href":"https:\/\/overline-poetry.de\/index.php\/wp-json\/wp\/v2\/pages\/801\/revisions\/805"}],"wp:attachment":[{"href":"https:\/\/overline-poetry.de\/index.php\/wp-json\/wp\/v2\/media?parent=801"}],"curies":[{"name":"wp","href":"https:\/\/api.w.org\/{rel}","templated":true}]}}