
{"id":809,"date":"2022-03-16T15:50:00","date_gmt":"2022-03-16T15:50:00","guid":{"rendered":"https:\/\/overline-poetry.de\/?page_id=809"},"modified":"2025-09-05T16:27:05","modified_gmt":"2025-09-05T16:27:05","slug":"putin-und-seine-pressefreiheit","status":"publish","type":"page","link":"https:\/\/overline-poetry.de\/index.php\/putin-und-seine-pressefreiheit\/","title":{"rendered":"Putin und seine &#8222;Pressefreiheit&#8220;"},"content":{"rendered":"\n<p>Wenn die Wahrheit wird von dem Despoten Putin solange \u201efalsch\u201c korrigiert,<br>bis es dem Despoten Putin gef\u00e4llt, aber den Boden der Tatsachen ganz verliert.<br>Er will auch, dass die Worte wie Krieg nicht in den Medien verbreitet werden,<br>denn er erz\u00e4hlt von einer Friedensmission zum Schutze der ukrainische Erden.<br><br>Die russischen B\u00fcrger sind durch Einseitigkeit der Medien nicht gut informiert,<br>denn sie bekommen in den Medien nur Putins korrigierte Wahrheit pr\u00e4sentiert.<br>Noch viele Russen glauben an die (gelogene) Wahrheit ihres Pr\u00e4sidenten nur,<br>dabei sind fast alle Aussagen ihres Pr\u00e4sidenten Putin doch nur noch L\u00fcgen pur.<br><br>Putin kann noch so viele protestierende russische B\u00fcrger mit Gewalt inhaftieren,<br>aber immer mehr russische B\u00fcrger werden sich \u00fcber dieses System informieren.<br>Der Mut zur Offensive verbreitet sich und wird auch andere B\u00fcrger motivieren.<br>Freie Menschen sich f\u00fcr unzensierte Informationen in den Medien interessieren.<br><br>Die Journalistin Marina Owsjannikowa eines staatlichen Sender wird inhaftiert,<br>weil sie Russlands B\u00fcrger \u00fcber die Wahrheit von Putins Angriffskrieg informiert.<br>Diese Wahrheit in einer Live-Sendung aufzuzeigen, dazu geh\u00f6rt sehr viel Mut.<br>Sie bekommt weltweit hohe Anerkennung und der Putin sch\u00e4umt \u00fcber vor Wut.<br><br>Der Putin sich morgens \u201eheimlich\u201c \u00fcber die westlichen Medien dann informiert,<br>ihn die westliche Meinung \u00fcber seine Kriegsf\u00fchrung in der Ukraine interessiert.<br>Er will wissen, wie weit kann er mit seinen \u201eEroberungskriegen\u201c noch gehen<br>und dazu muss er die Meinungen des Westens \u00fcber seine Strategien verstehen.<br><br>An alle russischen B\u00fcrger als Appell, geht gegen Putins Krieg demonstrieren,<br>denn ihr, eure M\u00e4nner und S\u00f6hne werdet Opfer und bei diesem Krieg verlieren!<br>Pr\u00e4sident Putin regiert vom Gr\u00f6\u00dfenwahn getrieben und handelt auch paranoid.<br>Er will ein gro\u00dfes Reich und an an euch, macht diesen Angriffskrieg nicht mit!<br><br><strong>\u00a9<\/strong> Rainer Dambroth &#8211; 16.03.2022 &#8211; <strong><a href=\"https:\/\/www.overline-poetry.de\/\">www.overline-poetry.de<\/a><\/strong><br><\/p>\n\n\n\n<figure class=\"wp-block-image size-full\"><img decoding=\"async\" width=\"128\" height=\"128\" src=\"https:\/\/overline-poetry.de\/wp-content\/uploads\/2025\/08\/grafik-4.png\" alt=\"\" class=\"wp-image-810\"\/><\/figure>\n\n\n\n<p><\/p>\n","protected":false},"excerpt":{"rendered":"<p>Wenn die Wahrheit wird von dem Despoten Putin solange \u201efalsch\u201c korrigiert,bis es dem Despoten Putin gef\u00e4llt, aber den Boden der Tatsachen ganz verliert.Er will auch, dass die Worte wie Krieg nicht in den Medien verbreitet werden,denn er erz\u00e4hlt von einer Friedensmission zum Schutze der ukrainische Erden. Die russischen B\u00fcrger sind durch Einseitigkeit der Medien nicht [&hellip;]<\/p>\n","protected":false},"author":1,"featured_media":0,"parent":0,"menu_order":0,"comment_status":"closed","ping_status":"closed","template":"","meta":{"footnotes":""},"class_list":["post-809","page","type-page","status-publish","hentry"],"jetpack_sharing_enabled":true,"_links":{"self":[{"href":"https:\/\/overline-poetry.de\/index.php\/wp-json\/wp\/v2\/pages\/809","targetHints":{"allow":["GET"]}}],"collection":[{"href":"https:\/\/overline-poetry.de\/index.php\/wp-json\/wp\/v2\/pages"}],"about":[{"href":"https:\/\/overline-poetry.de\/index.php\/wp-json\/wp\/v2\/types\/page"}],"author":[{"embeddable":true,"href":"https:\/\/overline-poetry.de\/index.php\/wp-json\/wp\/v2\/users\/1"}],"replies":[{"embeddable":true,"href":"https:\/\/overline-poetry.de\/index.php\/wp-json\/wp\/v2\/comments?post=809"}],"version-history":[{"count":1,"href":"https:\/\/overline-poetry.de\/index.php\/wp-json\/wp\/v2\/pages\/809\/revisions"}],"predecessor-version":[{"id":814,"href":"https:\/\/overline-poetry.de\/index.php\/wp-json\/wp\/v2\/pages\/809\/revisions\/814"}],"wp:attachment":[{"href":"https:\/\/overline-poetry.de\/index.php\/wp-json\/wp\/v2\/media?parent=809"}],"curies":[{"name":"wp","href":"https:\/\/api.w.org\/{rel}","templated":true}]}}