
{"id":818,"date":"2022-03-05T16:10:00","date_gmt":"2022-03-05T16:10:00","guid":{"rendered":"https:\/\/overline-poetry.de\/?page_id=818"},"modified":"2025-08-31T16:20:25","modified_gmt":"2025-08-31T16:20:25","slug":"putin-der-russische-luegenbaron","status":"publish","type":"page","link":"https:\/\/overline-poetry.de\/index.php\/putin-der-russische-luegenbaron\/","title":{"rendered":"Putin, der russische \u201eL\u00fcgenbaron\u201c"},"content":{"rendered":"\n<p>Wenn er im Medien vom Einmarsch in die Ukraine berichtet, sehr realit\u00e4tsfern,<br>denn er berichtet von einem Unterst\u00fctzungskrieg f\u00fcr ein Bruderland sehr gern.<br>\u201eUnd willst du nicht mein Bruder sein, so schlage ich dir deinen Sch\u00e4del ein!\u201c<br>Aber ein \u201eBruderland\u201c so zu bekriegen, dass geht in meinem Kopf nicht hinein.<br><br>Putin untersch\u00e4tzt sehr die Medieninformationen bei der j\u00fcngeren Generation,<br>denn sie erkennen und unterscheiden zwischen L\u00fcge und Wahrheit doch schon.<br>Sie werden die \u00e4lteren Menschen \u00fcber die wirkliche Wahrheit dann informieren,<br>was in der \u201eL\u00fcgenfestung\u201c, dem Kreml, ausgeheckt und was man will forcieren.<br><br>Junge M\u00e4nner wurden f\u00fcr den Angriffskrieg gefangen und an die Front gestellt,<br>denn Putin ist es v\u00f6llig egal, ob es den Soldaten in einem &#8222;Bruderkrieg&#8220; gef\u00e4llt.<br>F\u00fcr den Wiederaufbau eines gro\u00dfen Reiches und vom Gr\u00f6\u00dfenwahn getrieben,<br>plant er die n\u00e4chste feindliche \u00dcbernahme, wo weiteres Land wird zerrieben.<br><br>Berichtet in den Medien darf nur das, wo Putin in einem guten Licht erscheint<br>und verhaftet wird der, der die Wahrheit berichtet und dieses auch so meint.<br>Freie Sender haben bei dieser Androhung ihre Arbeit in Russland eingestellt,<br>denn immer mit der Angst zu leben, dass diese Berichtserstattung nicht gef\u00e4llt.<br><br>Die zu glaubende Wahrheit, die wird von dem L\u00fcgenbaron Putin vorgegeben,<br>woran sich die Leute orientieren zu haben, wenn sie noch wollen weiter leben.<br>Sie leben unter einer \u201eK\u00e4seglocke\u201c, wo nur die eine Wahrheit von Putin z\u00e4hlt.<br>Eine Alternative gibt es nicht, denn sie haben den L\u00fcgenbaron Putin gew\u00e4hlt.<br><br>Eine Demokratie in Russland, dass w\u00fcrde nicht passen, zu Putins L\u00fcgenwelt,<br>denn dann k\u00f6nnte er nicht mehr so frei agieren, so wie es ihm doch gef\u00e4llt.<br>Ein russisches Oligarchen-Reich, das bietet die M\u00f6glichkeiten f\u00fcr Korruption<br>und dem L\u00fcgenbaron Putin gef\u00e4llt, denn er kassiert auch seinen Teil davon.<\/p>\n\n\n\n<p><strong>\u00a9<\/strong> Rainer Dambroth &#8211; 05.03.2022 &#8211; <strong><a href=\"https:\/\/www.overline-poetry.de\/\">www.overline-poetry.de<\/a><\/strong><br><\/p>\n\n\n\n<figure class=\"wp-block-image size-full\"><img decoding=\"async\" width=\"128\" height=\"128\" src=\"https:\/\/overline-poetry.de\/wp-content\/uploads\/2025\/08\/grafik-5.png\" alt=\"\" class=\"wp-image-819\"\/><\/figure>\n","protected":false},"excerpt":{"rendered":"<p>Wenn er im Medien vom Einmarsch in die Ukraine berichtet, sehr realit\u00e4tsfern,denn er berichtet von einem Unterst\u00fctzungskrieg f\u00fcr ein Bruderland sehr gern.\u201eUnd willst du nicht mein Bruder sein, so schlage ich dir deinen Sch\u00e4del ein!\u201cAber ein \u201eBruderland\u201c so zu bekriegen, dass geht in meinem Kopf nicht hinein. Putin untersch\u00e4tzt sehr die Medieninformationen bei der j\u00fcngeren [&hellip;]<\/p>\n","protected":false},"author":1,"featured_media":0,"parent":0,"menu_order":0,"comment_status":"closed","ping_status":"closed","template":"","meta":{"footnotes":""},"class_list":["post-818","page","type-page","status-publish","hentry"],"jetpack_sharing_enabled":true,"_links":{"self":[{"href":"https:\/\/overline-poetry.de\/index.php\/wp-json\/wp\/v2\/pages\/818","targetHints":{"allow":["GET"]}}],"collection":[{"href":"https:\/\/overline-poetry.de\/index.php\/wp-json\/wp\/v2\/pages"}],"about":[{"href":"https:\/\/overline-poetry.de\/index.php\/wp-json\/wp\/v2\/types\/page"}],"author":[{"embeddable":true,"href":"https:\/\/overline-poetry.de\/index.php\/wp-json\/wp\/v2\/users\/1"}],"replies":[{"embeddable":true,"href":"https:\/\/overline-poetry.de\/index.php\/wp-json\/wp\/v2\/comments?post=818"}],"version-history":[{"count":1,"href":"https:\/\/overline-poetry.de\/index.php\/wp-json\/wp\/v2\/pages\/818\/revisions"}],"predecessor-version":[{"id":823,"href":"https:\/\/overline-poetry.de\/index.php\/wp-json\/wp\/v2\/pages\/818\/revisions\/823"}],"wp:attachment":[{"href":"https:\/\/overline-poetry.de\/index.php\/wp-json\/wp\/v2\/media?parent=818"}],"curies":[{"name":"wp","href":"https:\/\/api.w.org\/{rel}","templated":true}]}}