
{"id":826,"date":"2022-04-21T16:38:00","date_gmt":"2022-04-21T16:38:00","guid":{"rendered":"https:\/\/overline-poetry.de\/?page_id=826"},"modified":"2025-09-07T06:02:47","modified_gmt":"2025-09-07T06:02:47","slug":"putin-virus","status":"publish","type":"page","link":"https:\/\/overline-poetry.de\/index.php\/putin-virus\/","title":{"rendered":"Putin-Virus"},"content":{"rendered":"\n<p>Hat man sich in den Medien mit dem Putin-Virus infiziert,<br>dann man doch den Blick f\u00fcr die reale Wirklichkeit verliert,<br>so dass einem nur Putins \u201egelogene Wahrheit\u201c interessiert<br>und wenn man das ignoriert, man eine Verhaftung riskiert.<br><br>Das Putin-Virus sich durch Putins L\u00fcgen schnell verbreitet,<br>so dass es die B\u00fcrger zu Fehleinsch\u00e4tzungen dann verleitet.<br>Die Despoten sehen ihr Handeln als eine \u201eFriedensmission\u201c<br>und der Grund, sie wollen ihr Reich noch vergr\u00f6\u00dfern schon.<br><br>Wer Putin als \u201eRausschmei\u00dfer\u201c in seinem Lokal engagiert,<br>au\u00dfer den st\u00f6renden Gast, auch gleich sein Lokal verliert.<br>Denn Putin wird gleich das Lokal dann komplett zerst\u00f6ren<br>und die Einwendungen der Hausbesitzer nicht mehr h\u00f6ren.<br><br>Das Virus kann nur mit dem \u201eTotimpfstoff\u201c entfernt werden.<br>Russland hat damit die meisten Erfahrungen hier auf Erden.<br>Nach Verabreichung eine Heilung vom Putin-Virus besteht<br>und danach gibt es wieder die Hoffnung auf eine Normalit\u00e4t.<br><br>Der \u201eTotimpfstoff\u201c wird den Delinquenten direkt verabreicht,<br>so dass man dann kontrolliert, ob die Wirkung ihn erreicht.<br>Wenn er mit dem \u201eTotimpfstoff\u201c aus dem \u201eLeben scheidet\u201c,<br>dann seid vorsichtig und den Selbstversuch damit vermeidet.<br><br>Beim Angriff der Ukraine wurde das Putin-Virus gefunden.<br>Putin hat sich infiziert und ist an kein V\u00f6lkerrecht gebunden.<br>So konnte er den Krieg als eine Sonderoperation deklarieren<br>und das russische Volk \u00fcber eine Unterst\u00fctzung informieren.<br><br>Den Putin der Protest der freien Staaten nicht interessiert,<br>aber die Unterst\u00fctzung der Ukraine durch die Nato irritiert.<br>Russland droht bei Unterst\u00fctzung mit Einsatz von Nuklear!<br>Ist es ein \u201eBluff\u201c, oder macht er seine Drohung auch wahr?<br><br><strong>\u00a9<\/strong> Rainer Dambroth &#8211; 21.04.2022 &#8211; <strong><a href=\"http:\/\/www.overline-poetry.de\/\">www.overline-poetry.de<\/a><\/strong><br><br><em>&#8222;Totimpfstoff&#8220; = in diesem Fall ist Gift gemeint<\/em><br><br><em>Wladimir Putins politische Gegner werden nicht regelm\u00e4\u00dfig direkt vergiftet, aber es gab Vorf\u00e4lle, bei denen mutma\u00dfliche Oppositionelle vergiftet wurden, wie etwa der russische Oppositionspolitiker und Antikorruptionsaktivist Alexei Nawalny und der ehemalige russische Doppelagent Sergei Skripal, der zusammen mit seiner Tochter Julia mit dem Nervenkampfstoff Nowitschok vergiftet wurde.<br>Internetfund<\/em><\/p>\n\n\n\n<p><\/p>\n","protected":false},"excerpt":{"rendered":"<p>Hat man sich in den Medien mit dem Putin-Virus infiziert,dann man doch den Blick f\u00fcr die reale Wirklichkeit verliert,so dass einem nur Putins \u201egelogene Wahrheit\u201c interessiertund wenn man das ignoriert, man eine Verhaftung riskiert. Das Putin-Virus sich durch Putins L\u00fcgen schnell verbreitet,so dass es die B\u00fcrger zu Fehleinsch\u00e4tzungen dann verleitet.Die Despoten sehen ihr Handeln als [&hellip;]<\/p>\n","protected":false},"author":1,"featured_media":0,"parent":0,"menu_order":0,"comment_status":"closed","ping_status":"closed","template":"","meta":{"footnotes":""},"class_list":["post-826","page","type-page","status-publish","hentry"],"jetpack_sharing_enabled":true,"_links":{"self":[{"href":"https:\/\/overline-poetry.de\/index.php\/wp-json\/wp\/v2\/pages\/826","targetHints":{"allow":["GET"]}}],"collection":[{"href":"https:\/\/overline-poetry.de\/index.php\/wp-json\/wp\/v2\/pages"}],"about":[{"href":"https:\/\/overline-poetry.de\/index.php\/wp-json\/wp\/v2\/types\/page"}],"author":[{"embeddable":true,"href":"https:\/\/overline-poetry.de\/index.php\/wp-json\/wp\/v2\/users\/1"}],"replies":[{"embeddable":true,"href":"https:\/\/overline-poetry.de\/index.php\/wp-json\/wp\/v2\/comments?post=826"}],"version-history":[{"count":3,"href":"https:\/\/overline-poetry.de\/index.php\/wp-json\/wp\/v2\/pages\/826\/revisions"}],"predecessor-version":[{"id":1039,"href":"https:\/\/overline-poetry.de\/index.php\/wp-json\/wp\/v2\/pages\/826\/revisions\/1039"}],"wp:attachment":[{"href":"https:\/\/overline-poetry.de\/index.php\/wp-json\/wp\/v2\/media?parent=826"}],"curies":[{"name":"wp","href":"https:\/\/api.w.org\/{rel}","templated":true}]}}