
{"id":830,"date":"2024-02-25T16:52:00","date_gmt":"2024-02-25T16:52:00","guid":{"rendered":"https:\/\/overline-poetry.de\/?page_id=830"},"modified":"2025-08-31T17:00:13","modified_gmt":"2025-08-31T17:00:13","slug":"auch-der-oppositionelle-nawalny-musste-sterben","status":"publish","type":"page","link":"https:\/\/overline-poetry.de\/index.php\/auch-der-oppositionelle-nawalny-musste-sterben\/","title":{"rendered":"Auch der oppositionelle Nawalny musste sterben!"},"content":{"rendered":"\n<p>Alexei Nawalnys offener Protest war f\u00fcr Despot Putin zu gef\u00e4hrlich,<br>denn der Despot Putin ist ein Narzisst und gepr\u00e4gt \u201eselbstherrlich\u201c.<br>Putin ist hochgradig paranoid und auch von der Vorstellung gequ\u00e4lt,<br>das in Russland wird ein Oppositioneller zum Pr\u00e4sidenten gew\u00e4hlt.<br>Eine Opposition in der Duma w\u00fcrde seine Autorit\u00e4t unterminieren.<br>Das will der konkurrenzlos regierende Despot Putin nicht riskieren.<br><br>Nawalny wurde von Putins Schergen mit Gift fast ein Ende gesetzt,<br>aber Putin hatte die \u00e4rztliche Versorgung der Charite untersch\u00e4tzt.<br>Nach der Genesung wollte Nawalny unbedingt nach Russland reisen,<br>um der russischen Bev\u00f6lkerung den m\u00f6glichen Wandel zu beweisen.<br>Schon am Flughafen ankommend, wurde er dann sofort inhaftiert,<br>hart verurteilt und dann nach Sibirien in ein Arbeitslager deportiert.<br><br>Russische B\u00fcrger die ihre Trauer um Nawalnys Tod wollen bekunden<br>werden \u00fcberwacht, verpr\u00fcgelt, inhaftiert &#8222;in all den Tagesstunden\u201c.<br>Eine offene feierliche Beisetzung von Nawalny musste ausgesetzt,<br>denn Putin will nicht, dass der Tod von Nawalny wird wertgesch\u00e4tzt.<br>Der Beisetzungsort von Nawalny darf auch nicht \u00f6ffentlich genannt,<br>sonst die Bef\u00fcrchtung von Putin, das dieser als \u201ePilgerort\u201c bekannt.<br><br>Am 17. M\u00e4rz wird die russische Bev\u00f6lkerung an die Urnen getrieben<br>um mit ihrer W\u00e4hlerstimme zu bekunden, dass sie nur Putin \u201elieben&#8220;<br>Sofort nach der Stimmangabe wird das Pro-Putin-Votum kontrolliert,<br>so vermeidet man, dass Despot Putin dann die Wiederwahl verliert.<br>Bei \u201eanders W\u00e4hlenden\u201c, die Stimmangabe sofort richtig korrigiert<br>und der \u201eanders Denkende\u201c wird dann sofort in ein Gulag inhaftiert.<br><br><strong>\u00a9<\/strong> Rainer Dambroth &#8211; 25.02.2024 &#8211; <strong><a href=\"http:\/\/www.overline-poetry.de\/\">www.overline-poetry.de<\/a><\/strong><br><br><em><strong>Alexei Anatoljewitsch Nawalny<\/strong><br>Seit 2010 trat Nawalny als Kritiker der Korruption in seinem Land \u00f6ffentlich in Erscheinung und machte das Putin-Regime daf\u00fcr verantwortlich.<br>Wikipedia<\/em><\/p>\n\n\n\n<p><\/p>\n\n\n\n<p><\/p>\n","protected":false},"excerpt":{"rendered":"<p>Alexei Nawalnys offener Protest war f\u00fcr Despot Putin zu gef\u00e4hrlich,denn der Despot Putin ist ein Narzisst und gepr\u00e4gt \u201eselbstherrlich\u201c.Putin ist hochgradig paranoid und auch von der Vorstellung gequ\u00e4lt,das in Russland wird ein Oppositioneller zum Pr\u00e4sidenten gew\u00e4hlt.Eine Opposition in der Duma w\u00fcrde seine Autorit\u00e4t unterminieren.Das will der konkurrenzlos regierende Despot Putin nicht riskieren. Nawalny wurde von [&hellip;]<\/p>\n","protected":false},"author":1,"featured_media":0,"parent":0,"menu_order":0,"comment_status":"closed","ping_status":"closed","template":"","meta":{"footnotes":""},"class_list":["post-830","page","type-page","status-publish","hentry"],"jetpack_sharing_enabled":true,"_links":{"self":[{"href":"https:\/\/overline-poetry.de\/index.php\/wp-json\/wp\/v2\/pages\/830","targetHints":{"allow":["GET"]}}],"collection":[{"href":"https:\/\/overline-poetry.de\/index.php\/wp-json\/wp\/v2\/pages"}],"about":[{"href":"https:\/\/overline-poetry.de\/index.php\/wp-json\/wp\/v2\/types\/page"}],"author":[{"embeddable":true,"href":"https:\/\/overline-poetry.de\/index.php\/wp-json\/wp\/v2\/users\/1"}],"replies":[{"embeddable":true,"href":"https:\/\/overline-poetry.de\/index.php\/wp-json\/wp\/v2\/comments?post=830"}],"version-history":[{"count":1,"href":"https:\/\/overline-poetry.de\/index.php\/wp-json\/wp\/v2\/pages\/830\/revisions"}],"predecessor-version":[{"id":834,"href":"https:\/\/overline-poetry.de\/index.php\/wp-json\/wp\/v2\/pages\/830\/revisions\/834"}],"wp:attachment":[{"href":"https:\/\/overline-poetry.de\/index.php\/wp-json\/wp\/v2\/media?parent=830"}],"curies":[{"name":"wp","href":"https:\/\/api.w.org\/{rel}","templated":true}]}}