
{"id":837,"date":"2023-03-05T06:57:00","date_gmt":"2023-03-05T06:57:00","guid":{"rendered":"https:\/\/overline-poetry.de\/?page_id=837"},"modified":"2025-09-01T07:02:40","modified_gmt":"2025-09-01T07:02:40","slug":"die-tauben-friedenstauben-sahra-wagenknecht-und-alice-schwarzer-mit-ihrer-friedensdemo","status":"publish","type":"page","link":"https:\/\/overline-poetry.de\/index.php\/die-tauben-friedenstauben-sahra-wagenknecht-und-alice-schwarzer-mit-ihrer-friedensdemo\/","title":{"rendered":"Die &#8222;tauben&#8220; Friedenstauben: Sahra Wagenknecht und Alice Schwarzer mit ihrer \u201eFriedensdemo\u201c"},"content":{"rendered":"\n<p>\u201eFrieden schaffen ohne Waffen\u201c und mit dem Putin sprechen,<br>denn die Waffenlieferungen w\u00fcrden sich f\u00fcr uns nur r\u00e4chen.<br>Zum \u201eFrieden verhandeln\u201c geh\u00f6ren doch immer zwei Seiten,<br>die L\u00f6sungen suchen und Friedenswege wollen beschreiten.<br><br>Die &#8222;(so) weisen&#8220; Friedenstauben sollten es doch versuchen,<br>die Friedensverhandlungen im Kreml bei \u201eKaffee und Kuchen\u201c<br>und den Despoten \u00fcberzeugen, die Ukraine doch zu verlassen,<br>damit nicht noch mehr zerst\u00f6rt und Menschen \u201everblassen\u201c.<br><br>Die &#8222;tauben&#8220; Friedenstauben wollen es einfach nicht h\u00f6ren,<br>dass man Putin nur mit Friedensparolen kann nicht bet\u00f6ren.<br>Nur, wenn die Ukraine kampflos wird sich Russland ergeben,<br>nur dann, werden wir den \u201eFrieden\u201c f\u00fcr der Ukraine erleben.<br><br>Der \u201ePreis f\u00fcr den Frieden\u201c wird hoch f\u00fcr die Ukraine werden,<br>denn sie verlieren ihre Eigenst\u00e4ndigkeit hier auf ihren Erden.<br>Die Ukraine darf ohne Russland nie wieder in Freiheit agieren,<br>denn Russland will die Ukraine nicht als freien Staat verlieren.<br><br>\u201eFrieden schaffen ohne Waffen\u201c, das sind ihre hohlen Parolen,<br>denn nur so kann sich Putins Armee weitere L\u00e4ndereien holen.<br>Man sollte mit Diplomatie diesen Krieg doch endlich beenden,<br>mit der Hoffnung, dass Putin wird sich dem Frieden zuwenden.<br><br>Feministin Alice Schwarzer sich sehr f\u00fcr Frauenrechte einsetzt,<br>doch Putins \u201eGr\u00e4ueltaten\u201c gegen\u00fcber den Frauen untersch\u00e4tzt.<br>Putins Armee die ukrainischen Zivilisten vergewaltigt und qu\u00e4lt,<br>denn es geht um die totale \u201eUnterwerfung\u201c, was f\u00fcr Putin z\u00e4hlt.<br><br>Putin will auch die ukrainische Kultur in der Ukraine zerst\u00f6ren,<br>damit sie mit \u201eUnterwerfung\u201c zum Gro\u00dfreich Russland geh\u00f6ren.<br>Ich bin zwar ein Kriegsgegner, aber ich bin nicht so verblendet,<br>dass Putin ohne einen Landgewinn diesen Krieg dann beendet.<br><br>\u00a9 Rainer Dambroth \u2013 05.03.2023 &#8211; <strong><a href=\"http:\/\/www.overline-poetry.de\/\">www.overline-poetry.de<\/a><\/strong><\/p>\n","protected":false},"excerpt":{"rendered":"<p>\u201eFrieden schaffen ohne Waffen\u201c und mit dem Putin sprechen,denn die Waffenlieferungen w\u00fcrden sich f\u00fcr uns nur r\u00e4chen.Zum \u201eFrieden verhandeln\u201c geh\u00f6ren doch immer zwei Seiten,die L\u00f6sungen suchen und Friedenswege wollen beschreiten. Die &#8222;(so) weisen&#8220; Friedenstauben sollten es doch versuchen,die Friedensverhandlungen im Kreml bei \u201eKaffee und Kuchen\u201cund den Despoten \u00fcberzeugen, die Ukraine doch zu verlassen,damit nicht noch [&hellip;]<\/p>\n","protected":false},"author":1,"featured_media":0,"parent":0,"menu_order":0,"comment_status":"closed","ping_status":"closed","template":"","meta":{"footnotes":""},"class_list":["post-837","page","type-page","status-publish","hentry"],"jetpack_sharing_enabled":true,"_links":{"self":[{"href":"https:\/\/overline-poetry.de\/index.php\/wp-json\/wp\/v2\/pages\/837","targetHints":{"allow":["GET"]}}],"collection":[{"href":"https:\/\/overline-poetry.de\/index.php\/wp-json\/wp\/v2\/pages"}],"about":[{"href":"https:\/\/overline-poetry.de\/index.php\/wp-json\/wp\/v2\/types\/page"}],"author":[{"embeddable":true,"href":"https:\/\/overline-poetry.de\/index.php\/wp-json\/wp\/v2\/users\/1"}],"replies":[{"embeddable":true,"href":"https:\/\/overline-poetry.de\/index.php\/wp-json\/wp\/v2\/comments?post=837"}],"version-history":[{"count":1,"href":"https:\/\/overline-poetry.de\/index.php\/wp-json\/wp\/v2\/pages\/837\/revisions"}],"predecessor-version":[{"id":841,"href":"https:\/\/overline-poetry.de\/index.php\/wp-json\/wp\/v2\/pages\/837\/revisions\/841"}],"wp:attachment":[{"href":"https:\/\/overline-poetry.de\/index.php\/wp-json\/wp\/v2\/media?parent=837"}],"curies":[{"name":"wp","href":"https:\/\/api.w.org\/{rel}","templated":true}]}}