
{"id":844,"date":"2022-05-09T07:19:00","date_gmt":"2022-05-09T07:19:00","guid":{"rendered":"https:\/\/overline-poetry.de\/?page_id=844"},"modified":"2025-09-01T07:25:37","modified_gmt":"2025-09-01T07:25:37","slug":"putin-und-die-russische-propagandamaschine","status":"publish","type":"page","link":"https:\/\/overline-poetry.de\/index.php\/putin-und-die-russische-propagandamaschine\/","title":{"rendered":"Putin und die russische &#8222;Propagandamaschine&#8220;"},"content":{"rendered":"\n<p>Der Despot Putin sich als der gr\u00f6\u00dfte russische Pr\u00e4sident aller Zeiten inszeniert.<br>Wichtig ist nur, dass das russische Volk ihn als ihren gro\u00dfen Helden akzeptiert.<br>Darum werden die Wahrheiten so \u201everdreht\u201c, dass Russland dabei nicht verliert<br>und wer eine andere Wahrheit verbreitet, der wird in Russland dann inhaftiert.<br><br>Russland sich als den gro\u00dfen \u201eFriedensstifter\u201c in der westlichen Welt darstellt<br>und Putin sich in der Rolle als wichtigste Person in der \u201e\u00f6stlichen\u201c Welt gef\u00e4llt.<br>Er \u201eschmiedet\u201c er mit den westlichen Staaten friedliche strategische Allianzen<br>und dann l\u00e4sst er die westlichen Staaten gezielt \u201enach seiner Pfeife tanzen\u201c.<br><br>Das russische Volk wird nat\u00fcrlich \u00fcber eine Bedrohung vom Westen informiert<br>und gehofft, dass das russische Volk diese Verteidigung als wichtig registriert.<br>Die russische Bev\u00f6lkerung wird ihren Pr\u00e4sidenten dann noch weiter verehren<br>und auch glauben, dass Russland gegen eine Bedrohung musste sich wehren.<br><br>Die von ihm abh\u00e4ngigen und korrupten Oligarchen hat der Putin fest im Griff<br>und sie finanzieren alles was Putin sich w\u00fcnscht, dazu geh\u00f6rt auch sein Schiff.<br>Durch korrupte Verbindungen hat der Putin seinen Reichtum dann legalisiert,<br>dem russischen Volk wird Putins Leben als bescheidenen Lebensstil pr\u00e4sentiert.<br><br>Dem Pr\u00e4sidenten geh\u00f6ren nur etwas Geld und auch eine sehr kleine Wohnung,<br>denn der Pr\u00e4sident arbeitet Tag und Nacht im Kreml und will keine Belohnung.<br>Der 9. Mai wird gefeiert mit einer gro\u00dfen Parade, um so die Gr\u00f6\u00dfe zu beweisen<br>und bei den Missionen kann das Milit\u00e4r auf Staatskosten in den Krieg verreisen.<br><br><strong>\u00a9 Rainer Dambroth &#8211; 09.05.2022 &#8211; <a href=\"http:\/\/www.overline-poetry.de\/\">www.overline-poetry.de<\/a><\/strong><br><br><em>Warum wird in Russland der 9. Mai gefeiert?<br>1965 wurde dieser Feiertag in der Sowjetunion eingef\u00fchrt, um an den Tag des Sieges \u00fcber das Deutsche Reich im Zweiten Weltkrieg und damit das Ende des \u201eGro\u00dfen Vaterl\u00e4ndischen Krieges\u201c zu erinnern.<\/em><\/p>\n\n\n\n<figure class=\"wp-block-image size-full\"><img decoding=\"async\" width=\"128\" height=\"128\" src=\"https:\/\/overline-poetry.de\/wp-content\/uploads\/2025\/09\/grafik.png\" alt=\"\" class=\"wp-image-845\"\/><\/figure>\n","protected":false},"excerpt":{"rendered":"<p>Der Despot Putin sich als der gr\u00f6\u00dfte russische Pr\u00e4sident aller Zeiten inszeniert.Wichtig ist nur, dass das russische Volk ihn als ihren gro\u00dfen Helden akzeptiert.Darum werden die Wahrheiten so \u201everdreht\u201c, dass Russland dabei nicht verliertund wer eine andere Wahrheit verbreitet, der wird in Russland dann inhaftiert. Russland sich als den gro\u00dfen \u201eFriedensstifter\u201c in der westlichen Welt [&hellip;]<\/p>\n","protected":false},"author":1,"featured_media":0,"parent":0,"menu_order":0,"comment_status":"closed","ping_status":"closed","template":"","meta":{"footnotes":""},"class_list":["post-844","page","type-page","status-publish","hentry"],"jetpack_sharing_enabled":true,"_links":{"self":[{"href":"https:\/\/overline-poetry.de\/index.php\/wp-json\/wp\/v2\/pages\/844","targetHints":{"allow":["GET"]}}],"collection":[{"href":"https:\/\/overline-poetry.de\/index.php\/wp-json\/wp\/v2\/pages"}],"about":[{"href":"https:\/\/overline-poetry.de\/index.php\/wp-json\/wp\/v2\/types\/page"}],"author":[{"embeddable":true,"href":"https:\/\/overline-poetry.de\/index.php\/wp-json\/wp\/v2\/users\/1"}],"replies":[{"embeddable":true,"href":"https:\/\/overline-poetry.de\/index.php\/wp-json\/wp\/v2\/comments?post=844"}],"version-history":[{"count":1,"href":"https:\/\/overline-poetry.de\/index.php\/wp-json\/wp\/v2\/pages\/844\/revisions"}],"predecessor-version":[{"id":849,"href":"https:\/\/overline-poetry.de\/index.php\/wp-json\/wp\/v2\/pages\/844\/revisions\/849"}],"wp:attachment":[{"href":"https:\/\/overline-poetry.de\/index.php\/wp-json\/wp\/v2\/media?parent=844"}],"curies":[{"name":"wp","href":"https:\/\/api.w.org\/{rel}","templated":true}]}}