
{"id":853,"date":"2022-09-16T07:36:00","date_gmt":"2022-09-16T07:36:00","guid":{"rendered":"https:\/\/overline-poetry.de\/?page_id=853"},"modified":"2025-09-01T07:42:14","modified_gmt":"2025-09-01T07:42:14","slug":"putin-und-seine-bluthunde","status":"publish","type":"page","link":"https:\/\/overline-poetry.de\/index.php\/putin-und-seine-bluthunde\/","title":{"rendered":"Putin und seine \u201eBluthunde\u201c"},"content":{"rendered":"\n<p>Man sollte den Autokraten Putin in der Situation nicht untersch\u00e4tzen<br>und darf sich dann \u00fcber seine m\u00f6glichen Reaktionen nicht entsetzen.<br>Putin ist der strategische Spieler und er plant schon die weiteren Z\u00fcge.<br>Es hei\u00dft auch, dass er bei dem Krieg das russische Volk weiter bel\u00fcge.<br><br>Solange Putin \u201eKanonenfutter\u201c f\u00fcr sein Milit\u00e4r kann noch pr\u00e4sentieren,<br>solange wird er seinen Angriffskrieg gegen die Ukraine nicht verlieren.<br>Despoten, wie Kim Jong-un, machen dem Despoten Putin ein Angebot,<br>wollen dem Putin Soldaten entsenden und Putin schickt sie in den Tod.<br><br>Selbst mit \u201edem R\u00fccken zur Wand\u201c, wird er den Krieg nicht aufgeben,<br>denn er will Geschichte schreiben und seinen Sieg noch selbst erleben.<br>Putin will die Ukraine zerst\u00f6ren und auf seiner Weltkarte \u201eausradieren\u201c<br>Es scheint ihm doch egal, wie viele Menschen ihr Leben noch verlieren.<br><br>H\u00e4ftlinge werden aus Gef\u00e4ngnissen geholt und in den Krieg entlassen<br>und Sperrtrupps werden verhindern, dass sie das Kriegsfeld verlassen.<br>Voran getrieben zu erschie\u00dfen und die ukrainischen B\u00fcrger zu hassen,<br>wenn Russland den Krieg gewinnt, werden sie in die Freiheit gelassen.<br><br>Die blutr\u00fcnstigen Anf\u00fchrer sollen den Sieg \u00fcber die Ukraine erzwingen<br>und das sind \u201ebrutale Bluthunde\u201c, die in die St\u00e4dte und D\u00f6rfer dringen.<br>Hier werden ukrainischen Zivilisten von den Milizen gezielt maltr\u00e4tiert.<br>K\u00f6rperlich und moralisch misshandelt so mancher sein Leben verliert.<br><br>Wenn er politisch in die Enge getrieben, so macht ihn das verdrossen,<br>dann sind taktische Atomwaffen auf die Ukraine nicht ausgeschlossen.<br>Die Nato und die EU werden diesen Atomangriff dann auch tolerieren,<br>denn wenn sie dann eingreifen, werden sie den 3. Weltkrieg riskieren.<br><br><strong>\u00a9<\/strong> Rainer Dambroth &#8211; 16.09.2022 &#8211; <strong><a href=\"http:\/\/www.overline-poetry.de\/\">www.overline-poetry.de<\/a><\/strong><br><br><br>Der 15.09. wurde von Putin zu einem signifikanten Datum gemacht!<br>An welches wichtiges Ereignis hatte der Despot Putin denn gedacht?<\/p>\n\n\n\n<figure class=\"wp-block-image size-full\"><img decoding=\"async\" width=\"128\" height=\"128\" src=\"https:\/\/overline-poetry.de\/wp-content\/uploads\/2025\/09\/grafik-1.png\" alt=\"\" class=\"wp-image-854\"\/><\/figure>\n","protected":false},"excerpt":{"rendered":"<p>Man sollte den Autokraten Putin in der Situation nicht untersch\u00e4tzenund darf sich dann \u00fcber seine m\u00f6glichen Reaktionen nicht entsetzen.Putin ist der strategische Spieler und er plant schon die weiteren Z\u00fcge.Es hei\u00dft auch, dass er bei dem Krieg das russische Volk weiter bel\u00fcge. Solange Putin \u201eKanonenfutter\u201c f\u00fcr sein Milit\u00e4r kann noch pr\u00e4sentieren,solange wird er seinen Angriffskrieg [&hellip;]<\/p>\n","protected":false},"author":1,"featured_media":0,"parent":0,"menu_order":0,"comment_status":"closed","ping_status":"closed","template":"","meta":{"footnotes":""},"class_list":["post-853","page","type-page","status-publish","hentry"],"jetpack_sharing_enabled":true,"_links":{"self":[{"href":"https:\/\/overline-poetry.de\/index.php\/wp-json\/wp\/v2\/pages\/853","targetHints":{"allow":["GET"]}}],"collection":[{"href":"https:\/\/overline-poetry.de\/index.php\/wp-json\/wp\/v2\/pages"}],"about":[{"href":"https:\/\/overline-poetry.de\/index.php\/wp-json\/wp\/v2\/types\/page"}],"author":[{"embeddable":true,"href":"https:\/\/overline-poetry.de\/index.php\/wp-json\/wp\/v2\/users\/1"}],"replies":[{"embeddable":true,"href":"https:\/\/overline-poetry.de\/index.php\/wp-json\/wp\/v2\/comments?post=853"}],"version-history":[{"count":1,"href":"https:\/\/overline-poetry.de\/index.php\/wp-json\/wp\/v2\/pages\/853\/revisions"}],"predecessor-version":[{"id":858,"href":"https:\/\/overline-poetry.de\/index.php\/wp-json\/wp\/v2\/pages\/853\/revisions\/858"}],"wp:attachment":[{"href":"https:\/\/overline-poetry.de\/index.php\/wp-json\/wp\/v2\/media?parent=853"}],"curies":[{"name":"wp","href":"https:\/\/api.w.org\/{rel}","templated":true}]}}