
{"id":871,"date":"2021-01-04T15:10:00","date_gmt":"2021-01-04T15:10:00","guid":{"rendered":"https:\/\/overline-poetry.de\/?page_id=871"},"modified":"2025-09-01T15:20:43","modified_gmt":"2025-09-01T15:20:43","slug":"schoenheitswahn","status":"publish","type":"page","link":"https:\/\/overline-poetry.de\/index.php\/schoenheitswahn\/","title":{"rendered":"Sch\u00f6nheitswahn"},"content":{"rendered":"\n<p>Ich bin ganz entsetzt, wenn ich diese &#8222;Botoxmasken&#8220; sehe,<br>weil ich den Grund f\u00fcr diese &#8222;Verwandlung&#8220; nicht verstehe.<br>Jedesmal wenn ich so etwas sehe, ich dann fast erschrecke,<br>wenn ich so gleich gemachte Mitmenschen dann entdecke.<br><br>Die Sch\u00f6nheitsideale sich von einem selbst unterscheiden,<br>man sollte aber alles, was man selbst nicht will, vermeiden.<br>Die Sch\u00f6nheit ist relativ und im Auge des Betrachters liegt,<br>weil auch nicht jede Biene die gleiche offene Bl\u00fcte anfliegt.<br><br>Die Gesamtheit, dass ist das, was den Menschen ausmacht.<br>Wie die Person sich bewegt, wie sie redet und wie sie lacht.<br>Ich will ein Unikat und eine &#8222;unvollkommene Einmaligkeit&#8220;,<br>mit der ich gerne verbringe meine gesamte Restlebenszeit.<br><br>Der eigene K\u00f6rper ist doch auf seine eigene Weise perfekt,<br>oder man hat seine wichtigen St\u00e4rken noch nicht entdeckt.<br>Der weibliche K\u00f6rper besteht nicht nur aus \u00c4u\u00dferlichkeiten,<br>die den Augen des jeweiligen Betrachters Freude bereiten.<br><br>Hat dir die Ern\u00e4hrung stets doch den falschen Weg gezeigt<br>und der K\u00f6rper formt sich zu rund, man ist zu F\u00fclle geneigt.<br>Dann erreicht man durch Bewegung und die &#8222;halbe Portion&#8220;, <br>das Wohlf\u00fchlgewicht in relativer kurzer Zeit wieder schon.<br><br>Gibt es einen Makel, wo die Natur beim Gestalten hat versagt,<br>sehe ich eine Sch\u00f6nheits-OP ein, bevor man daran verzagt.<br>Ist zu wenig Brust vorhanden oder die Nase gro\u00df oder schief<br>dann kann man diese Makel beheben und das dann operativ.<br><br>Die Frauen, die sich unbedingt wollen mit Gewalt aufr\u00fcsten,<br>mit den gleichen &#8222;Schlauchbootlippen&#8220; und riesigen Br\u00fcsten.<br>Passten doch deine Br\u00fcste zu dir und hatten Form und Klasse,<br>aber jetzt schwingen sie bei jedem Schritt nur als &#8222;tote Masse&#8220;.<br><br>St\u00e4ndig wird etwas &#8222;geliftet&#8220;, gespritzt, gestaltet und repariert<br>und das nat\u00fcrliche Aussehen der Frau vorher nicht interessiert.<br>Der Sch\u00f6nheitschirurg f\u00fcr die Operationen doch stets bereit,<br>denn er bekommt sehr viel Geld f\u00fcr die wenig eingesetzte Zeit.<br><br>Bei dem Schaf &#8222;Dolly&#8220;, das man wissenschaftlich hat geklont,<br>da ist man dieses &#8222;gleiche Aussehen&#8220; doch schon gewohnt.<br>Die Frau sollte sich vom geklonten Schaf doch unterscheiden<br>und gleiches Aussehen zu anderen Idol-Frauen vermeiden.<br><br><strong>\u00a9<\/strong> Rainer Dambroth &#8211; 04.01.2021 &#8211; <strong><a href=\"https:\/\/www.overline-poetry.de\">www.overline-poetry.de<\/a><\/strong><\/p>\n","protected":false},"excerpt":{"rendered":"<p>Ich bin ganz entsetzt, wenn ich diese &#8222;Botoxmasken&#8220; sehe,weil ich den Grund f\u00fcr diese &#8222;Verwandlung&#8220; nicht verstehe.Jedesmal wenn ich so etwas sehe, ich dann fast erschrecke,wenn ich so gleich gemachte Mitmenschen dann entdecke. Die Sch\u00f6nheitsideale sich von einem selbst unterscheiden,man sollte aber alles, was man selbst nicht will, vermeiden.Die Sch\u00f6nheit ist relativ und im Auge [&hellip;]<\/p>\n","protected":false},"author":1,"featured_media":0,"parent":0,"menu_order":0,"comment_status":"closed","ping_status":"closed","template":"","meta":{"footnotes":""},"class_list":["post-871","page","type-page","status-publish","hentry"],"jetpack_sharing_enabled":true,"_links":{"self":[{"href":"https:\/\/overline-poetry.de\/index.php\/wp-json\/wp\/v2\/pages\/871","targetHints":{"allow":["GET"]}}],"collection":[{"href":"https:\/\/overline-poetry.de\/index.php\/wp-json\/wp\/v2\/pages"}],"about":[{"href":"https:\/\/overline-poetry.de\/index.php\/wp-json\/wp\/v2\/types\/page"}],"author":[{"embeddable":true,"href":"https:\/\/overline-poetry.de\/index.php\/wp-json\/wp\/v2\/users\/1"}],"replies":[{"embeddable":true,"href":"https:\/\/overline-poetry.de\/index.php\/wp-json\/wp\/v2\/comments?post=871"}],"version-history":[{"count":1,"href":"https:\/\/overline-poetry.de\/index.php\/wp-json\/wp\/v2\/pages\/871\/revisions"}],"predecessor-version":[{"id":875,"href":"https:\/\/overline-poetry.de\/index.php\/wp-json\/wp\/v2\/pages\/871\/revisions\/875"}],"wp:attachment":[{"href":"https:\/\/overline-poetry.de\/index.php\/wp-json\/wp\/v2\/media?parent=871"}],"curies":[{"name":"wp","href":"https:\/\/api.w.org\/{rel}","templated":true}]}}