
{"id":878,"date":"2020-11-23T15:23:00","date_gmt":"2020-11-23T15:23:00","guid":{"rendered":"https:\/\/overline-poetry.de\/?page_id=878"},"modified":"2025-09-01T15:26:57","modified_gmt":"2025-09-01T15:26:57","slug":"unser-trinkwasser","status":"publish","type":"page","link":"https:\/\/overline-poetry.de\/index.php\/unser-trinkwasser\/","title":{"rendered":"Unser Trinkwasser"},"content":{"rendered":"\n<p>Das Wasser was ich gerade hab getrunken,<br>hat nach G\u00fclle geschmeckt und gestunken.<br>Denn das Wasser was ihr so gerne trinkt,<br>fliesst unterm Acker, der nach G\u00fclle stinkt.<br><br>Geflossen durch alle Schichten dieser Erde,<br>mit Hoffnung, das es gutes Wasser werde.<br>Aber nicht alles verliert sich dann im Sand,<br>das ist heute Fakt und der Wissensstand.<br><br>Wenn beim Manne w\u00e4chst gro\u00df die Brust,<br>und er verliert im Bett die &#8222;gro\u00dfe&#8220; Lust,<br>dann ist es wohl jedem klar, was passiert<br>und warum er seine &#8222;gro\u00dfe&#8220; Lust verliert.<br><br>Es wurde gemessen und dabei festgestellt,<br>dass unser Wasser zu viel \u00d6strogen enth\u00e4lt.<br>Denn beim Mann, aber ihr wisst es schon<br>ist Testosteron das &#8222;wahre Gl\u00fcckshormon&#8220;.<br><br>Wenn ihr euch mit Freudenk\u00fcssen begr\u00fc\u00dft,<br>der Lippenstiftabrieb in den Hals abflie\u00dft.<br>Als Mikroplastik ihr es dann ausgescheidet,<br>es w\u00e4re besser, wenn ihr das K\u00fcssen meidet.<br><br>Der Schnaps mit Wasser trinkbar verfeinert,<br>enth\u00e4lt auch Mikroplastik, stark zerkleinert.<br>Wasser was ihr getrunken in die Toilette gie\u00dft<br>wieder durch alle Schichten dieser Erde flie\u00dft.<br><br>Gepumpt beim Wasserwerk angekommen,<br>wird es wieder als Trinkwasser entnommen.<br>Ein Glas Wasser, gefiltert von der Ackererde,<br>hat Vorteile die ich jetzt hier nennen werde.<br><br>Schmerzen dir morgens Kopf und Glieder,<br>trinke Wasser, denn wird\u00b4s schon wieder.<br>Wirst du krank und es bringt dich fast um,<br>trinke Wasser, es heilt mit Antibiotikum.<br><br>Den Tieren im Stall hat man es gegeben,<br>damit sie verk\u00e4uflich die Tortur \u00fcberleben.<br>Ausgeschieden vom Tier in die G\u00fclle flie\u00dft,<br>der Landwirt flei\u00dfig damit die \u00c4cker begie\u00dft.<br><br>Der Kreislauf schlie\u00dft sich, das ist nun klar,<br>trinkt das Wasser, es schmeckt wunderbar.<br>Denn das Wasser was ihr so gerne trinkt,<br>fliesst unterm Acker, der nach G\u00fclle stinkt.<br><br>Was gibt es noch dringliches zu berichten,<br>an die Biertrinker die Warnung zu richten,<br>denn auch das Bier, was ihr habt bestellt,<br>wurde mit unserem Wasser hergestellt.<br><br><strong>\u00a9<\/strong> Rainer Dambroth &#8211; 23.11.2020 &#8211; <strong><a href=\"https:\/\/www.overline-poetry.de\">www.overline-poetry.de<\/a><\/strong> <\/p>\n","protected":false},"excerpt":{"rendered":"<p>Das Wasser was ich gerade hab getrunken,hat nach G\u00fclle geschmeckt und gestunken.Denn das Wasser was ihr so gerne trinkt,fliesst unterm Acker, der nach G\u00fclle stinkt. Geflossen durch alle Schichten dieser Erde,mit Hoffnung, das es gutes Wasser werde.Aber nicht alles verliert sich dann im Sand,das ist heute Fakt und der Wissensstand. Wenn beim Manne w\u00e4chst gro\u00df [&hellip;]<\/p>\n","protected":false},"author":1,"featured_media":0,"parent":0,"menu_order":0,"comment_status":"closed","ping_status":"closed","template":"","meta":{"footnotes":""},"class_list":["post-878","page","type-page","status-publish","hentry"],"jetpack_sharing_enabled":true,"_links":{"self":[{"href":"https:\/\/overline-poetry.de\/index.php\/wp-json\/wp\/v2\/pages\/878","targetHints":{"allow":["GET"]}}],"collection":[{"href":"https:\/\/overline-poetry.de\/index.php\/wp-json\/wp\/v2\/pages"}],"about":[{"href":"https:\/\/overline-poetry.de\/index.php\/wp-json\/wp\/v2\/types\/page"}],"author":[{"embeddable":true,"href":"https:\/\/overline-poetry.de\/index.php\/wp-json\/wp\/v2\/users\/1"}],"replies":[{"embeddable":true,"href":"https:\/\/overline-poetry.de\/index.php\/wp-json\/wp\/v2\/comments?post=878"}],"version-history":[{"count":1,"href":"https:\/\/overline-poetry.de\/index.php\/wp-json\/wp\/v2\/pages\/878\/revisions"}],"predecessor-version":[{"id":882,"href":"https:\/\/overline-poetry.de\/index.php\/wp-json\/wp\/v2\/pages\/878\/revisions\/882"}],"wp:attachment":[{"href":"https:\/\/overline-poetry.de\/index.php\/wp-json\/wp\/v2\/media?parent=878"}],"curies":[{"name":"wp","href":"https:\/\/api.w.org\/{rel}","templated":true}]}}