
{"id":885,"date":"2020-11-05T15:35:00","date_gmt":"2020-11-05T15:35:00","guid":{"rendered":"https:\/\/overline-poetry.de\/?page_id=885"},"modified":"2025-09-01T15:38:13","modified_gmt":"2025-09-01T15:38:13","slug":"nestle-verkauft-trinkwasser-wer-durst-hat-muss-zahlen","status":"publish","type":"page","link":"https:\/\/overline-poetry.de\/index.php\/nestle-verkauft-trinkwasser-wer-durst-hat-muss-zahlen\/","title":{"rendered":"Nestl\u00e9 verkauft Trinkwasser, wer Durst hat mu\u00df zahlen!"},"content":{"rendered":"\n<p>Die internationalen Multi-Konzerne wie Nestle und Co,<br>machen die B\u00fcrger in den Quellen-Orten nicht nur froh,<br>denn sie &#8222;graben&#8220; den B\u00fcrgern geschickt das Wasser ab,<br>so dass Wasser wird f\u00fcr die durstigen Menschen knapp.<br><br>Sie bauen ohne viel Geld und mit Verhandlungsgeschick<br>in den Quellen-Orten f\u00fcr Trinkwasser eine Abf\u00fcllfabrik.<br>So wird das dann Trinkwasser teuer veredelt im Preis <br>und das Ganze nat\u00fcrlich ohne Zutun von eigenem Fleiss.<br><br>In dem Ort Vittel hatte man das als ein Gewinn deklariert<br>nur man hat nicht gesagt, dass der B\u00fcrger dabei verliert.<br>Man hatte von der Gemeindeverwaltung nicht gedacht,<br>dass so ein Konzern wie Nestle nur ganze Sachen macht.<br><br>Mit Leitungswasser aus dem Ort Vittel und viel Marketing<br>wird es als &#8222;Quellwasser&#8220; im Verkauf dann das gro\u00dfe Ding.<br>Als nat\u00fcrliche Quelle Vittel l\u00e4sst es sich dann gut verkaufen<br>sollten doch die B\u00fcrger vor Ort doch was anderes saufen.<br><br>Das Dorf Vittel ist eine quellen- und wasserreiche Region,<br>das wussten die Strategen von Nestle sehr schnell schon. <br>Und so bleibt bei manchem B\u00fcrger die Wasserleitung leer<br>und so muss das Trinkwasser f\u00fcr die B\u00fcrger woanders her.<br><br>Den Gemeindevertretern fehlte der weitschauende Blick,<br>sonst h\u00e4tten sie durchschaut diesen Verhandlungstrick.<br>Sie haben beim Vertrag die Abf\u00fcllmengen nicht limitiert.<br>Nun wird abgef\u00fcllt was nur geht und das ganz ungeniert.<br> <br>Wasser ist f\u00fcr alle Menschen dieser Erde ein Grundrecht<br>und wer kein Wasser zu trinken hat, dem geht es schlecht.<br>Als Mogelpackung im Verkauf w\u00fcrde ich das eher sehen<br>und kann den Frust der ver\u00e4rgerten B\u00fcrger voll verstehen.<br><br>Nur bei den armen Menschen in den wasserarmen L\u00e4ndern,<br>kann sich die Situation dieser Strategie sehr schnell \u00e4ndern.<br>Denn sie brauchen das Wasser wie wir das &#8222;t\u00e4glich Brot&#8220;<br>und m\u00fcssen dieses von Nestle teuer kaufen in ihrer Not.<br><br>Sch\u00f6n verpackt in Plastikflaschen mit einem Markenetikett,<br>l\u00e4sst sich viel Geld damit verdienen und das ist doch nett.<br>Die Flaschen aus Plastik schaden au\u00dferdem unserer Umwelt, <br>denn f\u00fcr Recycling fehlt diesen L\u00e4ndern das notwenige Geld<br><br><strong>\u00a9<\/strong> Rainer Dambroth &#8211; 05.11.2020 &#8211; <strong><a href=\"https:\/\/www.overline-poetry.de\">www.overline-poetry.de<\/a><\/strong><\/p>\n","protected":false},"excerpt":{"rendered":"<p>Die internationalen Multi-Konzerne wie Nestle und Co,machen die B\u00fcrger in den Quellen-Orten nicht nur froh,denn sie &#8222;graben&#8220; den B\u00fcrgern geschickt das Wasser ab,so dass Wasser wird f\u00fcr die durstigen Menschen knapp. Sie bauen ohne viel Geld und mit Verhandlungsgeschickin den Quellen-Orten f\u00fcr Trinkwasser eine Abf\u00fcllfabrik.So wird das dann Trinkwasser teuer veredelt im Preis und das [&hellip;]<\/p>\n","protected":false},"author":1,"featured_media":0,"parent":0,"menu_order":0,"comment_status":"closed","ping_status":"closed","template":"","meta":{"footnotes":""},"class_list":["post-885","page","type-page","status-publish","hentry"],"jetpack_sharing_enabled":true,"_links":{"self":[{"href":"https:\/\/overline-poetry.de\/index.php\/wp-json\/wp\/v2\/pages\/885","targetHints":{"allow":["GET"]}}],"collection":[{"href":"https:\/\/overline-poetry.de\/index.php\/wp-json\/wp\/v2\/pages"}],"about":[{"href":"https:\/\/overline-poetry.de\/index.php\/wp-json\/wp\/v2\/types\/page"}],"author":[{"embeddable":true,"href":"https:\/\/overline-poetry.de\/index.php\/wp-json\/wp\/v2\/users\/1"}],"replies":[{"embeddable":true,"href":"https:\/\/overline-poetry.de\/index.php\/wp-json\/wp\/v2\/comments?post=885"}],"version-history":[{"count":1,"href":"https:\/\/overline-poetry.de\/index.php\/wp-json\/wp\/v2\/pages\/885\/revisions"}],"predecessor-version":[{"id":889,"href":"https:\/\/overline-poetry.de\/index.php\/wp-json\/wp\/v2\/pages\/885\/revisions\/889"}],"wp:attachment":[{"href":"https:\/\/overline-poetry.de\/index.php\/wp-json\/wp\/v2\/media?parent=885"}],"curies":[{"name":"wp","href":"https:\/\/api.w.org\/{rel}","templated":true}]}}