
{"id":89,"date":"2018-10-01T07:59:00","date_gmt":"2018-10-01T07:59:00","guid":{"rendered":"https:\/\/overline-poetry.de\/?page_id=89"},"modified":"2025-02-04T10:40:55","modified_gmt":"2025-02-04T10:40:55","slug":"die-qual-der-wahl","status":"publish","type":"page","link":"https:\/\/overline-poetry.de\/index.php\/die-qual-der-wahl\/","title":{"rendered":"Die Qual der Wahl"},"content":{"rendered":"\n<p>Vor der Wahl ist f\u00fcr den W\u00e4hler die Qual der Wahl<br>und nach der Wahl werden die Gew\u00e4hlten zur Qual.<br>Denn bei den Gew\u00e4hlten in deren Parteiengeflecht,<br>verliert der W\u00e4hler nach der Wahl dann sein Recht.<br><br>Die Interessen der Gew\u00e4hlten z\u00e4hlen nach der Wahl,<br>die Interessen der W\u00e4hler sind den Gew\u00e4hlten egal.<br>Die W\u00e4hler bei der n\u00e4chsten Wahl verlieren die Lust,<br>sie w\u00e4hlen die, die am lautesten sind, nur aus Frust.<br><br>Die W\u00e4hler w\u00e4hlen den, der &#8222;das Beste&#8220; verspricht,<br>nur was dann kommt, dass sehen sie vorher nicht.<br>Die Gew\u00e4hlten wollen f\u00fcr sich doch nur &#8222;das Beste&#8220;,<br>f\u00fcr den W\u00e4hler des Gew\u00e4hlten bleiben die &#8222;Reste&#8220;.<br><br>Was dem W\u00e4hler vor der Wahl wurde zugesagt,<br>wird nach der Wahl auf die n\u00e4chste Wahl vertagt.<br>Die Gew\u00e4hlten retten sich dann von Wahl zu Wahl,<br>dann hat doch der W\u00e4hler bei der Wahl die Qual.<br><br>Es wird vorher viel versprochen und auch gelogen,<br>so dass sich die Tische und auch die B\u00e4nke bogen.<br>Wichtig ist nur, dass der W\u00e4hler auch richtig w\u00e4hlt,<br>dass ist das, was bei dem zu W\u00e4hlenden nur z\u00e4hlt.<br><br>Sitzen die Gew\u00e4hlten nach der Wahl auf dem Thron,<br>f\u00fcr die W\u00e4hler, die &#8222;Untertanen&#8220; war es das schon.<br>In den Medien wird \u00fcber den Gew\u00e4hlten berichtet,<br>bei Veranstaltungen wird der Gew\u00e4hlte abgelichtet.<br><br>Als B\u00fcrgern\u00e4he wird das dem W\u00e4hler dann erkl\u00e4rt,<br>wann der Gew\u00e4hlte arbeitet, der W\u00e4hler nie erf\u00e4hrt.<br>Wenn der Gew\u00e4hlte seine &#8222;Bodenhaftung&#8220; verliert,<br>ihm der Wunsch der W\u00e4hler nicht mehr interessiert.<br><br>Dem W\u00e4hler die zahlende politische Lobby fehlt,<br>das ist das wichtigste, was beim Gew\u00e4hlten z\u00e4hlt.<br>So verdient er ein &#8222;Zubrot&#8220; doch ganz nebenbei,<br>dass das dem W\u00e4hler sehr \u00e4rgert, ist ihm einerlei.<br><br>Wird der zu W\u00e4hlende vom W\u00e4hler nicht gew\u00e4hlt,<br>hat der nicht Gew\u00e4hlte jemanden, der auf ihn z\u00e4hlt.<br>Er muss viel reden, viel essen und auch viel sitzen,<br>aber man sieht den Gew\u00e4hlten nie beim Schwitzen.<br><br>Au\u00dfer vor der Wahl noch den W\u00e4hler zu verlieren,<br>darum verspricht er vorher, ohne viel zu riskieren.<br>Mehr Rente, mehr Lohn und auch weniger Steuer,<br>aber wer soll das bezahlen, denn das wird teuer.<br><br>Alle Versprechen vor der Wahl von den Gew\u00e4hlten,<br>nach der Wahl der Gew\u00e4hlten nicht mehr z\u00e4hlten.<br>Die Ausreden der Gew\u00e4hlten zu den Versprechen,<br>sich schnell nach der Wahl an den W\u00e4hler r\u00e4chen.<br><br>Der Gew\u00e4hlte wollte, die anderen Gew\u00e4hlten nicht,<br>so ist auch f\u00fcr den Gew\u00e4hlten des W\u00e4hlers Verzicht.<br>Bei den Di\u00e4ten f\u00fcr die Gew\u00e4hlten ist es kein Problem,<br>man entscheidet f\u00fcr die Gew\u00e4hlten, das ist bequem.<br><br><strong>Und was lehrt in diesem Gedichte dann die Moral,<br>die Richtigen zu w\u00e4hlen, ist doch immer eine Qual.<\/strong><br><br>\u00a9 Rainer Dambroth &#8211; 01.10.2018 &#8211; <strong><a href=\"https:\/\/www.overline-poetry.de\">www.overline-poetry.de<\/a><\/strong><\/p>\n","protected":false},"excerpt":{"rendered":"<p>Vor der Wahl ist f\u00fcr den W\u00e4hler die Qual der Wahlund nach der Wahl werden die Gew\u00e4hlten zur Qual.Denn bei den Gew\u00e4hlten in deren Parteiengeflecht,verliert der W\u00e4hler nach der Wahl dann sein Recht. Die Interessen der Gew\u00e4hlten z\u00e4hlen nach der Wahl,die Interessen der W\u00e4hler sind den Gew\u00e4hlten egal.Die W\u00e4hler bei der n\u00e4chsten Wahl verlieren die [&hellip;]<\/p>\n","protected":false},"author":1,"featured_media":0,"parent":0,"menu_order":0,"comment_status":"closed","ping_status":"closed","template":"","meta":{"footnotes":""},"class_list":["post-89","page","type-page","status-publish","hentry"],"jetpack_sharing_enabled":true,"_links":{"self":[{"href":"https:\/\/overline-poetry.de\/index.php\/wp-json\/wp\/v2\/pages\/89","targetHints":{"allow":["GET"]}}],"collection":[{"href":"https:\/\/overline-poetry.de\/index.php\/wp-json\/wp\/v2\/pages"}],"about":[{"href":"https:\/\/overline-poetry.de\/index.php\/wp-json\/wp\/v2\/types\/page"}],"author":[{"embeddable":true,"href":"https:\/\/overline-poetry.de\/index.php\/wp-json\/wp\/v2\/users\/1"}],"replies":[{"embeddable":true,"href":"https:\/\/overline-poetry.de\/index.php\/wp-json\/wp\/v2\/comments?post=89"}],"version-history":[{"count":1,"href":"https:\/\/overline-poetry.de\/index.php\/wp-json\/wp\/v2\/pages\/89\/revisions"}],"predecessor-version":[{"id":90,"href":"https:\/\/overline-poetry.de\/index.php\/wp-json\/wp\/v2\/pages\/89\/revisions\/90"}],"wp:attachment":[{"href":"https:\/\/overline-poetry.de\/index.php\/wp-json\/wp\/v2\/media?parent=89"}],"curies":[{"name":"wp","href":"https:\/\/api.w.org\/{rel}","templated":true}]}}