
{"id":893,"date":"2024-04-07T16:07:00","date_gmt":"2024-04-07T16:07:00","guid":{"rendered":"https:\/\/overline-poetry.de\/?page_id=893"},"modified":"2025-09-01T16:11:26","modified_gmt":"2025-09-01T16:11:26","slug":"despot-putin-der-russische-brandbeschleuniger","status":"publish","type":"page","link":"https:\/\/overline-poetry.de\/index.php\/despot-putin-der-russische-brandbeschleuniger\/","title":{"rendered":"Despot Putin &#8211; der russische Brandbeschleuniger"},"content":{"rendered":"\n<p>Nach dem Attentat in Moskau, wozu sich eindeutig der IS bekennt,<br>der <strong>Despot Putin<\/strong> sofort als m\u00f6glichen Angreifer die Ukraine benennt.<br>So kann er dem russischen Volk \u00fcber seine Veranlassung aufkl\u00e4ren,<br>dass er gegen diesen \u201eukrainischen Angriff\u201c muss sich doch wehren.<br><br>Dieser m\u00f6gliche \u00dcbergriff wurde rechtzeitig dem Kreml angek\u00fcndigt,<br>aber dem \u201eKlassenfeind\u201c zu trauen, da h\u00e4tte man sich \u201evers\u00fcndigt\u201c.<br>Es macht nachdenklich, wie es in Moskau um die Sicherheit bestellt!<br>Ob dem <strong>Despoten Putin<\/strong> der IS-Terror in seiner direkten N\u00e4he gef\u00e4llt?<br><br>Der <strong>Despot Putin<\/strong> will die Verantwortlichen nur in der Ukraine sehen,<br>um den Angriffskrieg gegen die Ukraine als notwendig zu verstehen.<br>Vielleicht wird der <strong>Despot Putin<\/strong> auch von anderen Staaten gehasst<br>und diese bestrebt, dass der russischer Pr\u00e4sident schnell geschasst.<br><br>W\u00e4re der IS-\u00dcbergriff bei Putins \u201ePr\u00e4sidentensiegesshow\u201c passiert,<br>h\u00e4tte gezeigt, wie schnell auch ein <strong>Despot Putin<\/strong> sein \u201eAmt\u201c verliert.<br>In Russland wird jetzt \u00fcber Einf\u00fchrung der Todesstrafe nachgedacht.<br>Die Hoffnung, das <strong>Despot Putin<\/strong> freiwillig den \u201eSelbstversuch\u201c macht!<br><br>Der <strong>Despot Putin<\/strong> wird keine Mitbewerber akzeptieren als Opposition,<br>denn getrieben von Angst, dass er tr\u00e4gt keine Mehrheit mehr davon.<br>Es sind nicht die hellsten Kerzen, die dem <strong>Despoten Putin<\/strong> vertrauen,<br>sie wollen <strong>Despot Putin<\/strong> nicht sehen, als den \u201ePr\u00e4sident des Grauen\u201c.<br><br><strong>Despot Putin<\/strong> muss die Kriegsopfer dem Volk als notwendig erkl\u00e4ren,<br>denn <strong>Despot Putin<\/strong> will, dass sie ihn weiter als ihren Helden verehren.<br>Durch russische Propaganda sie dem <strong>Despoten Putin<\/strong> alles glauben,<br>so gibt es keine Zweifel und <strong>Despot Putin<\/strong> kann sich alles erlauben.<br><br>Ungef\u00e4hr 240 Tausend Russen zur Zeit bei uns in Deutschland leben<br>und die bei der Wahl dem <strong>Despoten Putin<\/strong> dann ihre Stimme geben?<br>Was machen die in Deutschland, wenn ihnen Russland so gut gef\u00e4llt?<br>Oder kassieren sie in Deutschland auch das umstrittene B\u00fcrgergeld?<br><br><strong>\u00a9<\/strong> Rainer Dambroth &#8211; 07.04.2024 &#8211; <strong><a href=\"https:\/\/www.overline-poetry.de\/\">www.overline-poetry.de<\/a><\/strong><\/p>\n","protected":false},"excerpt":{"rendered":"<p>Nach dem Attentat in Moskau, wozu sich eindeutig der IS bekennt,der Despot Putin sofort als m\u00f6glichen Angreifer die Ukraine benennt.So kann er dem russischen Volk \u00fcber seine Veranlassung aufkl\u00e4ren,dass er gegen diesen \u201eukrainischen Angriff\u201c muss sich doch wehren. Dieser m\u00f6gliche \u00dcbergriff wurde rechtzeitig dem Kreml angek\u00fcndigt,aber dem \u201eKlassenfeind\u201c zu trauen, da h\u00e4tte man sich \u201evers\u00fcndigt\u201c.Es [&hellip;]<\/p>\n","protected":false},"author":1,"featured_media":0,"parent":0,"menu_order":0,"comment_status":"closed","ping_status":"closed","template":"","meta":{"footnotes":""},"class_list":["post-893","page","type-page","status-publish","hentry"],"jetpack_sharing_enabled":true,"_links":{"self":[{"href":"https:\/\/overline-poetry.de\/index.php\/wp-json\/wp\/v2\/pages\/893","targetHints":{"allow":["GET"]}}],"collection":[{"href":"https:\/\/overline-poetry.de\/index.php\/wp-json\/wp\/v2\/pages"}],"about":[{"href":"https:\/\/overline-poetry.de\/index.php\/wp-json\/wp\/v2\/types\/page"}],"author":[{"embeddable":true,"href":"https:\/\/overline-poetry.de\/index.php\/wp-json\/wp\/v2\/users\/1"}],"replies":[{"embeddable":true,"href":"https:\/\/overline-poetry.de\/index.php\/wp-json\/wp\/v2\/comments?post=893"}],"version-history":[{"count":1,"href":"https:\/\/overline-poetry.de\/index.php\/wp-json\/wp\/v2\/pages\/893\/revisions"}],"predecessor-version":[{"id":897,"href":"https:\/\/overline-poetry.de\/index.php\/wp-json\/wp\/v2\/pages\/893\/revisions\/897"}],"wp:attachment":[{"href":"https:\/\/overline-poetry.de\/index.php\/wp-json\/wp\/v2\/media?parent=893"}],"curies":[{"name":"wp","href":"https:\/\/api.w.org\/{rel}","templated":true}]}}