
{"id":9,"date":"2021-02-09T09:14:00","date_gmt":"2021-02-09T09:14:00","guid":{"rendered":"https:\/\/overline-poetry.de\/?page_id=9"},"modified":"2025-01-13T15:42:38","modified_gmt":"2025-01-13T15:42:38","slug":"liebe-lieber-dich-selbst-als-deinen-naechsten-missbrauch-in-der-katholischen-kirche","status":"publish","type":"page","link":"https:\/\/overline-poetry.de\/index.php\/liebe-lieber-dich-selbst-als-deinen-naechsten-missbrauch-in-der-katholischen-kirche\/","title":{"rendered":"&#8222;Liebe lieber dich selbst, als deinen N\u00e4chsten!&#8220; Missbrauch in der katholischen Kirche!"},"content":{"rendered":"\n<p>Denken denn die Kirchenvertreter des katholischen Glauben,<br>sie k\u00f6nnten sich mit ihrer Kirchenmacht nun alles erlauben.<br>Die Obrigkeit der Kirche h\u00e4lt sich zu den Vorg\u00e4ngen bedeckt,<br>wenn eine gemachte Mi\u00dfbrauchtat wird schon mal aufgedeckt.<br><br>Die Ehelosigkeit, das Z\u00f6libat, ist f\u00fcr manche Priester sehr hart,<br>so dass er sich auf den nicht erw\u00fcnschten Wegen dann &#8222;paart&#8220;.<br>Die Versuchung ist doch immer gegeben und das zu jeder Zeit,<br>wenn ein anderer Mensch ist freiwiilig zu einer &#8222;S\u00fcnde&#8220; bereit.<br><br>Wie kann ein Priester einen Paar Beziehungsratschl\u00e4ge geben,<br>wenn er selbst keine Beziehung, denn er muss &#8222;Ehelos&#8220; leben.<br>Um Beziehungsprobleme zu l\u00f6sen, reichen Gottes Worte nicht<br>oder die Drohung einer Bestrafung durch das j\u00fcngste Gericht.<br><br>Man sollte von der Kirche die gemachten Fehler anerkennen<br>und getane Verfehlungen oder Personen beim Namen nennen.<br>Und nicht mit dem Glauben, vielleicht bemerkt es doch keiner,<br>damit wird das Gewissen der Verantwortlichen nicht viel reiner.<br><br>Verschwiegenheit sollte nicht zum Kirchenstandard werden,<br>denn gemachte S\u00fcnden werden alle entdeckt hier auf Erden.<br>Denn alle durch die Vertreter der Kirche gemachte S\u00fcnden,<br>sollten nicht nur durch eine S\u00fcndenbeichte S\u00fchne finden. <br><br>Der Glaube ist den den Gl\u00e4ubigen ein sehr hohes Kirchengut<br>der den Gl\u00e4ubigen viel Halt gibt und damit auch Gutes tut.<br>Der reine Gl\u00e4ubige &#8222;k\u00e4mpft&#8220; um die Reinheit seiner Seele,<br>dass er lebt stets reuig und seinen Weg nicht verfehle.<br><br>So lebt der Gl\u00e4ubige redlich und tapfer sein Leben dann,<br>viel redlicher als so mancher katholische Kirchenmann.<br>Unter dem Schirm des Glaubens man auch viel Gutes tut,<br>aber was passiert ist, kommt f\u00fcr die Gl\u00e4ubigen nicht gut.<br><br>Die katholische Kirche muss sich doch jetzt entscheiden,<br>will sie die Wahrheit offenbaren oder lieber vermeiden.<br>Ich will Missbr\u00e4uche nicht f\u00fcr die Kirche verallgemeinern,<br>man sollte die Suche nach Schuldigen nun doch verfeinern.<br><br><strong>\u00a9<\/strong> Rainer Dambroth &#8211; 09.02.2021 &#8211; <strong><a href=\"http:\/\/www.overline-poetry.de\" data-type=\"URL\" data-id=\"http:\/\/www.overline-poetry.de\">www.overline-poetry.de<\/a><\/strong><\/p>\n","protected":false},"excerpt":{"rendered":"<p>Denken denn die Kirchenvertreter des katholischen Glauben,sie k\u00f6nnten sich mit ihrer Kirchenmacht nun alles erlauben.Die Obrigkeit der Kirche h\u00e4lt sich zu den Vorg\u00e4ngen bedeckt,wenn eine gemachte Mi\u00dfbrauchtat wird schon mal aufgedeckt. Die Ehelosigkeit, das Z\u00f6libat, ist f\u00fcr manche Priester sehr hart,so dass er sich auf den nicht erw\u00fcnschten Wegen dann &#8222;paart&#8220;.Die Versuchung ist doch immer [&hellip;]<\/p>\n","protected":false},"author":1,"featured_media":0,"parent":0,"menu_order":0,"comment_status":"closed","ping_status":"closed","template":"","meta":{"footnotes":""},"class_list":["post-9","page","type-page","status-publish","hentry"],"jetpack_sharing_enabled":true,"_links":{"self":[{"href":"https:\/\/overline-poetry.de\/index.php\/wp-json\/wp\/v2\/pages\/9","targetHints":{"allow":["GET"]}}],"collection":[{"href":"https:\/\/overline-poetry.de\/index.php\/wp-json\/wp\/v2\/pages"}],"about":[{"href":"https:\/\/overline-poetry.de\/index.php\/wp-json\/wp\/v2\/types\/page"}],"author":[{"embeddable":true,"href":"https:\/\/overline-poetry.de\/index.php\/wp-json\/wp\/v2\/users\/1"}],"replies":[{"embeddable":true,"href":"https:\/\/overline-poetry.de\/index.php\/wp-json\/wp\/v2\/comments?post=9"}],"version-history":[{"count":1,"href":"https:\/\/overline-poetry.de\/index.php\/wp-json\/wp\/v2\/pages\/9\/revisions"}],"predecessor-version":[{"id":10,"href":"https:\/\/overline-poetry.de\/index.php\/wp-json\/wp\/v2\/pages\/9\/revisions\/10"}],"wp:attachment":[{"href":"https:\/\/overline-poetry.de\/index.php\/wp-json\/wp\/v2\/media?parent=9"}],"curies":[{"name":"wp","href":"https:\/\/api.w.org\/{rel}","templated":true}]}}