
{"id":900,"date":"2023-03-03T16:29:00","date_gmt":"2023-03-03T16:29:00","guid":{"rendered":"https:\/\/overline-poetry.de\/?page_id=900"},"modified":"2025-09-01T16:31:36","modified_gmt":"2025-09-01T16:31:36","slug":"sahra-wagenknecht-putins-missionarin","status":"publish","type":"page","link":"https:\/\/overline-poetry.de\/index.php\/sahra-wagenknecht-putins-missionarin\/","title":{"rendered":"Sahra Wagenknecht, Putins Missionarin?!"},"content":{"rendered":"\n<p>Hat Sahra Wagenknecht \u00fcberhaupt dar\u00fcber nachgedacht,<br>wer bei einem Friedensvertrag dann denselben \u00fcberwacht?<br>Der Putin hat gezeigt, dass er sich nicht an Vertr\u00e4ge h\u00e4lt,<br>denn trotz einem Abkommen, er die Ukraine \u201e\u00fcberf\u00e4llt\u201c.<br><br>Putin hat die territoriale Integrit\u00e4t der Ukraine akzeptiert,<br>nun wird das Territorium der Ukraine von Putin ausradiert.<br>Der russischen Bev\u00f6lkerung der Krieg als notwendig erkl\u00e4rt<br>und die Wahrheit das russische Volk von Putin nie erf\u00e4hrt.<br><br>Wer sichert einen Friedensvertrag, hier meine gro\u00dfe Frage,<br>denn bei Putins \u201eWortbr\u00fcchen\u201c, ich keine Prognose wage?<br>Ihn interessiert nicht das Leid, was er den L\u00e4ndern bringt,<br>wenn er Nicht-Nato-L\u00e4nder in russische Herrschaft zwingt.<br><br>China k\u00f6nnte sich gegen\u00fcber Russland dann pr\u00e4sentieren<br>und die Einhaltung eines Friedensabkommen garantieren.<br>Denn die Nato-Staaten als \u201eFriedens\u00fcberwachungsgarant\u201c,<br>w\u00e4ren f\u00fcr den Putin nicht bindend und somit uninteressant.<br><br>Er will die Weltherrschaft unter den Despoten neu verteilen<br>und weil die L\u00e4nder in die Nato wollen, wird er sich beeilen.<br>Das er sich nicht an den ratifizierten Vertrag von 1994 h\u00e4lt<br>und er droht, dass er weitere Nicht-Nato-L\u00e4nder \u201e\u00fcberf\u00e4llt\u201c.<br><br>Putins Strategie: \u201eScheibchenweise\u201c L\u00e4ndereien stehlen,<br>die \u201e\u00dcberfallenen\u201c werden die russische Herrschaft w\u00e4hlen.<br>Wer sich gegen eine russische Herrschaft dann entscheidet,<br>wird nach Russland deportiert oder dann den Tod erleidet.<br><br>Oder wie im Donbass, so die ukrainischen B\u00fcrger erz\u00e4hlen,<br>denn B\u00fcrger konnten nur die russische Herrschaft w\u00e4hlen.<br>Die Wahl wird dann unter \u201eWaffenaufsicht\u201c durchgef\u00fchrt,<br>denn man will nicht, dass W\u00e4hlern \u201eein Ungl\u00fcck passiert\u201c.<br><br>Russische Friedenstruppen in Transnistrien einmarschieren,<br>denn sie wollen dieses Land besetzen und nicht verlieren.<br>Vor einer geplanten \u201eInvasion\u201c durch die Ukraine sch\u00fctzen<br>und der wahre Grund: Putin will auch dieses Land besitzen.<br><br>Die Ukraine hat sich mit Mut und Strategie noch widersetzt<br>und Putins Armee hat sich mit ihrer Strategien versch\u00e4tzt.<br>Wird mit Russland dann einen Friedensvertrag geschlossen<br>dieses bedingt, dass von Russland wird nicht geschossen.<br><br>\u00a9 Rainer Dambroth \u2013 03.03.2023 &#8211; <strong><a href=\"http:\/\/www.overline-poetry.de\/\">www.overline-poetry.de<\/a><\/strong><\/p>\n","protected":false},"excerpt":{"rendered":"<p>Hat Sahra Wagenknecht \u00fcberhaupt dar\u00fcber nachgedacht,wer bei einem Friedensvertrag dann denselben \u00fcberwacht?Der Putin hat gezeigt, dass er sich nicht an Vertr\u00e4ge h\u00e4lt,denn trotz einem Abkommen, er die Ukraine \u201e\u00fcberf\u00e4llt\u201c. Putin hat die territoriale Integrit\u00e4t der Ukraine akzeptiert,nun wird das Territorium der Ukraine von Putin ausradiert.Der russischen Bev\u00f6lkerung der Krieg als notwendig erkl\u00e4rtund die Wahrheit das [&hellip;]<\/p>\n","protected":false},"author":1,"featured_media":0,"parent":0,"menu_order":0,"comment_status":"closed","ping_status":"closed","template":"","meta":{"footnotes":""},"class_list":["post-900","page","type-page","status-publish","hentry"],"jetpack_sharing_enabled":true,"_links":{"self":[{"href":"https:\/\/overline-poetry.de\/index.php\/wp-json\/wp\/v2\/pages\/900","targetHints":{"allow":["GET"]}}],"collection":[{"href":"https:\/\/overline-poetry.de\/index.php\/wp-json\/wp\/v2\/pages"}],"about":[{"href":"https:\/\/overline-poetry.de\/index.php\/wp-json\/wp\/v2\/types\/page"}],"author":[{"embeddable":true,"href":"https:\/\/overline-poetry.de\/index.php\/wp-json\/wp\/v2\/users\/1"}],"replies":[{"embeddable":true,"href":"https:\/\/overline-poetry.de\/index.php\/wp-json\/wp\/v2\/comments?post=900"}],"version-history":[{"count":1,"href":"https:\/\/overline-poetry.de\/index.php\/wp-json\/wp\/v2\/pages\/900\/revisions"}],"predecessor-version":[{"id":904,"href":"https:\/\/overline-poetry.de\/index.php\/wp-json\/wp\/v2\/pages\/900\/revisions\/904"}],"wp:attachment":[{"href":"https:\/\/overline-poetry.de\/index.php\/wp-json\/wp\/v2\/media?parent=900"}],"curies":[{"name":"wp","href":"https:\/\/api.w.org\/{rel}","templated":true}]}}