
{"id":907,"date":"2023-03-26T04:55:00","date_gmt":"2023-03-26T04:55:00","guid":{"rendered":"https:\/\/overline-poetry.de\/?page_id=907"},"modified":"2025-09-02T04:58:06","modified_gmt":"2025-09-02T04:58:06","slug":"fuer-putin-existiert-die-ukraine-nicht","status":"publish","type":"page","link":"https:\/\/overline-poetry.de\/index.php\/fuer-putin-existiert-die-ukraine-nicht\/","title":{"rendered":"F\u00fcr Putin existiert die Ukraine nicht!"},"content":{"rendered":"\n<p>F\u00fcr den Despoten Putin die Ukraine als Staat nicht existiert,<br>aber warum dann diese Bef\u00fcrchtungen, dass er sie verliert.<br>Warum will er die Ukraine, wenn nicht vorhanden, eliminieren,<br>denn in seiner Wahrnehmung, scheint sie nicht zu existieren?<br><br>Putin ist ein KGB-Mann und ihn nur seine Macht interessiert<br>und egal, mit wie vielen Todesopfern er seine Ziele realisiert.<br>Er sich gerne inszeniert und liebt die gro\u00dfe B\u00fchne der Politik<br>und wenn Politiker ihn \u201ehofieren\u201c, dann schwelgt er im Gl\u00fcck.<br><br>Putin ist ein potentieller L\u00fcgner, f\u00fcr Wahrheiten ein Ignorant<br>und als \u201eMarionettenspieler\u201c in der russischen Politik bekannt.<br>Er zieht die F\u00e4den, mit denen seine Marionetten sich drehen,<br>denn er will bei jedem Spiel, nur Vorteile f\u00fcr sich dann sehen.<br><br>Putin ist sehr selbstverliebt, wird vom Gr\u00f6\u00dfenwahn getrieben<br>und hofft, dass das russische Volk wird sein \u201eHandeln\u201c lieben.<br>\u201eScheibchenweise\u201c Russland auf Stalins Reichsgr\u00f6\u00dfe bringen<br>und L\u00e4nder, die nicht freiwillig wollen, wird er dazu zwingen.<\/p>\n\n\n\n<p>Weil er sich von dem \u201eb\u00f6sen\u201c Westen f\u00fchlt sich sehr bedr\u00e4ngt,<br>darum hat er sich jetzt an die chinesische F\u00fchrung angeh\u00e4ngt.<br>Er \u201eschmiedet\u201c mit China und den anderen Despoten Allianzen,<br>denn er will, dass die Nato-Staaten nach seiner Pfeife tanzen.<br><br>In Den Haag wurde jetzt ein Haftbefehl f\u00fcr Putin ausgestellt<br>und diese Tatsache dem Despoten Putin nat\u00fcrlich nicht gef\u00e4llt.<br>Wenn er in ein anderes demokratisches Land will \u201everreisen\u201c,<br>werden sie ihn dann verhaften und nach Den Haag ausweisen.<br><br>Dmitri Medwedew, Putins Intimus und KGB-Mann, protestiert<br>und droht dem Westen mit Vergeltung, wenn Putin inhaftiert.<br>Wir sollten bei der Androhung aus der Schockstarre erwachen!<br>Nicht alles, was vom Kreml androht, werden sie auch machen.<br><br><strong>\u00a9<\/strong> Rainer Dambroth &#8211; 26.03.2023 &#8211; <strong><a href=\"https:\/\/www.overline-poetry.de\/\">www.overline-poetry.de<\/a><\/strong><\/p>\n\n\n\n<p><\/p>\n","protected":false},"excerpt":{"rendered":"<p>F\u00fcr den Despoten Putin die Ukraine als Staat nicht existiert,aber warum dann diese Bef\u00fcrchtungen, dass er sie verliert.Warum will er die Ukraine, wenn nicht vorhanden, eliminieren,denn in seiner Wahrnehmung, scheint sie nicht zu existieren? Putin ist ein KGB-Mann und ihn nur seine Macht interessiertund egal, mit wie vielen Todesopfern er seine Ziele realisiert.Er sich gerne [&hellip;]<\/p>\n","protected":false},"author":1,"featured_media":0,"parent":0,"menu_order":0,"comment_status":"closed","ping_status":"closed","template":"","meta":{"footnotes":""},"class_list":["post-907","page","type-page","status-publish","hentry"],"jetpack_sharing_enabled":true,"_links":{"self":[{"href":"https:\/\/overline-poetry.de\/index.php\/wp-json\/wp\/v2\/pages\/907","targetHints":{"allow":["GET"]}}],"collection":[{"href":"https:\/\/overline-poetry.de\/index.php\/wp-json\/wp\/v2\/pages"}],"about":[{"href":"https:\/\/overline-poetry.de\/index.php\/wp-json\/wp\/v2\/types\/page"}],"author":[{"embeddable":true,"href":"https:\/\/overline-poetry.de\/index.php\/wp-json\/wp\/v2\/users\/1"}],"replies":[{"embeddable":true,"href":"https:\/\/overline-poetry.de\/index.php\/wp-json\/wp\/v2\/comments?post=907"}],"version-history":[{"count":1,"href":"https:\/\/overline-poetry.de\/index.php\/wp-json\/wp\/v2\/pages\/907\/revisions"}],"predecessor-version":[{"id":911,"href":"https:\/\/overline-poetry.de\/index.php\/wp-json\/wp\/v2\/pages\/907\/revisions\/911"}],"wp:attachment":[{"href":"https:\/\/overline-poetry.de\/index.php\/wp-json\/wp\/v2\/media?parent=907"}],"curies":[{"name":"wp","href":"https:\/\/api.w.org\/{rel}","templated":true}]}}