
{"id":914,"date":"2023-08-16T14:42:00","date_gmt":"2023-08-16T14:42:00","guid":{"rendered":"https:\/\/overline-poetry.de\/?page_id=914"},"modified":"2025-09-02T15:05:57","modified_gmt":"2025-09-02T15:05:57","slug":"macht-sich-die-nato-mit-ihren-forderungen-gegenueber-der-ukraine-unglaubwuerdig","status":"publish","type":"page","link":"https:\/\/overline-poetry.de\/index.php\/macht-sich-die-nato-mit-ihren-forderungen-gegenueber-der-ukraine-unglaubwuerdig\/","title":{"rendered":"Macht sich die Nato mit ihren Forderungen gegen\u00fcber der Ukraine unglaubw\u00fcrdig?"},"content":{"rendered":"\n<p>Von Nato-Stabschef Stian Jenssen bei einem Podium vorgeschlagen,<br>aber mitten im Krieg sind solche kruden Ideen schwer zu ertragen:<br>\u201eDamit die Ukraine kann einen Betritt in den Nato-Verbund erleben,<br>soll die Ukraine vor dem Nato-Eintritt Gebiete an Russland abgeben\u201c.<br>Warum sollte dieses, wo doch ein Gebietsschutzabkommen besteht<br>und wo dann nur der russische Despot Putin so ignorant mit umgeht.<br><br>Warum nicht gleich die komplette Ukraine an Russland \u00fcbertragen,<br>dann braucht die Ukraine nicht mehr einen Nato-Beitritt abzufragen.<br>Warum haben sie all die Hilfen und die Waffen von uns bekommen,<br>wenn letztlich die Ukraine ist in dem Nato-Schutz nicht willkommen.<br>Hat sich Jenssen mit dem russischen Pr\u00e4sidenten Putin \u201everbandelt\u201c,<br>dass er nur zum Nutzen oder schon auf Befehl von Moskau handelt?<br><br>Wenn Despot Putin die Ukraine dann \u201ewunschgem\u00e4\u00df\u201c \u00fcbernommen,<br>dann sieht sich der Despot Putin auch in Belarus schon willkommen.<br>Da der Staat Belarus liegt gef\u00e4hrlich nah an dem Nato-Land Polen,<br>wird Putin verhandeln und Polen als russisches Gebiet dann holen.<br>Der Despot Putin, Russlands Pr\u00e4sident, ein potentieller Nimmersatt,<br>der solange weiter macht, bis er alle Nato-L\u00e4nder vereinnahmt hat.<br><br>Man sollte sich erst um Verhandlungen mit Kompromisse bem\u00fchen,<br>wenn Waffen schweigen und die Angreifer sich zur\u00fcck dann ziehen.<br>Territoriale Integrit\u00e4t der Ukraine wurde mit Russland beschlossen<br>und ohne einen Anlass wird die Ukraine von Russland beschossen.<br>Despot Putin will die \u201efreie\u201c Existenz der Ukraine nicht akzeptieren<br>und zudem nicht, das die Ukraine will mit dem Westen kooperieren.<br><br><strong>\u00a9<\/strong> Rainer Dambroth \u2013 16.08.2023 &#8211; <strong><a href=\"http:\/\/www.overline-poetry.de\/\">www.overline-poetry.de<\/a><\/strong><br><br><em>Stian Jenssen, seit 2017 Nato-Stabschef, hat f\u00fcr Aufregung gesorgt mit Aussagen, die er bei einer Nato-Diskussion in Norwegen machte. Er hat vorgeschlagen, dass die Ukraine Gebiete an Russland abtritt \u2013 im Gegenzug f\u00fcr den Nato-Beitritt.<br>Internetfund<\/em><\/p>\n\n\n\n<p><\/p>\n","protected":false},"excerpt":{"rendered":"<p>Von Nato-Stabschef Stian Jenssen bei einem Podium vorgeschlagen,aber mitten im Krieg sind solche kruden Ideen schwer zu ertragen:\u201eDamit die Ukraine kann einen Betritt in den Nato-Verbund erleben,soll die Ukraine vor dem Nato-Eintritt Gebiete an Russland abgeben\u201c.Warum sollte dieses, wo doch ein Gebietsschutzabkommen bestehtund wo dann nur der russische Despot Putin so ignorant mit umgeht. Warum [&hellip;]<\/p>\n","protected":false},"author":1,"featured_media":0,"parent":0,"menu_order":0,"comment_status":"closed","ping_status":"closed","template":"","meta":{"footnotes":""},"class_list":["post-914","page","type-page","status-publish","hentry"],"jetpack_sharing_enabled":true,"_links":{"self":[{"href":"https:\/\/overline-poetry.de\/index.php\/wp-json\/wp\/v2\/pages\/914","targetHints":{"allow":["GET"]}}],"collection":[{"href":"https:\/\/overline-poetry.de\/index.php\/wp-json\/wp\/v2\/pages"}],"about":[{"href":"https:\/\/overline-poetry.de\/index.php\/wp-json\/wp\/v2\/types\/page"}],"author":[{"embeddable":true,"href":"https:\/\/overline-poetry.de\/index.php\/wp-json\/wp\/v2\/users\/1"}],"replies":[{"embeddable":true,"href":"https:\/\/overline-poetry.de\/index.php\/wp-json\/wp\/v2\/comments?post=914"}],"version-history":[{"count":1,"href":"https:\/\/overline-poetry.de\/index.php\/wp-json\/wp\/v2\/pages\/914\/revisions"}],"predecessor-version":[{"id":918,"href":"https:\/\/overline-poetry.de\/index.php\/wp-json\/wp\/v2\/pages\/914\/revisions\/918"}],"wp:attachment":[{"href":"https:\/\/overline-poetry.de\/index.php\/wp-json\/wp\/v2\/media?parent=914"}],"curies":[{"name":"wp","href":"https:\/\/api.w.org\/{rel}","templated":true}]}}