
{"id":923,"date":"2020-09-24T15:14:00","date_gmt":"2020-09-24T15:14:00","guid":{"rendered":"https:\/\/overline-poetry.de\/?page_id=923"},"modified":"2025-09-02T15:16:51","modified_gmt":"2025-09-02T15:16:51","slug":"alles-wird-laminiert","status":"publish","type":"page","link":"https:\/\/overline-poetry.de\/index.php\/alles-wird-laminiert\/","title":{"rendered":"Alles wird Laminiert"},"content":{"rendered":"\n<p>Wei\u00df denn ein jeder hier, was passiert,<br>wenn ein Gegenstand wird laminiert?<br>Nein! Ich erkl\u00e4re es jetzt ganz genau,<br>dann versteht es sogar auch die Frau.<br><br>Hat jemand studiert oder am studieren,<br>dann kann es mir auch schon passieren,<br>das ich beim erkl\u00e4ren von laminieren,<br>ich die Hoffung dann werde verlieren.<br><br>Zwischen zwei Folien die beschichtet,<br>wird der Gegenstand gerade ausgerichtet.<br>Dann zwischen hei\u00dfe Walzen durchgef\u00fchrt,<br>die Folien mit Inhalt werden so laminiert.<br><br>Der Inhalt wird dauerhaft so gesch\u00fctzt,<br>wenn man \u00f6fter ihn dann auch ben\u00fctzt.<br>Durch Schmutz auch nichts verschmiert,<br>wenn man den Inhalt richtig hat laminiert.<br><br>Auch Leseb\u00fccher und Taschent\u00fccher<br>waren vor dem Laminieren nicht sicher.<br>Laminiert kann man nach dem Benutzen<br>sie einfach dann wieder sauber putzen.<br><br>Servietten eignen sich gut zu lamieren.<br>Laminiert kann dann nichts passieren.<br>Sind auf der Serviette So\u00dfenflecken<br>kann man diese dezent sauber lecken.<br><br>Sogar Fisch kann man so laminieren,<br>damit sich die Ger\u00fcche dann verlieren.<br>Durch die W\u00e4rme das ist wohl klar,<br>wird der Fisch gleich auch noch gar.<br><br>Auch Schnitzel von Huhn und Schwein<br>packt man zwischen die Folien rein.<br>Sie werden so auch gleich vakuumiert,<br>damit sich nicht der Geschmack verliert.<br><br>Wenn Rouladen werden so gegart,<br>wird einem der Bratvorgang erspart.<br>Sie bleiben so l\u00e4nger appetitlich frisch<br>und kommen so auf Teller und Tisch.<br><br>Auch der Boden auf dem wir stehen<br>ist oft mit einem Laminat versehen.<br>Damit kann man gut ihn sch\u00fctzen,<br>wenn man h\u00e4ufig ihn will ben\u00fctzen.<br><br>Wird vorher die Frau ganz laminiert,<br>ist vorgesorgt, dass da nichts passiert.<br>Fr\u00fcher der &#8222;G\u00fcrtel der Keuschheit&#8220;.<br>Heute ist es die laminierte Sicherheit.<br><br>Gehst Du bei Regen gerne spazieren,<br>dann lasse dich komplett laminieren.<br>So bleibst du auch bei Regen trocken <br>und musst nicht nur zu Hause hocken,<br><br><strong>\u00a9<\/strong> Rainer Dambroth &#8211; 24.09.2020 &#8211; &#8211; <strong><a href=\"https:\/\/www.overline-poetry.de\">www.overline-poetry.de<\/a><\/strong><\/p>\n","protected":false},"excerpt":{"rendered":"<p>Wei\u00df denn ein jeder hier, was passiert,wenn ein Gegenstand wird laminiert?Nein! Ich erkl\u00e4re es jetzt ganz genau,dann versteht es sogar auch die Frau. Hat jemand studiert oder am studieren,dann kann es mir auch schon passieren,das ich beim erkl\u00e4ren von laminieren,ich die Hoffung dann werde verlieren. Zwischen zwei Folien die beschichtet,wird der Gegenstand gerade ausgerichtet.Dann zwischen [&hellip;]<\/p>\n","protected":false},"author":1,"featured_media":0,"parent":0,"menu_order":0,"comment_status":"closed","ping_status":"closed","template":"","meta":{"footnotes":""},"class_list":["post-923","page","type-page","status-publish","hentry"],"jetpack_sharing_enabled":true,"_links":{"self":[{"href":"https:\/\/overline-poetry.de\/index.php\/wp-json\/wp\/v2\/pages\/923","targetHints":{"allow":["GET"]}}],"collection":[{"href":"https:\/\/overline-poetry.de\/index.php\/wp-json\/wp\/v2\/pages"}],"about":[{"href":"https:\/\/overline-poetry.de\/index.php\/wp-json\/wp\/v2\/types\/page"}],"author":[{"embeddable":true,"href":"https:\/\/overline-poetry.de\/index.php\/wp-json\/wp\/v2\/users\/1"}],"replies":[{"embeddable":true,"href":"https:\/\/overline-poetry.de\/index.php\/wp-json\/wp\/v2\/comments?post=923"}],"version-history":[{"count":1,"href":"https:\/\/overline-poetry.de\/index.php\/wp-json\/wp\/v2\/pages\/923\/revisions"}],"predecessor-version":[{"id":927,"href":"https:\/\/overline-poetry.de\/index.php\/wp-json\/wp\/v2\/pages\/923\/revisions\/927"}],"wp:attachment":[{"href":"https:\/\/overline-poetry.de\/index.php\/wp-json\/wp\/v2\/media?parent=923"}],"curies":[{"name":"wp","href":"https:\/\/api.w.org\/{rel}","templated":true}]}}