
{"id":938,"date":"2022-12-01T16:23:00","date_gmt":"2022-12-01T16:23:00","guid":{"rendered":"https:\/\/overline-poetry.de\/?page_id=938"},"modified":"2025-09-02T16:26:44","modified_gmt":"2025-09-02T16:26:44","slug":"man-startet-am-start-in-einer-stadt-in-dem-staat","status":"publish","type":"page","link":"https:\/\/overline-poetry.de\/index.php\/man-startet-am-start-in-einer-stadt-in-dem-staat\/","title":{"rendered":"Man startet am Start in einer Stadt in dem Staat."},"content":{"rendered":"\n<p>Der \u201eBierstaat Bayern\u201c ist ein Freistaat in dem deutschen Staat.<br>Im Staat Bayern in dem deutschen Staat ist M\u00fcnchen eine Stadt.<br>Im bayrischen Staat in der Stadt M\u00fcnchen findet die Wiesn statt.<br>Wir starten zu einem Besuch zu der Wiesn in der M\u00fcnchner Stadt.<br><br>Die Stadt Bremen liegt an dem Weserfluss und ist ein Stadtstaat,<br>der eine interessante Geschichte und ber\u00fchmte Denkm\u00e4ler hat.<br>Zu Denkm\u00e4lern in Bremen geh\u00f6ren die Bremer Stadtmusikanten,<br>auch das Rathaus und Bremer Roland geh\u00f6ren zu den Bekannten.<br><br>Die Weser wird in der Stadt Hannoversch M\u00fcnden dann entbunden,<br>wo Werra und Fulda haben sich dann gepaart zusammen gefunden.<br>Der Fluss Werra in dem ehemaligen Oststaat, der DDR, entspringt<br>und das Quellwasser dann zur Stadt Hannoversch M\u00fcnden \u201ebringt\u201c.<br><br>Die Fulda in der Wasserkuppe im hessischen Bundesland entsteht,<br>von der Stadt Fulda weiter zur Stadt Hannoversch M\u00fcnden es geht.<br>Aufgezeigt wird hier, die deutsche Einheit der Staaten Ost und West,<br>dass stellt man durch \u201eFlussvereinigung\u201c von Werra und Fulda fest.<br><br>Die Weser als Oberweser in der Stadt Bremen dann angekommen,<br>am Weserwehr durch Wassersturz in die Unterweser \u00fcbernommen.<br>Weiter die Weser durch die Stadt Bremen nach Bremerhaven flie\u00dft<br>und dann von der Stadt Bremerhaven dann in die Nordsee ergie\u00dft.<br><br>Auch die Stadt Hamburg ist ein Stadtstaat in dem deutschen Staat<br>und wie die Stadt Bremen, ein Bundesland und zugleich eine Stadt.<br>Die Stadt Hamburg wie auch die Stadt Bremen viele Seeh\u00e4fen hat<br>und Fl\u00fcsse wie Elbe und Alster flie\u00dfen durch die Hamburger Stadt.<br><br>Die Elbe in dem Staat Tschechien in dem Riesengebirge entspringt,<br>durch die Stadt Hamburg flie\u00dft und Wasser in die Nordsee bringt. \u201e<br>Schiffe mit Containern und Fracht im Hamburger Elbhafen landen<br>und die Elbe muss vertieft, damit die Riesenschiffe nicht stranden.<br><br>Die \u201eElbphi\u201c und der Hamburger Michel zu den \u201eHighlights\u201c z\u00e4hlt,<br>wenn man eine Reise zu dem Stadtstaat Hamburg hat ausgew\u00e4hlt.<br>Der \u201eHamburger Dom\u201c ist wie die M\u00fcnchner Wiesn ein \u201eRummel\u201c<br>und l\u00e4dt die Bev\u00f6lkerung der Stadt Hamburg zu einem Bummel.<br><br><strong>\u00a9<\/strong> Rainer Dambroth \u2013 01.12.2022 &#8211; <strong><a href=\"https:\/\/www.overline-poetry.de\/\">www.overline-poetry.de<\/a><\/strong><\/p>\n","protected":false},"excerpt":{"rendered":"<p>Der \u201eBierstaat Bayern\u201c ist ein Freistaat in dem deutschen Staat.Im Staat Bayern in dem deutschen Staat ist M\u00fcnchen eine Stadt.Im bayrischen Staat in der Stadt M\u00fcnchen findet die Wiesn statt.Wir starten zu einem Besuch zu der Wiesn in der M\u00fcnchner Stadt. Die Stadt Bremen liegt an dem Weserfluss und ist ein Stadtstaat,der eine interessante Geschichte [&hellip;]<\/p>\n","protected":false},"author":1,"featured_media":0,"parent":0,"menu_order":0,"comment_status":"closed","ping_status":"closed","template":"","meta":{"footnotes":""},"class_list":["post-938","page","type-page","status-publish","hentry"],"jetpack_sharing_enabled":true,"_links":{"self":[{"href":"https:\/\/overline-poetry.de\/index.php\/wp-json\/wp\/v2\/pages\/938","targetHints":{"allow":["GET"]}}],"collection":[{"href":"https:\/\/overline-poetry.de\/index.php\/wp-json\/wp\/v2\/pages"}],"about":[{"href":"https:\/\/overline-poetry.de\/index.php\/wp-json\/wp\/v2\/types\/page"}],"author":[{"embeddable":true,"href":"https:\/\/overline-poetry.de\/index.php\/wp-json\/wp\/v2\/users\/1"}],"replies":[{"embeddable":true,"href":"https:\/\/overline-poetry.de\/index.php\/wp-json\/wp\/v2\/comments?post=938"}],"version-history":[{"count":1,"href":"https:\/\/overline-poetry.de\/index.php\/wp-json\/wp\/v2\/pages\/938\/revisions"}],"predecessor-version":[{"id":942,"href":"https:\/\/overline-poetry.de\/index.php\/wp-json\/wp\/v2\/pages\/938\/revisions\/942"}],"wp:attachment":[{"href":"https:\/\/overline-poetry.de\/index.php\/wp-json\/wp\/v2\/media?parent=938"}],"curies":[{"name":"wp","href":"https:\/\/api.w.org\/{rel}","templated":true}]}}