
{"id":952,"date":"2024-10-13T15:12:00","date_gmt":"2024-10-13T15:12:00","guid":{"rendered":"https:\/\/overline-poetry.de\/?page_id=952"},"modified":"2025-09-05T16:28:50","modified_gmt":"2025-09-05T16:28:50","slug":"wir-sind-das-volk-eine-minderheit-begehrt-auf","status":"publish","type":"page","link":"https:\/\/overline-poetry.de\/index.php\/wir-sind-das-volk-eine-minderheit-begehrt-auf\/","title":{"rendered":"Wir sind das Volk &#8211; Eine Minderheit begehrt auf"},"content":{"rendered":"\n<p>\u201eWir sind das Volk\u201c, so von der Minderheit die skandierten Parolen<br>und reicht uns das \u201eZepter der Macht\u201c, sonst werden wir es holen!<br>Mit nur einem Drittel vom Ganzen, kann man \u201edas Volk\u201c nicht sein<br>und als eine Minderheit stehen diese rechten Demonstranten allein.<br>Zu vergleichen w\u00e4re es mit einem Eisberg, der im Meer dahin treibt,<br>weil der gr\u00f6\u00dfere Teil bei den Demos, f\u00fcr die <strong>AFD<\/strong> \u201eunsichtbar\u201c bleibt.<br><br>Nur weil frustrierte W\u00e4hler in Ostdeutschland haben sich \u201everw\u00e4hlt\u201c,<br>hat die rechtsextreme <strong>AFD<\/strong>, zu viele Stimmen f\u00fcr sich dann gez\u00e4hlt.<br>Die <strong>AFD<\/strong> ist ohne ein schl\u00fcssiges Konzept nur ein \u201eg\u00e4riger Haufen\u201c,<br>wenn wir nicht aufwachen, werden wir wie bei der Titanic \u201eersaufen.<br>Denn die wahren Probleme werden von der <strong>AFD<\/strong> gerne \u201e\u00fcbersehen\u201c,<br>wenn sie dem gr\u00f6\u00dferen Teil des \u201eEisberges\u201c dann gegen\u00fcber stehen.<br><br>Somit die meisten B\u00fcrger in Ostdeutschland doch die <strong>AFD<\/strong> meiden,<br>denn unter dem rechtsradikalen Faschismus wollen sie nicht leiden.<br>Vielleicht haben die B\u00fcrger in den Geschichtsb\u00fcchern nachgelesen,<br>wie es in der deutschen \u201eVogelschiss\u201c-Geschichte war mal gewesen.<br>Wo Hass gegen\u00fcber den Mitmenschen wird bewusst gerichtet ges\u00e4t,<br>da ist f\u00fcr ein politisches Umdenken, f\u00fcr eine Demokratie, nie zu sp\u00e4t.<br><br>Auch die <strong>BSW<\/strong>, Sahra Wagenknecht, hat im Osten Erfolge verbucht,<br>als h\u00e4tten die Menschen in Ostdeutschland nach F\u00fchrung gesucht.<br>Sahra Wagenknecht mit ihren hohlen Plattit\u00fcden will beeindrucken,<br>nur sie will Frieden, aber wird nach russischen Interessen \u201egucken\u201c.<br>Ihr scheint die Freiheit der Menschen in der Ukraine doch v\u00f6llig egal,<br>wenn sie m\u00fcssen durchleiden unter russischer Herrschaft eine Qual.<br><br>Sahra Wagenknecht ist vom Sozialismus in der DDR sehr gepr\u00e4gt,<br>deswegen sie an den Grundfesten unserer Demokratie heute s\u00e4gt.<br>Alle konkurrierenden Parteien sie mit hohlen Spr\u00fcchen diskreditiert.<br>Leute wacht auf und h\u00f6rt hin, wenn von ihr die Probleme diskutiert! <br>Auch das von ihr gegr\u00fcndete B\u00fcndnis nur auf ihre Person bezogen,<br>so h\u00e4lt sie es in ihrer Hand, wenn \u00fcber den Ukraine-Frieden gelogen.<br><br><strong>\u00a9 Rainer Dambroth &#8211; 13.10.2024 &#8211; <a href=\"http:\/\/www.overline-poetry.de\/\">www.overline-poetry.de<\/a><br><\/strong><br>Plattit\u00fcden = nichts sagende, abgedroschene Redewendungen<br><br><em>Man darf nicht warten, bis aus dem Schneeball eine Lawine geworden ist. Man muss den rollenden Schneeball zertreten. Die Lawine h\u00e4lt keiner mehr auf.<\/em><br><em>Erich K\u00e4stner<\/em><\/p>\n","protected":false},"excerpt":{"rendered":"<p>\u201eWir sind das Volk\u201c, so von der Minderheit die skandierten Parolenund reicht uns das \u201eZepter der Macht\u201c, sonst werden wir es holen!Mit nur einem Drittel vom Ganzen, kann man \u201edas Volk\u201c nicht seinund als eine Minderheit stehen diese rechten Demonstranten allein.Zu vergleichen w\u00e4re es mit einem Eisberg, der im Meer dahin treibt,weil der gr\u00f6\u00dfere Teil [&hellip;]<\/p>\n","protected":false},"author":1,"featured_media":0,"parent":0,"menu_order":0,"comment_status":"closed","ping_status":"closed","template":"","meta":{"footnotes":""},"class_list":["post-952","page","type-page","status-publish","hentry"],"jetpack_sharing_enabled":true,"_links":{"self":[{"href":"https:\/\/overline-poetry.de\/index.php\/wp-json\/wp\/v2\/pages\/952","targetHints":{"allow":["GET"]}}],"collection":[{"href":"https:\/\/overline-poetry.de\/index.php\/wp-json\/wp\/v2\/pages"}],"about":[{"href":"https:\/\/overline-poetry.de\/index.php\/wp-json\/wp\/v2\/types\/page"}],"author":[{"embeddable":true,"href":"https:\/\/overline-poetry.de\/index.php\/wp-json\/wp\/v2\/users\/1"}],"replies":[{"embeddable":true,"href":"https:\/\/overline-poetry.de\/index.php\/wp-json\/wp\/v2\/comments?post=952"}],"version-history":[{"count":1,"href":"https:\/\/overline-poetry.de\/index.php\/wp-json\/wp\/v2\/pages\/952\/revisions"}],"predecessor-version":[{"id":956,"href":"https:\/\/overline-poetry.de\/index.php\/wp-json\/wp\/v2\/pages\/952\/revisions\/956"}],"wp:attachment":[{"href":"https:\/\/overline-poetry.de\/index.php\/wp-json\/wp\/v2\/media?parent=952"}],"curies":[{"name":"wp","href":"https:\/\/api.w.org\/{rel}","templated":true}]}}