
{"id":960,"date":"2014-12-21T06:36:00","date_gmt":"2014-12-21T06:36:00","guid":{"rendered":"https:\/\/overline-poetry.de\/?page_id=960"},"modified":"2025-09-04T06:40:47","modified_gmt":"2025-09-04T06:40:47","slug":"die-verlorenen-winter","status":"publish","type":"page","link":"https:\/\/overline-poetry.de\/index.php\/die-verlorenen-winter\/","title":{"rendered":"Die verlorenen Winter"},"content":{"rendered":"\n<p>Fr\u00fcher sind wir mit unseren Schlitten,<br>auf dem wei\u00dfen Schnee dahin geglitten.<br>Und auch auf dem tief gefrorenen Eise,<br>zogen mit Schlittschuhen unsere Kreise.<br>Liebe Kinder, was haben wir es genossen,<br>als wir mit Schneeb\u00e4llen uns beschossen.<br><br>Heute, wenn man es dann so erz\u00e4hlt,<br>der Kinder Winterfreude damit qu\u00e4lt.<br>Denn die Winter werden statt kalt und rau,<br>regennass und wie schon im Fr\u00fchling lau.<br>Die Pflanzen beginnen wieder zu sprie\u00dfen<br>und die Krokusse aus der Erde schie\u00dfen.<br><br>Mensch, was ist passiert mit unserer Welt?<br>Z\u00e4hlen nur noch der Profit und das Geld?<br>Eisberge schmelzen und es steigt die Flut.<br>Die Sonne verst\u00e4rkt ihre w\u00e4rmende Glut.<br>Die Jahreszeiten haben sich aufgegeben,<br>die Tiere des Eises k\u00e4mpfen um ihr Leben.<\/p>\n\n\n\n<p>Ich w\u00fcnsche den Menschen wieder Verstand,<br>das Klima zu retten mit gemeinsamer Hand.<br>Die Menschen gemeinsam und ohne Leid,<br>statt in Kriegen zu k\u00e4mpfen, wieder die Zeit.<br>Zeit, die den Kindern dieser Erde geh\u00f6rt.<br>Nehmt euch die Zeit, bevor ihr weiter zerst\u00f6rt.<\/p>\n\n\n\n<p>Jagd die Menschen fort, die nur eins im Sinn,<br>uns auszubeuten und wo nur z\u00e4hlt der Gewinn.<br>Ich m\u00f6chte in Frieden leben in unserer Welt,<br>wo noch das Miteinander und die Vernunft z\u00e4hlt.<br>Wo der Klimaschutz stets scheint zu verrinnen,<br>lasst uns gemeinsam gegen die Zeit gewinnen.<br><br>\u00a9 Rainer Dambroth &#8211; 21.12.2014 &#8211; <strong><a href=\"https:\/\/www.overline-poetry.de\">www.overline-poetry.de<\/a><\/strong><\/p>\n","protected":false},"excerpt":{"rendered":"<p>Fr\u00fcher sind wir mit unseren Schlitten,auf dem wei\u00dfen Schnee dahin geglitten.Und auch auf dem tief gefrorenen Eise,zogen mit Schlittschuhen unsere Kreise.Liebe Kinder, was haben wir es genossen,als wir mit Schneeb\u00e4llen uns beschossen. Heute, wenn man es dann so erz\u00e4hlt,der Kinder Winterfreude damit qu\u00e4lt.Denn die Winter werden statt kalt und rau,regennass und wie schon im Fr\u00fchling [&hellip;]<\/p>\n","protected":false},"author":1,"featured_media":0,"parent":0,"menu_order":0,"comment_status":"closed","ping_status":"closed","template":"","meta":{"footnotes":""},"class_list":["post-960","page","type-page","status-publish","hentry"],"jetpack_sharing_enabled":true,"_links":{"self":[{"href":"https:\/\/overline-poetry.de\/index.php\/wp-json\/wp\/v2\/pages\/960","targetHints":{"allow":["GET"]}}],"collection":[{"href":"https:\/\/overline-poetry.de\/index.php\/wp-json\/wp\/v2\/pages"}],"about":[{"href":"https:\/\/overline-poetry.de\/index.php\/wp-json\/wp\/v2\/types\/page"}],"author":[{"embeddable":true,"href":"https:\/\/overline-poetry.de\/index.php\/wp-json\/wp\/v2\/users\/1"}],"replies":[{"embeddable":true,"href":"https:\/\/overline-poetry.de\/index.php\/wp-json\/wp\/v2\/comments?post=960"}],"version-history":[{"count":1,"href":"https:\/\/overline-poetry.de\/index.php\/wp-json\/wp\/v2\/pages\/960\/revisions"}],"predecessor-version":[{"id":964,"href":"https:\/\/overline-poetry.de\/index.php\/wp-json\/wp\/v2\/pages\/960\/revisions\/964"}],"wp:attachment":[{"href":"https:\/\/overline-poetry.de\/index.php\/wp-json\/wp\/v2\/media?parent=960"}],"curies":[{"name":"wp","href":"https:\/\/api.w.org\/{rel}","templated":true}]}}