
{"id":967,"date":"2022-01-30T16:57:00","date_gmt":"2022-01-30T16:57:00","guid":{"rendered":"https:\/\/overline-poetry.de\/?page_id=967"},"modified":"2025-09-05T17:14:46","modified_gmt":"2025-09-05T17:14:46","slug":"vermessung","status":"publish","type":"page","link":"https:\/\/overline-poetry.de\/index.php\/vermessung\/","title":{"rendered":"Vermessung"},"content":{"rendered":"\n<p>Das Wort <strong>Vermessung<\/strong> ist doch negativ besetzt,<br>als h\u00e4tte man beim <strong>Messen<\/strong> die Werte gesch\u00e4tzt?<br>Jedes Mal, wenn ich ein Schild <strong>Vermessung<\/strong> sehe,<br>ich nicht den Grund f\u00fcr das <strong>Vermessen<\/strong> verstehe.<br><br>\u201e<strong>Vermessung<\/strong>\u201c, ein L\u00e4cheln \u00fcbers Gesicht huscht,<br>wurde da wieder beim <strong>Messen<\/strong> zu sehr gepfuscht.<br>\u201eGanz genau, gerade gut genug\u201c, hei\u00dft das Motto,<br>denn <strong>Messen<\/strong> ist kein Gl\u00fccksspiel, wie beim Lotto.<br><br>Stellt man bei einer <strong>Messung<\/strong> ein <strong>Vermessen<\/strong> fest,<br>man doch die Messung dann gleich bleiben l\u00e4sst.<br>Alles in Deutschland wird genaustens <strong>vermessen<\/strong>,<br>denn Ungenauigkeiten kann man gleich vergessen.<br><br>Wird ein Geb\u00e4ude <strong>vermessen<\/strong>, dann man unbestellt,<br>vom Katasteramt daf\u00fcr sofort eine Rechnung erh\u00e4lt.<br>Beim Lageplan, der zum Bebauen wird eingereicht,<br>wird dann <strong>vermessen<\/strong>, ob er vom Objekt abweicht.<br><br>Ist es ist zu kurz, dann habe ich mich <strong>vermessen<\/strong><br>und das Teil kann man f\u00fcr den Einsatz vergessen.<br>Ein ganz genaues <strong>Messen<\/strong> beim <strong>Ausmessen<\/strong> z\u00e4hlt<br>und das die richtige Ma\u00dfeinheit wurde ausgew\u00e4hlt.<br><br>Wenn man sich beim <strong>Messen<\/strong> in der L\u00e4nge versieht<br>und weil man den Knick in dem Ma\u00dfband \u00fcbersieht.<br>Wer kennt nicht den Ausspruch, den ich hier zitiere:<br>\u201eDreimal abgeschnitten, zu kurz\u201c, wobei ich verliere.<br><br>Nur um mich zu <strong>vermessen<\/strong>, muss ich nicht <strong>messen<\/strong>,<br>dann kann ich die <strong>Messung<\/strong> besser gleich vergessen.<br>Das richtige <strong>messen<\/strong> verlangt eine Messgenauigkeit<br>und zum richtigen <strong>messen<\/strong>, da braucht es seine Zeit.<br><br>Die <strong>Vermessungseinheit<\/strong> wurde zuvor genau geeicht,<br>damit es nicht von der geeichten Eicheinheit abweicht.<br>Auch bei einer Eichung der <strong>Vermessungseinheit<\/strong> z\u00e4hlt,<br>dass man die richtige Eicheinheit hat auch ausgew\u00e4hlt.<strong><br><br><\/strong>Ich hoffe, in der Zukunft wird alles richtig <strong>gemessen<\/strong><br>und nicht zu viel beim <strong>Vermessen<\/strong> wurde <strong>vermessen<\/strong>.<br>Bei uns ist die <strong>Vermessung<\/strong> geregelt und festgelegt,<br>dass sich nichts zu sehr au\u00dferhalb der Norm bewegt.<br><br><strong>\u00a9<\/strong> Rainer Dambroth &#8211; 30.01.2022 &#8211; <strong><a href=\"https:\/\/www.overline-poetry.de\/\">www.overline-poetry.de<\/a><\/strong><\/p>\n\n\n\n<p><\/p>\n","protected":false},"excerpt":{"rendered":"<p>Das Wort Vermessung ist doch negativ besetzt,als h\u00e4tte man beim Messen die Werte gesch\u00e4tzt?Jedes Mal, wenn ich ein Schild Vermessung sehe,ich nicht den Grund f\u00fcr das Vermessen verstehe. \u201eVermessung\u201c, ein L\u00e4cheln \u00fcbers Gesicht huscht,wurde da wieder beim Messen zu sehr gepfuscht.\u201eGanz genau, gerade gut genug\u201c, hei\u00dft das Motto,denn Messen ist kein Gl\u00fccksspiel, wie beim Lotto. [&hellip;]<\/p>\n","protected":false},"author":1,"featured_media":0,"parent":0,"menu_order":0,"comment_status":"closed","ping_status":"closed","template":"","meta":{"footnotes":""},"class_list":["post-967","page","type-page","status-publish","hentry"],"jetpack_sharing_enabled":true,"_links":{"self":[{"href":"https:\/\/overline-poetry.de\/index.php\/wp-json\/wp\/v2\/pages\/967","targetHints":{"allow":["GET"]}}],"collection":[{"href":"https:\/\/overline-poetry.de\/index.php\/wp-json\/wp\/v2\/pages"}],"about":[{"href":"https:\/\/overline-poetry.de\/index.php\/wp-json\/wp\/v2\/types\/page"}],"author":[{"embeddable":true,"href":"https:\/\/overline-poetry.de\/index.php\/wp-json\/wp\/v2\/users\/1"}],"replies":[{"embeddable":true,"href":"https:\/\/overline-poetry.de\/index.php\/wp-json\/wp\/v2\/comments?post=967"}],"version-history":[{"count":2,"href":"https:\/\/overline-poetry.de\/index.php\/wp-json\/wp\/v2\/pages\/967\/revisions"}],"predecessor-version":[{"id":974,"href":"https:\/\/overline-poetry.de\/index.php\/wp-json\/wp\/v2\/pages\/967\/revisions\/974"}],"wp:attachment":[{"href":"https:\/\/overline-poetry.de\/index.php\/wp-json\/wp\/v2\/media?parent=967"}],"curies":[{"name":"wp","href":"https:\/\/api.w.org\/{rel}","templated":true}]}}