
{"id":97,"date":"2025-01-05T08:41:03","date_gmt":"2025-01-05T08:41:03","guid":{"rendered":"https:\/\/overline-poetry.de\/?page_id=97"},"modified":"2025-01-16T09:48:02","modified_gmt":"2025-01-16T09:48:02","slug":"carsten-linnemann-cdu-fordert-ein-register-fuer-physisch-erkrankte","status":"publish","type":"page","link":"https:\/\/overline-poetry.de\/index.php\/carsten-linnemann-cdu-fordert-ein-register-fuer-physisch-erkrankte\/","title":{"rendered":"Carsten Linnemann, CDU, fordert ein Register f\u00fcr psychisch Erkrankte"},"content":{"rendered":"\n<p>Hier gro\u00dfe Vorsicht geboten, denn so etwas hatten wir schon mal.<br>Da wurden Menschen \u201egebrandmarkt\u201c und die hatten keine Wahl.<br>Ab wann wird ein psychisch Erkrankter f\u00fcr sein Umfeld \u201egef\u00e4hrlich\u201c?<br>Mit solch einem Anliegen \u201evorzupreschen\u201c, das ist doch entbehrlich!<br><br>Be\u00e4ngstigend, wenn konservative Parteien solche Gedanken pflegen<br>und sie mit \u201ewirren Gedanken\u201c sich mit der <strong>AFD<\/strong> auf eine Linie legen.<br>Wie ist dieser Gedankengang von<strong> Carsten Linnemann<\/strong> zu verstehen:<br>Psychisch Erkrankte will man in der \u00d6ffentlichkeit nicht mehr sehen?<br><br>Die B\u00fcrger m\u00fcssen zweij\u00e4hrig beim T\u00dcV den Psychotest absolvieren.<br>Wenn nicht bestanden, wird man sie dann sichtbar \u201estigmatisieren\u201c.<br>Das T\u00dcV-Siegel \u201ephysisch nicht gesund\u201c geklebt dann auf die Stirn,<br>so etwas passiert, wenn von Politikern nicht genutzt, das eigene Hirn.<br><br>Bevor der Mund mit solchen plakativen Aussagen wird aufgemacht.<br>sollte man \u00fcber die m\u00f6glichen Konsequenzen dann zu Ende gedacht<br>Hier wird das typisches Schubladendenken von der <strong>CDU<\/strong> pr\u00e4sentiert<br>und auch \u201eRechtspopulismus pur\u201c bis zu der n\u00e4chsten Wahl forciert.<br><br>Nicht nur Messer und sonstige Waffen in der \u00d6ffentlichkeit verboten,<br>auch psychisch Erkrankte gebrandmarkt als <strong>\u201egef\u00e4hrdende Idioten\u201c<\/strong>?<br>Wer als Privatperson eine Stich- oder eine Schusswaffe bei sich tr\u00e4gt,<br>den Vorsatz &#8222;eine verhasste Personen zu verletzen\u201c doch in sich hegt.<br><br>Diese \u201eBewaffnung\u201c mit Stichwaffen zeitlich dann zu reglementieren,<br>zeigt auf, dass unser Staat mit seinen Autorit\u00e4ten scheint zu verlieren.<br>Stichwaffen haben nichts zu suchen, in allen \u00f6ffentlichen Bereichen,<br>denn sie dienen wohl nicht dazu, um &#8222;Butter aufs Brot zu streichen&#8220;.<br><br>Wo fangen wir mit dem Erfassen psychisch erkrankter Personen an?<br>\u201eNur Ausl\u00e4nder oder auch Inl\u00e4nder?\u201c, Frage an <strong>Carsten Linnemann<\/strong>.<br>Wir sollten \u201e\u00f6ffentliche Pl\u00e4tze\u201c sichern, aber nicht paranoid werden,<br>denn eine 100 Prozentige Sicherheit gibt es nirgends hier auf Erden!<br><br><strong>\u00a9 Raine:r Dambroth &#8211; 05.01.2025 &#8211; <a href=\"http:\/\/www.overline-poetry.de\/\">www.overline-poetry.de<\/a><\/strong><\/p>\n","protected":false},"excerpt":{"rendered":"<p>Hier gro\u00dfe Vorsicht geboten, denn so etwas hatten wir schon mal.Da wurden Menschen \u201egebrandmarkt\u201c und die hatten keine Wahl.Ab wann wird ein psychisch Erkrankter f\u00fcr sein Umfeld \u201egef\u00e4hrlich\u201c?Mit solch einem Anliegen \u201evorzupreschen\u201c, das ist doch entbehrlich! Be\u00e4ngstigend, wenn konservative Parteien solche Gedanken pflegenund sie mit \u201ewirren Gedanken\u201c sich mit der AFD auf eine Linie legen.Wie [&hellip;]<\/p>\n","protected":false},"author":1,"featured_media":0,"parent":0,"menu_order":0,"comment_status":"closed","ping_status":"closed","template":"","meta":{"footnotes":""},"class_list":["post-97","page","type-page","status-publish","hentry"],"jetpack_sharing_enabled":true,"_links":{"self":[{"href":"https:\/\/overline-poetry.de\/index.php\/wp-json\/wp\/v2\/pages\/97","targetHints":{"allow":["GET"]}}],"collection":[{"href":"https:\/\/overline-poetry.de\/index.php\/wp-json\/wp\/v2\/pages"}],"about":[{"href":"https:\/\/overline-poetry.de\/index.php\/wp-json\/wp\/v2\/types\/page"}],"author":[{"embeddable":true,"href":"https:\/\/overline-poetry.de\/index.php\/wp-json\/wp\/v2\/users\/1"}],"replies":[{"embeddable":true,"href":"https:\/\/overline-poetry.de\/index.php\/wp-json\/wp\/v2\/comments?post=97"}],"version-history":[{"count":2,"href":"https:\/\/overline-poetry.de\/index.php\/wp-json\/wp\/v2\/pages\/97\/revisions"}],"predecessor-version":[{"id":102,"href":"https:\/\/overline-poetry.de\/index.php\/wp-json\/wp\/v2\/pages\/97\/revisions\/102"}],"wp:attachment":[{"href":"https:\/\/overline-poetry.de\/index.php\/wp-json\/wp\/v2\/media?parent=97"}],"curies":[{"name":"wp","href":"https:\/\/api.w.org\/{rel}","templated":true}]}}