
{"id":976,"date":"2025-08-24T17:18:00","date_gmt":"2025-08-24T17:18:00","guid":{"rendered":"https:\/\/overline-poetry.de\/?page_id=976"},"modified":"2025-09-05T17:20:15","modified_gmt":"2025-09-05T17:20:15","slug":"brauchen-wir-die-vielen-hinterbaenkler-im-bundestag","status":"publish","type":"page","link":"https:\/\/overline-poetry.de\/index.php\/brauchen-wir-die-vielen-hinterbaenkler-im-bundestag\/","title":{"rendered":"Brauchen wir die vielen Hinterb\u00e4nkler im Bundestag"},"content":{"rendered":"\n<p>Viele <strong>Hinterb\u00e4nkler<\/strong> sitzen Zeit im Bundestag ab, ohne mitzulenken,<br>da die aktiv Regierenden sich nur auf wenige Personen beschr\u00e4nken.<br>Hier die <strong>Hinterb\u00e4nkler<\/strong> die Strukturen der <strong>Parteigranden<\/strong> nur st\u00f6ren,<br>denn ihre Fragen und Ideen, wollen die <strong>Parteigranden<\/strong> nicht h\u00f6ren.<br><br>Nur bei Abstimmungen, ist die \u201eStimme\u201c der <strong>Hinterb\u00e4nkler<\/strong> wichtig,<br>sie sorgen, dass die f\u00fcr die ben\u00f6tigte Mehrheit, wird gew\u00e4hlt richtig.<br>Bei Fraktionszwang wird das W\u00e4hlen von den <strong>Parteigranden<\/strong> diktiert,<br>so dass man bei Abstimmungen nicht die gewollte Richtung verliert.<br><br><strong>Hinterb\u00e4nkler<\/strong> wurden aufgestellt, haben gewonnen ihren Wahlkreis,<br>denn der W\u00e4hler, bei unbekannten Personen, es nicht besser wei\u00df.<br>Sie haben mit Plakaten die W\u00e4hler \u00fcberzeugt, weniger durch Taten<br>und sie wollen beweisen, dass die W\u00e4hler nur mit ihnen gut beraten.<br><br>Von einem <strong>Hinterb\u00e4nkler<\/strong> darf man keine gro\u00dfen Wunder erhoffen,<br>denn von dem Versprochenen der <strong>Hinterb\u00e4nkler<\/strong>, bleibt vieles offen.<br>Im Wahlkreis wird von den Erfolgen der gew\u00e4hlten Person berichtet,<br>aber vieles in ihrem Sinne gesch\u00f6nt und vieles noch hinzu gedichtet.<br><br>Ich vermisse politisch, die Repr\u00e4sentanz aller Bev\u00f6lkerungsschichten,<br>aber vertreten sind leider doch zu viele Juristen, so ist zu berichten.<br>Sie tragen, wie beim Gerichtstermin vor, ihre &#8222;geschwollenen Reden&#8220;,<br>denn das wurde studiert und praktiziert, als Verteidigung von Jeden.<br><br>Fr\u00fcher konnte man noch Verantwortung bei den Politikern erkennen,<br>heute nur noch das Machtstreben, als einzigen Anreiz, zu benennen.<br>Ist man im Machtzentrum, dem Bundestag in Berlin, angekommen,<br>wird alles, was man bekommen kann, ohne Skrupel mitgenommen.<br><br><strong>\u00a9 Rainer Dambroth \u2013 24.08.2025 \u2013 www.overline-poetry.de<\/strong><br><br><em><strong>Hinterb\u00e4nkler<\/strong><br>unbeachtet bleiben \u00b7 ein Nischendasein f\u00fchren \u00b7 ein Schattendasein f\u00fchren\u2026 \u00b7 in den hinteren Reihen \u00b7 (da hinten) auf den billigen Pl\u00e4tzen (ugs.) <br>OpenThesaurus<\/em><br><br><em><strong>Parteigranden<\/strong><br>Der Begriff &#8222;Parteigranden&#8220; bezieht sich auf die f\u00fchrenden, einflussreichen und oft altgedienten Mitglieder einer politischen Partei, die ma\u00dfgeblichen Einfluss auf deren Politik, Entscheidungen und Ausrichtung aus\u00fcben. Diese Personen bekleiden oft hohe \u00c4mter innerhalb der Partei oder in staatlichen Institutionen und pr\u00e4gen so die politische Willensbildung mit<\/em>.<br><em>Internetfund KI<\/em><br><\/p>\n","protected":false},"excerpt":{"rendered":"<p>Viele Hinterb\u00e4nkler sitzen Zeit im Bundestag ab, ohne mitzulenken,da die aktiv Regierenden sich nur auf wenige Personen beschr\u00e4nken.Hier die Hinterb\u00e4nkler die Strukturen der Parteigranden nur st\u00f6ren,denn ihre Fragen und Ideen, wollen die Parteigranden nicht h\u00f6ren. Nur bei Abstimmungen, ist die \u201eStimme\u201c der Hinterb\u00e4nkler wichtig,sie sorgen, dass die f\u00fcr die ben\u00f6tigte Mehrheit, wird gew\u00e4hlt richtig.Bei Fraktionszwang [&hellip;]<\/p>\n","protected":false},"author":1,"featured_media":0,"parent":0,"menu_order":0,"comment_status":"closed","ping_status":"closed","template":"","meta":{"footnotes":""},"class_list":["post-976","page","type-page","status-publish","hentry"],"jetpack_sharing_enabled":true,"_links":{"self":[{"href":"https:\/\/overline-poetry.de\/index.php\/wp-json\/wp\/v2\/pages\/976","targetHints":{"allow":["GET"]}}],"collection":[{"href":"https:\/\/overline-poetry.de\/index.php\/wp-json\/wp\/v2\/pages"}],"about":[{"href":"https:\/\/overline-poetry.de\/index.php\/wp-json\/wp\/v2\/types\/page"}],"author":[{"embeddable":true,"href":"https:\/\/overline-poetry.de\/index.php\/wp-json\/wp\/v2\/users\/1"}],"replies":[{"embeddable":true,"href":"https:\/\/overline-poetry.de\/index.php\/wp-json\/wp\/v2\/comments?post=976"}],"version-history":[{"count":1,"href":"https:\/\/overline-poetry.de\/index.php\/wp-json\/wp\/v2\/pages\/976\/revisions"}],"predecessor-version":[{"id":980,"href":"https:\/\/overline-poetry.de\/index.php\/wp-json\/wp\/v2\/pages\/976\/revisions\/980"}],"wp:attachment":[{"href":"https:\/\/overline-poetry.de\/index.php\/wp-json\/wp\/v2\/media?parent=976"}],"curies":[{"name":"wp","href":"https:\/\/api.w.org\/{rel}","templated":true}]}}