
{"id":986,"date":"2022-03-10T06:25:00","date_gmt":"2022-03-10T06:25:00","guid":{"rendered":"https:\/\/overline-poetry.de\/?page_id=986"},"modified":"2025-09-06T06:30:19","modified_gmt":"2025-09-06T06:30:19","slug":"altkanzler-schroeder-mission-impossible","status":"publish","type":"page","link":"https:\/\/overline-poetry.de\/index.php\/altkanzler-schroeder-mission-impossible\/","title":{"rendered":"Altkanzler Schr\u00f6der \u201eMission Impossible\u201c?!"},"content":{"rendered":"\n<p>Was glaubt der Altkanzler Schr\u00f6der bei seinem Freund Putin noch zu erreichen?<br>Glaubt er, der Despot Putin lie\u00dfe sich mit menschlicher Logik noch erweichen?<br>Oder will er sich sein \u201eJahresgehalt\u201c in Bar bei seinem Freund Putin abholen?<br>Hat er Angst, dass Geld wird von der EU beschlagnahmt und somit gestohlen?<br><br>Viele Fragen bleiben bei seinem geheimen Treffen mit Putin f\u00fcr uns doch offen.<br>Vielleicht kann er in dem Ukrainekonflikt vermitteln und l\u00e4sst uns damit hoffen.<br>Aber der Despot Putin hat mit seinen Marschbefehl eine zu dicke Lippe riskiert.<br>\u201eBl\u00e4st\u201c er jetzt zum R\u00fcckzug, er seine Autorit\u00e4t und damit auch Macht verliert.<br><br>Der Despot Putin hat sich den Angriffskrieg in die Ukraine in den Kopf gesetzt<br>und er hat sich mit dem zu starken Widerstand der Ukrainer doch versch\u00e4tzt.<br>Die Nato ist ein westliches Friedensb\u00fcndnis und die wollen doch keinen Krieg<br>und k\u00f6nnen es nicht verstehen, warum will Putin unbedingt den Ukraine Sieg<br><br>Putin will die Ukraine nach \u00dcbernahme mit prorussischer F\u00fchrung besetzen,<br>aber er scheint den starken Widerstand der Ukrainer sehr zu untersch\u00e4tzen.<br>Die Ukrainer lassen sich nicht ihren Stolz nehmen und ihren Willen brechen,<br>denn sie wollen die Freiheit und das wird sich f\u00fcr den Despoten Putin r\u00e4chen.<br><br>Der noch unabh\u00e4ngige Staat Ukraine ist mit 44 Millionen B\u00fcrgern angegeben<br>und die wollen unabh\u00e4ngig bleiben, selbst bestimmend und in Frieden leben.<br>Despot Putin will, wenn keine Kapitulation, die Ukraine komplett ausradieren<br>und die ukrainischen B\u00fcrger werden bei diesem Angriffskrieg alles verlieren.<br><br>Putin prorussische Vasallen eilen herbei, um ihren \u201eF\u00fchrer\u201c zu unterst\u00fctzen,<br>daf\u00fcr werden er seine Kriegsmaschinerie dann zu ihrem Machterhalt ben\u00fctzen.<br>Sie scharen sich wie Schafe um ihren Hirten, um ihren \u201eF\u00fchrer\u201c zu imponieren.<br>Die Vasallen f\u00fcr ihren \u201eF\u00fchrer\u201c brutal das Leben ihrer Landesb\u00fcrger riskieren.<br><br>Die Fl\u00fcchtlinge d\u00fcrfen noch die St\u00e4dte, wenn m\u00f6glich, noch lebend verlassen,<br>f\u00fcr diese unsinnige Vertreibung werden sie Putin den Rest ihres Lebens hassen.<br>Danach l\u00e4sst Putin die St\u00e4dte der Ukraine in \u201eSchutt und Asche\u201c bombardieren,<br>er will die Ukraine von seiner Karte streichen und als Volk ihre W\u00fcrde verlieren.<br><br><strong>\u00a9<\/strong> Rainer Dambroth &#8211; 10.03.2022 &#8211; <strong><a href=\"https:\/\/www.overline-poetry.de\/\">www.overline-poetry.de<\/a><\/strong><\/p>\n","protected":false},"excerpt":{"rendered":"<p>Was glaubt der Altkanzler Schr\u00f6der bei seinem Freund Putin noch zu erreichen?Glaubt er, der Despot Putin lie\u00dfe sich mit menschlicher Logik noch erweichen?Oder will er sich sein \u201eJahresgehalt\u201c in Bar bei seinem Freund Putin abholen?Hat er Angst, dass Geld wird von der EU beschlagnahmt und somit gestohlen? Viele Fragen bleiben bei seinem geheimen Treffen mit [&hellip;]<\/p>\n","protected":false},"author":1,"featured_media":0,"parent":0,"menu_order":0,"comment_status":"closed","ping_status":"closed","template":"","meta":{"footnotes":""},"class_list":["post-986","page","type-page","status-publish","hentry"],"jetpack_sharing_enabled":true,"_links":{"self":[{"href":"https:\/\/overline-poetry.de\/index.php\/wp-json\/wp\/v2\/pages\/986","targetHints":{"allow":["GET"]}}],"collection":[{"href":"https:\/\/overline-poetry.de\/index.php\/wp-json\/wp\/v2\/pages"}],"about":[{"href":"https:\/\/overline-poetry.de\/index.php\/wp-json\/wp\/v2\/types\/page"}],"author":[{"embeddable":true,"href":"https:\/\/overline-poetry.de\/index.php\/wp-json\/wp\/v2\/users\/1"}],"replies":[{"embeddable":true,"href":"https:\/\/overline-poetry.de\/index.php\/wp-json\/wp\/v2\/comments?post=986"}],"version-history":[{"count":1,"href":"https:\/\/overline-poetry.de\/index.php\/wp-json\/wp\/v2\/pages\/986\/revisions"}],"predecessor-version":[{"id":990,"href":"https:\/\/overline-poetry.de\/index.php\/wp-json\/wp\/v2\/pages\/986\/revisions\/990"}],"wp:attachment":[{"href":"https:\/\/overline-poetry.de\/index.php\/wp-json\/wp\/v2\/media?parent=986"}],"curies":[{"name":"wp","href":"https:\/\/api.w.org\/{rel}","templated":true}]}}